{"id":8,"date":"2016-02-04T18:27:43","date_gmt":"2016-02-04T17:27:43","guid":{"rendered":"http:\/\/wifi-refuge.org\/de\/?page_id=8"},"modified":"2021-05-29T11:49:46","modified_gmt":"2021-05-29T10:49:46","slug":"ehs","status":"publish","type":"page","link":"https:\/\/wifi-refuge.org\/de\/ehs\/","title":{"rendered":"Elektrosensibilit\u00e4t (EHS)"},"content":{"rendered":"<p>Die Abk\u00fcrzung EHS (Electromagnetic-Hypersensitivity) kann mit Elektrosensibilit\u00e4t bzw. Elektrohypersensibilit\u00e4t \u00fcbersetzt werden. Eine andere Bezeichnung, die aber das Gleiche beschreibt, ist &#8222;Mikrowellen-Syndrom&#8220;. Elektrosensibilit\u00e4t kann man mit einer Allergie auf Drahtlostechnologie vergleichen, haupts\u00e4chlich auf die Frequenzbereiche, die von Handys, WLAN und Schnurlostelefonen verwendet werden. Laut der Mobilfunkindustrie darf es diese &#8222;Krankheit&#8220; nicht geben, denn es w\u00fcrde bedeuten, dass es gesundheitssch\u00e4dliche Auswirkungen auf den menschlichen K\u00f6rper durch nicht-ionisierende Strahlen g\u00e4be.<\/p>\n<p>Es gibt inzwischen Studien, welche die beschriebenen Symptome von Elektrosensiblen best\u00e4tigen und klar belegen, dass es nicht-thermische Auswirkungen unterhalb der Grenzwerte auf den menschlichen K\u00f6rper gibt. Die Mobilfunkindustrie versucht alles, um die Berichte, wie sie auf dieser Website gesammelt werden, unter den Tisch zu kehren und als psychische Krankheit abzutun. Im Bereich <a href=\"http:\/\/wifi-refuge.org\/de\/studien\/\">Studien<\/a> sind einige wichtige Studien aufgelistet und unter <a href=\"http:\/\/wifi-refuge.org\/de\/links\/\">Links<\/a> einige Websites mit weitergehenden Informationen.<\/p>\n<h2>Typische Symptome<\/h2>\n<p>Nicht jeder Elektrosensible hat den gleichen Grad an Sensibilit\u00e4t und die gleiche Kombination an Symptomen. Au\u00dferdem ist die St\u00e4rke der Strahlung, der man ausgesetzt ist, relevant. \u00c4rzte geben oft eine Fehldiagnose, weil sie nicht in der Thematik geschult worden sind.<\/p>\n<p>Typische Symptome sind&#8230;<\/p>\n<ul>\n<li>Konzentrationsprobleme \/ Ged\u00e4chtnisst\u00f6rungen \/ Wortfindungsschwierigkeiten<\/li>\n<li>Schwindel<\/li>\n<li>Kopfschmerzen \/ &#8222;Druck im Kopf&#8220;<\/li>\n<li>Erm\u00fcdung \/ Ersch\u00f6pfung<\/li>\n<li>Schlafprobleme \/ Schwierigkeiten einzuschlafen und h\u00e4ufiges Aufwachen<\/li>\n<li>Unregelm\u00e4\u00dfiger Herzschlag \/ Herzrasen<\/li>\n<li>weitere Symtpome: <a href=\"http:\/\/www.diagnose-funk.org\/themen\/mobilfunkversorgung\/gesundheit-und-elektrosensibilitaet\/ein-neues-krankheitsbild-das-mikrowellensyndrom.php\" target=\"_blank\" rel=\"noopener noreferrer\">Ein neues Krankheitsbild: Das Mikrowellensyndrom<\/a><\/li>\n<\/ul>\n<p>Sobald man der Strahlung nicht mehr ausgesetzt ist, verschwinden die Symptome nach einer gewissen Zeit (Minuten bis Stunden).<\/p>\n<h2>Was die Symptome ausl\u00f6st<\/h2>\n<ul>\n<li>Handys \/ Handymasten \/ Smart Meter (Intelligente Stromz\u00e4hler &#8211; diese verwenden Mobilfunk-Technik)<\/li>\n<li>WLAN (Computer \/ Laptops \/ Fernseher \/ Tablets \/ Spielekonsolen)<\/li>\n<li>Bluetooth (Drahtlos-Lautsprecher, Drahtlos-Kopfh\u00f6rer)<\/li>\n<li>DECT Schnurlostelefone<\/li>\n<li>Babyphones (verwenden DECT Technologie)<\/li>\n<\/ul>\n<h2>Wieso ist nicht jeder betroffen?<\/h2>\n<p>Es wurde bisher noch nicht erforscht, wie Elektrosensibilit\u00e4t genau entsteht. Es scheint aber so, als Elektrosensibilit\u00e4t nicht an sich angeboren ist, sondern das es eher eine Veranlagung gibt, eine solche zu entwickeln &#8211; n\u00e4mlich dann, wenn ein bestimmtes Ma\u00df an Strahlung \u00fcberstiegen wird. Das hei\u00dft die Menge an Strahlung, die ein Mensch vertr\u00e4gt, ist unterschiedlich. Wenn einmal diese &#8222;allergische&#8220; Reaktion aufgetreten ist, verringert sich die Vertr\u00e4glichkeit stark. Ein typisches Beispiel aus Deutschland ist <span class=\"a-size-medium\">Carolin Sandner (<a href=\"https:\/\/www.youtube.com\/watch?v=zz6oWwonIW4\" target=\"_blank\" rel=\"noopener\">Interview auf Youtube<\/a><\/span>, Buch &#8222;Offline-Modus aktiviert: Meine unfreiwillige Flucht vor dem Mobilfunk&#8220;).<\/p>\n<h2>Alles nur eingebildet?<\/h2>\n<p>Sehr oft wird behauptet, diese Symtpome seien nur psychosomatisch, also psychisch bedingte K\u00f6rperreaktionen &#8211; es sei alles nur eingebildet, ohne Zusammenhang zu der Hochfrequenz-Strahlung.<\/p>\n<p>Es gibt jedoch bereits Studien, die klar beweisen, dass es nicht-termische Effekte durch Hochfrequenz-Strahlung gibt und das weit unterhalb der aktuellen Grenzwerte. In folgender Doppelblind-Studie (d.h. weder Tester noch Teilnehmer wissen ob Strahlenquelle aktiv ist) konnte ein klarer Zusammenhang zwischen vorhanderer Strahlung durch ein Schnurlostelefon und ge\u00e4nderter Herzrate festgestellt werden.<\/p>\n<p><a href=\"http:\/\/gesund-wohnen.ch\/fileadmin\/gesund_wohnen\/downloads\/Funkstrahlung\/dect_und_wlan_beeinflussen_herztaetigkeit.pdf\" target=\"_blank\" rel=\"noopener noreferrer\">DECT-Schnurlostelefone beeinflussen die Herzt\u00e4tigkeit<\/a> (PDF)<\/p>\n<p>Youtube Video (Englisch): <a href=\"https:\/\/www.youtube.com\/watch?v=_EI9fZX4iww\" target=\"_blank\" rel=\"noopener noreferrer\">https:\/\/www.youtube.com\/watch?v=_EI9fZX4iww<\/a><\/p>\n<p><iframe loading=\"lazy\" title=\"Digital Portable Phones and Microwave Radiation on the Electrosensitive\" width=\"480\" height=\"360\" src=\"https:\/\/www.youtube.com\/embed\/_EI9fZX4iww?feature=oembed\" frameborder=\"0\" allow=\"accelerometer; autoplay; clipboard-write; encrypted-media; gyroscope; picture-in-picture\" allowfullscreen><\/iframe><\/p>\n","protected":false},"excerpt":{"rendered":"<p>Die Abk\u00fcrzung EHS (Electromagnetic-Hypersensitivity) kann mit Elektrosensibilit\u00e4t bzw. Elektrohypersensibilit\u00e4t \u00fcbersetzt werden. Eine andere Bezeichnung, die aber das Gleiche beschreibt, ist &#8222;Mikrowellen-Syndrom&#8220;. Elektrosensibilit\u00e4t kann man mit einer Allergie auf Drahtlostechnologie vergleichen, haupts\u00e4chlich auf die Frequenzbereiche, die von Handys, WLAN und Schnurlostelefonen verwendet werden. Laut der Mobilfunkindustrie darf es diese &#8222;Krankheit&#8220; nicht geben, denn es w\u00fcrde bedeuten, [&hellip;]<\/p>\n","protected":false},"author":1,"featured_media":0,"parent":0,"menu_order":0,"comment_status":"closed","ping_status":"closed","template":"","meta":{"footnotes":""},"class_list":["post-8","page","type-page","status-publish","hentry"],"yoast_head":"<!-- This site is optimized with the Yoast SEO plugin v27.1.1 - https:\/\/yoast.com\/product\/yoast-seo-wordpress\/ -->\n<title>Elektrosensibilit\u00e4t (EHS) - wifi-refuge.org<\/title>\n<meta name=\"robots\" content=\"index, follow, max-snippet:-1, max-image-preview:large, max-video-preview:-1\" \/>\n<link rel=\"canonical\" href=\"https:\/\/wifi-refuge.org\/de\/ehs\/\" \/>\n<meta property=\"og:locale\" content=\"de_DE\" \/>\n<meta property=\"og:type\" content=\"article\" \/>\n<meta property=\"og:title\" content=\"Elektrosensibilit\u00e4t (EHS) - wifi-refuge.org\" \/>\n<meta property=\"og:description\" content=\"Die Abk\u00fcrzung EHS (Electromagnetic-Hypersensitivity) kann mit Elektrosensibilit\u00e4t bzw. Elektrohypersensibilit\u00e4t \u00fcbersetzt werden. Eine andere Bezeichnung, die aber das Gleiche beschreibt, ist &#8222;Mikrowellen-Syndrom&#8220;. Elektrosensibilit\u00e4t kann man mit einer Allergie auf Drahtlostechnologie vergleichen, haupts\u00e4chlich auf die Frequenzbereiche, die von Handys, WLAN und Schnurlostelefonen verwendet werden. Laut der Mobilfunkindustrie darf es diese &#8222;Krankheit&#8220; nicht geben, denn es w\u00fcrde bedeuten, [&hellip;]\" \/>\n<meta property=\"og:url\" content=\"https:\/\/wifi-refuge.org\/de\/ehs\/\" \/>\n<meta property=\"og:site_name\" content=\"wifi-refuge.org\" \/>\n<meta property=\"article:modified_time\" content=\"2021-05-29T10:49:46+00:00\" \/>\n<meta name=\"twitter:card\" content=\"summary_large_image\" \/>\n<meta name=\"twitter:label1\" content=\"Gesch\u00e4tzte Lesezeit\" \/>\n\t<meta name=\"twitter:data1\" content=\"2\u00a0Minuten\" \/>\n<script type=\"application\/ld+json\" class=\"yoast-schema-graph\">{\"@context\":\"https:\/\/schema.org\",\"@graph\":[{\"@type\":\"WebPage\",\"@id\":\"https:\/\/wifi-refuge.org\/de\/ehs\/\",\"url\":\"https:\/\/wifi-refuge.org\/de\/ehs\/\",\"name\":\"Elektrosensibilit\u00e4t (EHS) - wifi-refuge.org\",\"isPartOf\":{\"@id\":\"https:\/\/wifi-refuge.org\/de\/#website\"},\"datePublished\":\"2016-02-04T17:27:43+00:00\",\"dateModified\":\"2021-05-29T10:49:46+00:00\",\"breadcrumb\":{\"@id\":\"https:\/\/wifi-refuge.org\/de\/ehs\/#breadcrumb\"},\"inLanguage\":\"de\",\"potentialAction\":[{\"@type\":\"ReadAction\",\"target\":[\"https:\/\/wifi-refuge.org\/de\/ehs\/\"]}]},{\"@type\":\"BreadcrumbList\",\"@id\":\"https:\/\/wifi-refuge.org\/de\/ehs\/#breadcrumb\",\"itemListElement\":[{\"@type\":\"ListItem\",\"position\":1,\"name\":\"Startseite\",\"item\":\"https:\/\/wifi-refuge.org\/de\/\"},{\"@type\":\"ListItem\",\"position\":2,\"name\":\"Elektrosensibilit\u00e4t (EHS)\"}]},{\"@type\":\"WebSite\",\"@id\":\"https:\/\/wifi-refuge.org\/de\/#website\",\"url\":\"https:\/\/wifi-refuge.org\/de\/\",\"name\":\"wifi-refuge.org\",\"description\":\"\",\"potentialAction\":[{\"@type\":\"SearchAction\",\"target\":{\"@type\":\"EntryPoint\",\"urlTemplate\":\"https:\/\/wifi-refuge.org\/de\/?s={search_term_string}\"},\"query-input\":{\"@type\":\"PropertyValueSpecification\",\"valueRequired\":true,\"valueName\":\"search_term_string\"}}],\"inLanguage\":\"de\"}]}<\/script>\n<!-- \/ Yoast SEO plugin. -->","yoast_head_json":{"title":"Elektrosensibilit\u00e4t (EHS) - wifi-refuge.org","robots":{"index":"index","follow":"follow","max-snippet":"max-snippet:-1","max-image-preview":"max-image-preview:large","max-video-preview":"max-video-preview:-1"},"canonical":"https:\/\/wifi-refuge.org\/de\/ehs\/","og_locale":"de_DE","og_type":"article","og_title":"Elektrosensibilit\u00e4t (EHS) - wifi-refuge.org","og_description":"Die Abk\u00fcrzung EHS (Electromagnetic-Hypersensitivity) kann mit Elektrosensibilit\u00e4t bzw. Elektrohypersensibilit\u00e4t \u00fcbersetzt werden. Eine andere Bezeichnung, die aber das Gleiche beschreibt, ist &#8222;Mikrowellen-Syndrom&#8220;. Elektrosensibilit\u00e4t kann man mit einer Allergie auf Drahtlostechnologie vergleichen, haupts\u00e4chlich auf die Frequenzbereiche, die von Handys, WLAN und Schnurlostelefonen verwendet werden. Laut der Mobilfunkindustrie darf es diese &#8222;Krankheit&#8220; nicht geben, denn es w\u00fcrde bedeuten, [&hellip;]","og_url":"https:\/\/wifi-refuge.org\/de\/ehs\/","og_site_name":"wifi-refuge.org","article_modified_time":"2021-05-29T10:49:46+00:00","twitter_card":"summary_large_image","twitter_misc":{"Gesch\u00e4tzte Lesezeit":"2\u00a0Minuten"},"schema":{"@context":"https:\/\/schema.org","@graph":[{"@type":"WebPage","@id":"https:\/\/wifi-refuge.org\/de\/ehs\/","url":"https:\/\/wifi-refuge.org\/de\/ehs\/","name":"Elektrosensibilit\u00e4t (EHS) - wifi-refuge.org","isPartOf":{"@id":"https:\/\/wifi-refuge.org\/de\/#website"},"datePublished":"2016-02-04T17:27:43+00:00","dateModified":"2021-05-29T10:49:46+00:00","breadcrumb":{"@id":"https:\/\/wifi-refuge.org\/de\/ehs\/#breadcrumb"},"inLanguage":"de","potentialAction":[{"@type":"ReadAction","target":["https:\/\/wifi-refuge.org\/de\/ehs\/"]}]},{"@type":"BreadcrumbList","@id":"https:\/\/wifi-refuge.org\/de\/ehs\/#breadcrumb","itemListElement":[{"@type":"ListItem","position":1,"name":"Startseite","item":"https:\/\/wifi-refuge.org\/de\/"},{"@type":"ListItem","position":2,"name":"Elektrosensibilit\u00e4t (EHS)"}]},{"@type":"WebSite","@id":"https:\/\/wifi-refuge.org\/de\/#website","url":"https:\/\/wifi-refuge.org\/de\/","name":"wifi-refuge.org","description":"","potentialAction":[{"@type":"SearchAction","target":{"@type":"EntryPoint","urlTemplate":"https:\/\/wifi-refuge.org\/de\/?s={search_term_string}"},"query-input":{"@type":"PropertyValueSpecification","valueRequired":true,"valueName":"search_term_string"}}],"inLanguage":"de"}]}},"_links":{"self":[{"href":"https:\/\/wifi-refuge.org\/de\/wp-json\/wp\/v2\/pages\/8","targetHints":{"allow":["GET"]}}],"collection":[{"href":"https:\/\/wifi-refuge.org\/de\/wp-json\/wp\/v2\/pages"}],"about":[{"href":"https:\/\/wifi-refuge.org\/de\/wp-json\/wp\/v2\/types\/page"}],"author":[{"embeddable":true,"href":"https:\/\/wifi-refuge.org\/de\/wp-json\/wp\/v2\/users\/1"}],"replies":[{"embeddable":true,"href":"https:\/\/wifi-refuge.org\/de\/wp-json\/wp\/v2\/comments?post=8"}],"version-history":[{"count":14,"href":"https:\/\/wifi-refuge.org\/de\/wp-json\/wp\/v2\/pages\/8\/revisions"}],"predecessor-version":[{"id":1209,"href":"https:\/\/wifi-refuge.org\/de\/wp-json\/wp\/v2\/pages\/8\/revisions\/1209"}],"wp:attachment":[{"href":"https:\/\/wifi-refuge.org\/de\/wp-json\/wp\/v2\/media?parent=8"}],"curies":[{"name":"wp","href":"https:\/\/api.w.org\/{rel}","templated":true}]}}