{"id":6,"date":"2016-02-04T18:26:51","date_gmt":"2016-02-04T17:26:51","guid":{"rendered":"http:\/\/wifi-refuge.org\/de\/?page_id=6"},"modified":"2023-08-20T09:59:18","modified_gmt":"2023-08-20T08:59:18","slug":"vision","status":"publish","type":"page","link":"https:\/\/wifi-refuge.org\/de\/","title":{"rendered":"Ein Refugium f\u00fcr Elektrosensible"},"content":{"rendered":"<p><strong>Auf dieser Seite geht es darum, R\u00fcckzugsorte (Refugium) zu finden\/zu schaffen f\u00fcr Menschen, die an der zunehmenden Belastung durch Elektrosmog in unserer heutigen Gesellschaft leiden.\u00a0Es geht um die Suche nach strahlungsarmen Gebieten und die Aufkl\u00e4rung \u00fcber die verschwiegenen Gefahren der aktuellen Drahtlos-Technik.<\/strong><\/p>\n<p>Das M\u00e4rchen von einer v\u00f6llig ungef\u00e4hrlichen Funktechnik konnte bisher erfolgreich verkauft werden, insbesondere durch die Verflechtungen von Industrie, Wissenschaft, Politik und Medien (mehr dazu auf den verlinkten <a href=\"http:\/\/wifi-refuge.org\/de\/links\/\" target=\"_blank\" rel=\"noopener noreferrer\">Webseiten und B\u00fcchern<\/a> sowie auf der Seite mit wichtigen <a href=\"https:\/\/wifi-refuge.org\/de\/studien\/\" target=\"_blank\" rel=\"noopener\">Studien<\/a>). Aktuell sieht es leider nicht so aus, dass sich die Situation f\u00fcr Elektrosensible &#8211; den Fl\u00fcchtlingen im eigenen Land &#8211; in den n\u00e4chsten Jahren stark verbessern wird. Da ich auch selber betroffen bin, bin auch ich auf der Suche nach einem Ort, wo es wenig Strahlung gibt und wo (falls m\u00f6glich) auch andere Elektrosensible dazukommen k\u00f6nnen. Optimal w\u00e4re nat\u00fcrlich ein ganzes Dorf zu haben, das nur f\u00fcr Elektrosensible bestimmt ist, aber das sehe ich im Moment zumindest in Deutschland nicht als realistisch an.<\/p>\n<p><strong>Falls du daran interessiert bist, andere bestehende Projekte\/Pl\u00e4ne kennst, Vorschl\u00e4ge hast, oder eine \u00e4hnliche Vision hast (kann hier ver\u00f6ffentlicht werden falls gew\u00fcnscht), kannst du dich gerne \u00fcber das Kontaktformular unten melden. <\/strong><strong>Zusammen l\u00e4sst sich sicher mehr erreichen.<\/strong><\/p>\n<p><strong>Aktueller Status:<\/strong> Ich kann selber bisher keinen solchen Zufluchtsort anbieten (ich bekomme die Frage \u00f6fters per Kontaktformular).<\/p>\n<p><img loading=\"lazy\" decoding=\"async\" class=\"alignnone size-full wp-image-722\" src=\"https:\/\/wifi-refuge.org\/de\/wp-content\/uploads\/sites\/3\/2018\/05\/43445-O3RY10_3_1024.jpg\" alt=\"\" width=\"1024\" height=\"299\" srcset=\"https:\/\/wifi-refuge.org\/de\/wp-content\/uploads\/sites\/3\/2018\/05\/43445-O3RY10_3_1024.jpg 1024w, https:\/\/wifi-refuge.org\/de\/wp-content\/uploads\/sites\/3\/2018\/05\/43445-O3RY10_3_1024-300x88.jpg 300w, https:\/\/wifi-refuge.org\/de\/wp-content\/uploads\/sites\/3\/2018\/05\/43445-O3RY10_3_1024-768x224.jpg 768w, https:\/\/wifi-refuge.org\/de\/wp-content\/uploads\/sites\/3\/2018\/05\/43445-O3RY10_3_1024-830x242.jpg 830w, https:\/\/wifi-refuge.org\/de\/wp-content\/uploads\/sites\/3\/2018\/05\/43445-O3RY10_3_1024-230x67.jpg 230w, https:\/\/wifi-refuge.org\/de\/wp-content\/uploads\/sites\/3\/2018\/05\/43445-O3RY10_3_1024-350x102.jpg 350w, https:\/\/wifi-refuge.org\/de\/wp-content\/uploads\/sites\/3\/2018\/05\/43445-O3RY10_3_1024-480x140.jpg 480w\" sizes=\"auto, (max-width: 1024px) 100vw, 1024px\" \/><\/p>\n<p><strong>Die Idee<\/strong>:<\/p>\n<ul>\n<li>Die Idee ist, ein gro\u00dfes Grundst\u00fcck zu erwerben, das gro\u00df und abgelegen genug ist, so dass nicht in Zukunft neue Mobilfunkmasten ein Problem werden k\u00f6nnen.<\/li>\n<li>Prim\u00e4r eine R\u00fcckzugsm\u00f6glichkeit f\u00fcr Elektrosensible, aber auch f\u00fcr alle, die sich an einen naturnahen Ort zur\u00fcckziehen m\u00f6chten und auf Drahtlostechnik verzichten.<\/li>\n<li>M\u00f6glichst autark und nachhaltig leben. Selbstversorgung mit\u00a0Permakultur Konzepten (z.B. <a href=\"https:\/\/de.wikipedia.org\/wiki\/Permakultur#Waldgarten\" target=\"_blank\" rel=\"noopener noreferrer\">Waldgarten<\/a>)<\/li>\n<li>Gegenseitiger Austausch\/Unterst\u00fctzung, aber es wird keine Gemeinschaft aufgezwungen.<\/li>\n<\/ul>\n<p><strong>Kriterien<\/strong>:<\/p>\n<ul>\n<li>Keine Sendemasten in der N\u00e4he<\/li>\n<li>Alleinlage: Nicht in direkter N\u00e4he von anderen H\u00e4usern und Stra\u00dfen wegen WLAN \/ DECT Schnurlostelefonen \/ Handy-Benutzung<\/li>\n<li>Telefon Anschluss (und damit auch Internet-Zugang)<\/li>\n<li>Gro\u00dfes Grundst\u00fcck und somit auch in Zukunft keine Mobilfunksender in der N\u00e4he. Zum Beispiel ein Bauernhof, der von Feldern \/ Wald umgeben ist.<\/li>\n<li>M\u00f6glichst weitr\u00e4umig umgeben von unbebauten Fl\u00e4chen (Wald, Wiesen, See, &#8230;)<\/li>\n<li>Selbstversorgung sollte zumindest teilweise m\u00f6glich sein<\/li>\n<li>Evtl. ist ein naturnaher Campingplatz auch eine Alternative. Es m\u00fcsste allerdings gepr\u00fcft werden, ob es erlaubt ist Handys und co zu verbieten bei einem \u00f6ffentlichen Campingplatz.<\/li>\n<\/ul>\n<p><strong>\u00dcberlegungen zur Grundst\u00fccksgr\u00f6\u00dfe:<\/strong><\/p>\n<p>Wenn man ein quadratisches Grundst\u00fcck annimmt ergeben sich f\u00fcr den Mindestabstand von der Grundst\u00fccksmitte zur Grundst\u00fccksgrenze folgende Grundst\u00fccksgr\u00f6\u00dfen:<\/p>\n<ul>\n<li><strong>100 m Abstand<\/strong>: 200 m Seitenl\u00e4nge =&gt; <strong>4 ha<\/strong><\/li>\n<li><strong>500 m Abstand:<\/strong> 1 km Seitenl\u00e4nge =&gt; <strong>100 ha<\/strong><\/li>\n<li><strong>1 km Abstand<\/strong>: 2 km Seitenl\u00e4nge =&gt; <strong>400 ha<\/strong><\/li>\n<li><strong>2 km Abstand<\/strong>: 4 km Seitenl\u00e4nge =&gt; <strong>1600 ha<\/strong><\/li>\n<li><strong>3 km Abstand: <\/strong>6 km Seitenl\u00e4nge =&gt; <strong>3600 ha<\/strong><\/li>\n<\/ul>\n<p>Da solch gro\u00dfe Fl\u00e4chen in den meisten L\u00e4ndern unbezahlbar sind (wenn sie \u00fcberhaupt zum Verkauf stehen) bleiben <strong>nur Fl\u00e4chen mit H\u00fcgeln \/ Bergen<\/strong>. Mittelgebirge wie der Schwarzwald bieten sich daf\u00fcr besonders an. H\u00fcgel dienen als nat\u00fcrliche Abschirmung gegen Sendemasten in der Umgebung. Dabei k\u00f6nnen Sendemasten durchaus nur 1 km entfernt sein, wenn sie im n\u00e4chsten Tal sind.<\/p>\n<p><strong>Ideen f\u00fcr Angebote:<\/strong><\/p>\n<ul>\n<li>Mietwohnungen f\u00fcr Elektrosensible, falls ausreichend Wohnungen vorhanden sind.<\/li>\n<li>Stellpl\u00e4tze f\u00fcr Wohnw\u00e4gen u.\u00e4.<\/li>\n<li>Ort der Stille \/ Meditation \/ Kontemplation (christliche Ausrichtung; keine Esoterik)<\/li>\n<li>Themen wie: Einfach sein d\u00fcrfen \/ Negative Glaubenss\u00e4tze \/ Wahre Identit\u00e4t finden (Haben vs. Sein)<\/li>\n<li>Digitales Fasten (&#8222;Digital Detox&#8220;) f\u00fcr Handy-S\u00fcchtige<\/li>\n<li>Weiterbildung zu Themen wie autark\/off-grid leben, Solarstrom, Wildpflanzen, Selbstversorgung<\/li>\n<li>[&#8230;]<\/li>\n<\/ul>\n\n<div class=\"wpcf7 no-js\" id=\"wpcf7-f24-o1\" lang=\"de-DE\" dir=\"ltr\" data-wpcf7-id=\"24\">\n<div class=\"screen-reader-response\"><p role=\"status\" aria-live=\"polite\" aria-atomic=\"true\"><\/p> <ul><\/ul><\/div>\n<form action=\"\/de\/wp-json\/wp\/v2\/pages\/6#wpcf7-f24-o1\" method=\"post\" class=\"wpcf7-form init\" aria-label=\"Kontaktformular\" enctype=\"multipart\/form-data\" novalidate=\"novalidate\" data-status=\"init\">\n<fieldset class=\"hidden-fields-container\"><input type=\"hidden\" name=\"_wpcf7\" value=\"24\" \/><input type=\"hidden\" name=\"_wpcf7_version\" value=\"6.1.5\" \/><input type=\"hidden\" name=\"_wpcf7_locale\" value=\"de_DE\" \/><input type=\"hidden\" name=\"_wpcf7_unit_tag\" value=\"wpcf7-f24-o1\" \/><input type=\"hidden\" name=\"_wpcf7_container_post\" value=\"0\" \/><input type=\"hidden\" name=\"_wpcf7_posted_data_hash\" value=\"\" \/><input type=\"hidden\" name=\"_wpcf7_recaptcha_response\" value=\"\" \/>\n<\/fieldset>\n<p>(Bitte beachten: Auf Nachrichten mit ung\u00fcltigen\/unvollst\u00e4ndigen E-Mailadressen kann logischerweise nicht geantwortet werden!)\n<\/p>\n<p>Name (Pflichtfeld)\n<\/p>\n<p><span class=\"wpcf7-form-control-wrap\" data-name=\"your-name\"><input size=\"40\" maxlength=\"400\" class=\"wpcf7-form-control wpcf7-text wpcf7-validates-as-required\" aria-required=\"true\" aria-invalid=\"false\" value=\"\" type=\"text\" name=\"your-name\" \/><\/span>\n<\/p>\n<p>E-mail (Pflichtfeld).\n<\/p>\n<p><span class=\"wpcf7-form-control-wrap\" data-name=\"your-email\"><input size=\"40\" maxlength=\"400\" class=\"wpcf7-form-control wpcf7-email wpcf7-validates-as-required wpcf7-text wpcf7-validates-as-email\" aria-required=\"true\" aria-invalid=\"false\" value=\"\" type=\"email\" name=\"your-email\" \/><\/span>\n<\/p>\n<p>Betreff\n<\/p>\n<p><span class=\"wpcf7-form-control-wrap\" data-name=\"your-subject\"><input size=\"40\" maxlength=\"400\" class=\"wpcf7-form-control wpcf7-text\" aria-invalid=\"false\" value=\"\" type=\"text\" name=\"your-subject\" \/><\/span>\n<\/p>\n<p>Nachricht\n<\/p>\n<p><span class=\"wpcf7-form-control-wrap\" data-name=\"your-message\"><textarea cols=\"40\" rows=\"10\" maxlength=\"2000\" class=\"wpcf7-form-control wpcf7-textarea\" aria-invalid=\"false\" name=\"your-message\"><\/textarea><\/span>\n<\/p>\n<p>Anhang (optional; max. 1 MB)\n<\/p>\n<p><span class=\"wpcf7-form-control-wrap\" data-name=\"file-841\"><input size=\"40\" class=\"wpcf7-form-control wpcf7-file\" accept=\"audio\/*,video\/*,image\/*\" aria-invalid=\"false\" type=\"file\" name=\"file-841\" \/><\/span>\n<\/p>\n<p>\n\n<\/p>\n<p><input class=\"wpcf7-form-control wpcf7-submit has-spinner\" type=\"submit\" value=\"Senden\" \/>\n<\/p><p style=\"display: none !important;\" class=\"akismet-fields-container\" data-prefix=\"_wpcf7_ak_\"><label>&#916;<textarea name=\"_wpcf7_ak_hp_textarea\" cols=\"45\" rows=\"8\" maxlength=\"100\"><\/textarea><\/label><input type=\"hidden\" id=\"ak_js_1\" name=\"_wpcf7_ak_js\" value=\"61\"\/><script>document.getElementById( \"ak_js_1\" ).setAttribute( \"value\", ( new Date() ).getTime() );<\/script><\/p><div class=\"wpcf7-response-output\" aria-hidden=\"true\"><\/div>\n<\/form>\n<\/div>\n\n","protected":false},"excerpt":{"rendered":"<p>Auf dieser Seite geht es darum, R\u00fcckzugsorte (Refugium) zu finden\/zu schaffen f\u00fcr Menschen, die an der zunehmenden Belastung durch Elektrosmog in unserer heutigen Gesellschaft leiden.\u00a0Es geht um die Suche nach strahlungsarmen Gebieten und die Aufkl\u00e4rung \u00fcber die verschwiegenen Gefahren der aktuellen Drahtlos-Technik. Das M\u00e4rchen von einer v\u00f6llig ungef\u00e4hrlichen Funktechnik konnte bisher erfolgreich verkauft werden, insbesondere [&hellip;]<\/p>\n","protected":false},"author":1,"featured_media":0,"parent":0,"menu_order":0,"comment_status":"closed","ping_status":"closed","template":"","meta":{"footnotes":""},"class_list":["post-6","page","type-page","status-publish","hentry"],"yoast_head":"<!-- This site is optimized with the Yoast SEO plugin v27.1.1 - https:\/\/yoast.com\/product\/yoast-seo-wordpress\/ -->\n<title>Ein Refugium f\u00fcr Elektrosensible - wifi-refuge.org<\/title>\n<meta name=\"robots\" content=\"index, follow, max-snippet:-1, max-image-preview:large, max-video-preview:-1\" \/>\n<link rel=\"canonical\" href=\"https:\/\/wifi-refuge.org\/de\/\" \/>\n<meta property=\"og:locale\" content=\"de_DE\" \/>\n<meta property=\"og:type\" content=\"article\" \/>\n<meta property=\"og:title\" content=\"Ein Refugium f\u00fcr Elektrosensible - wifi-refuge.org\" \/>\n<meta property=\"og:description\" content=\"Auf dieser Seite geht es darum, R\u00fcckzugsorte (Refugium) zu finden\/zu schaffen f\u00fcr Menschen, die an der zunehmenden Belastung durch Elektrosmog in unserer heutigen Gesellschaft leiden.\u00a0Es geht um die Suche nach strahlungsarmen Gebieten und die Aufkl\u00e4rung \u00fcber die verschwiegenen Gefahren der aktuellen Drahtlos-Technik. Das M\u00e4rchen von einer v\u00f6llig ungef\u00e4hrlichen Funktechnik konnte bisher erfolgreich verkauft werden, insbesondere [&hellip;]\" \/>\n<meta property=\"og:url\" content=\"https:\/\/wifi-refuge.org\/de\/\" \/>\n<meta property=\"og:site_name\" content=\"wifi-refuge.org\" \/>\n<meta property=\"article:modified_time\" content=\"2023-08-20T08:59:18+00:00\" \/>\n<meta property=\"og:image\" content=\"http:\/\/wifi-refuge.org\/de\/wp-content\/uploads\/sites\/3\/2018\/05\/43445-O3RY10_3_1024.jpg\" \/>\n<meta name=\"twitter:card\" content=\"summary_large_image\" \/>\n<meta name=\"twitter:label1\" content=\"Gesch\u00e4tzte Lesezeit\" \/>\n\t<meta name=\"twitter:data1\" content=\"4\u00a0Minuten\" \/>\n<script type=\"application\/ld+json\" class=\"yoast-schema-graph\">{\"@context\":\"https:\/\/schema.org\",\"@graph\":[{\"@type\":\"WebPage\",\"@id\":\"https:\/\/wifi-refuge.org\/de\/\",\"url\":\"https:\/\/wifi-refuge.org\/de\/\",\"name\":\"Ein Refugium f\u00fcr Elektrosensible - wifi-refuge.org\",\"isPartOf\":{\"@id\":\"https:\/\/wifi-refuge.org\/de\/#website\"},\"primaryImageOfPage\":{\"@id\":\"https:\/\/wifi-refuge.org\/de\/#primaryimage\"},\"image\":{\"@id\":\"https:\/\/wifi-refuge.org\/de\/#primaryimage\"},\"thumbnailUrl\":\"http:\/\/wifi-refuge.org\/de\/wp-content\/uploads\/sites\/3\/2018\/05\/43445-O3RY10_3_1024.jpg\",\"datePublished\":\"2016-02-04T17:26:51+00:00\",\"dateModified\":\"2023-08-20T08:59:18+00:00\",\"breadcrumb\":{\"@id\":\"https:\/\/wifi-refuge.org\/de\/#breadcrumb\"},\"inLanguage\":\"de\",\"potentialAction\":[{\"@type\":\"ReadAction\",\"target\":[\"https:\/\/wifi-refuge.org\/de\/\"]}]},{\"@type\":\"ImageObject\",\"inLanguage\":\"de\",\"@id\":\"https:\/\/wifi-refuge.org\/de\/#primaryimage\",\"url\":\"http:\/\/wifi-refuge.org\/de\/wp-content\/uploads\/sites\/3\/2018\/05\/43445-O3RY10_3_1024.jpg\",\"contentUrl\":\"http:\/\/wifi-refuge.org\/de\/wp-content\/uploads\/sites\/3\/2018\/05\/43445-O3RY10_3_1024.jpg\"},{\"@type\":\"BreadcrumbList\",\"@id\":\"https:\/\/wifi-refuge.org\/de\/#breadcrumb\",\"itemListElement\":[{\"@type\":\"ListItem\",\"position\":1,\"name\":\"Startseite\",\"item\":\"https:\/\/wifi-refuge.org\/de\/\"},{\"@type\":\"ListItem\",\"position\":2,\"name\":\"Ein Refugium f\u00fcr Elektrosensible\"}]},{\"@type\":\"WebSite\",\"@id\":\"https:\/\/wifi-refuge.org\/de\/#website\",\"url\":\"https:\/\/wifi-refuge.org\/de\/\",\"name\":\"wifi-refuge.org\",\"description\":\"\",\"potentialAction\":[{\"@type\":\"SearchAction\",\"target\":{\"@type\":\"EntryPoint\",\"urlTemplate\":\"https:\/\/wifi-refuge.org\/de\/?s={search_term_string}\"},\"query-input\":{\"@type\":\"PropertyValueSpecification\",\"valueRequired\":true,\"valueName\":\"search_term_string\"}}],\"inLanguage\":\"de\"}]}<\/script>\n<!-- \/ Yoast SEO plugin. -->","yoast_head_json":{"title":"Ein Refugium f\u00fcr Elektrosensible - wifi-refuge.org","robots":{"index":"index","follow":"follow","max-snippet":"max-snippet:-1","max-image-preview":"max-image-preview:large","max-video-preview":"max-video-preview:-1"},"canonical":"https:\/\/wifi-refuge.org\/de\/","og_locale":"de_DE","og_type":"article","og_title":"Ein Refugium f\u00fcr Elektrosensible - wifi-refuge.org","og_description":"Auf dieser Seite geht es darum, R\u00fcckzugsorte (Refugium) zu finden\/zu schaffen f\u00fcr Menschen, die an der zunehmenden Belastung durch Elektrosmog in unserer heutigen Gesellschaft leiden.\u00a0Es geht um die Suche nach strahlungsarmen Gebieten und die Aufkl\u00e4rung \u00fcber die verschwiegenen Gefahren der aktuellen Drahtlos-Technik. Das M\u00e4rchen von einer v\u00f6llig ungef\u00e4hrlichen Funktechnik konnte bisher erfolgreich verkauft werden, insbesondere [&hellip;]","og_url":"https:\/\/wifi-refuge.org\/de\/","og_site_name":"wifi-refuge.org","article_modified_time":"2023-08-20T08:59:18+00:00","og_image":[{"url":"http:\/\/wifi-refuge.org\/de\/wp-content\/uploads\/sites\/3\/2018\/05\/43445-O3RY10_3_1024.jpg","type":"","width":"","height":""}],"twitter_card":"summary_large_image","twitter_misc":{"Gesch\u00e4tzte Lesezeit":"4\u00a0Minuten"},"schema":{"@context":"https:\/\/schema.org","@graph":[{"@type":"WebPage","@id":"https:\/\/wifi-refuge.org\/de\/","url":"https:\/\/wifi-refuge.org\/de\/","name":"Ein Refugium f\u00fcr Elektrosensible - wifi-refuge.org","isPartOf":{"@id":"https:\/\/wifi-refuge.org\/de\/#website"},"primaryImageOfPage":{"@id":"https:\/\/wifi-refuge.org\/de\/#primaryimage"},"image":{"@id":"https:\/\/wifi-refuge.org\/de\/#primaryimage"},"thumbnailUrl":"http:\/\/wifi-refuge.org\/de\/wp-content\/uploads\/sites\/3\/2018\/05\/43445-O3RY10_3_1024.jpg","datePublished":"2016-02-04T17:26:51+00:00","dateModified":"2023-08-20T08:59:18+00:00","breadcrumb":{"@id":"https:\/\/wifi-refuge.org\/de\/#breadcrumb"},"inLanguage":"de","potentialAction":[{"@type":"ReadAction","target":["https:\/\/wifi-refuge.org\/de\/"]}]},{"@type":"ImageObject","inLanguage":"de","@id":"https:\/\/wifi-refuge.org\/de\/#primaryimage","url":"http:\/\/wifi-refuge.org\/de\/wp-content\/uploads\/sites\/3\/2018\/05\/43445-O3RY10_3_1024.jpg","contentUrl":"http:\/\/wifi-refuge.org\/de\/wp-content\/uploads\/sites\/3\/2018\/05\/43445-O3RY10_3_1024.jpg"},{"@type":"BreadcrumbList","@id":"https:\/\/wifi-refuge.org\/de\/#breadcrumb","itemListElement":[{"@type":"ListItem","position":1,"name":"Startseite","item":"https:\/\/wifi-refuge.org\/de\/"},{"@type":"ListItem","position":2,"name":"Ein Refugium f\u00fcr Elektrosensible"}]},{"@type":"WebSite","@id":"https:\/\/wifi-refuge.org\/de\/#website","url":"https:\/\/wifi-refuge.org\/de\/","name":"wifi-refuge.org","description":"","potentialAction":[{"@type":"SearchAction","target":{"@type":"EntryPoint","urlTemplate":"https:\/\/wifi-refuge.org\/de\/?s={search_term_string}"},"query-input":{"@type":"PropertyValueSpecification","valueRequired":true,"valueName":"search_term_string"}}],"inLanguage":"de"}]}},"_links":{"self":[{"href":"https:\/\/wifi-refuge.org\/de\/wp-json\/wp\/v2\/pages\/6","targetHints":{"allow":["GET"]}}],"collection":[{"href":"https:\/\/wifi-refuge.org\/de\/wp-json\/wp\/v2\/pages"}],"about":[{"href":"https:\/\/wifi-refuge.org\/de\/wp-json\/wp\/v2\/types\/page"}],"author":[{"embeddable":true,"href":"https:\/\/wifi-refuge.org\/de\/wp-json\/wp\/v2\/users\/1"}],"replies":[{"embeddable":true,"href":"https:\/\/wifi-refuge.org\/de\/wp-json\/wp\/v2\/comments?post=6"}],"version-history":[{"count":101,"href":"https:\/\/wifi-refuge.org\/de\/wp-json\/wp\/v2\/pages\/6\/revisions"}],"predecessor-version":[{"id":1597,"href":"https:\/\/wifi-refuge.org\/de\/wp-json\/wp\/v2\/pages\/6\/revisions\/1597"}],"wp:attachment":[{"href":"https:\/\/wifi-refuge.org\/de\/wp-json\/wp\/v2\/media?parent=6"}],"curies":[{"name":"wp","href":"https:\/\/api.w.org\/{rel}","templated":true}]}}