{"id":59,"date":"2016-03-03T19:58:09","date_gmt":"2016-03-03T18:58:09","guid":{"rendered":"http:\/\/wifi-refuge.org\/de\/?page_id=59"},"modified":"2024-01-10T13:40:32","modified_gmt":"2024-01-10T12:40:32","slug":"studien","status":"publish","type":"page","link":"https:\/\/wifi-refuge.org\/de\/studien\/","title":{"rendered":"Studien-Auswahl"},"content":{"rendered":"<p>Die Mobilfunk-Industrie hat das Vorgehen der Tabak-Industrie \u00fcbernommen und versucht immer wieder mit Industrie-finanzierten Pseudo-Studien Zweifel zu streuen. Wenn man miteinbezieht, wer die jeweiligen Studien finanziert hat kommt man zum Ergebnis, dass der Gro\u00dfteil der Industrie-finanzierten Studien keine sch\u00e4digende Wirkung gefunden hat, aber der Gro\u00dfteil der unabh\u00e4ngig finanzierten Studien reproduzierbar sch\u00e4digende Auswirkungen gefunden hat (Krebs, DNA-Strangbr\u00fcche, u.a.). <a href=\"https:\/\/magazine.washington.edu\/feature\/uw-researchers-wake-up-call-on-cellphone-radiation-is-finally-getting-heard\/\" target=\"_blank\" rel=\"noopener\">Prof. Henry Lai<\/a> hatte dies untersucht.<\/p>\n<p>Hier nur eine Auswahl von einigen wichtigen\u00a0Studien:<\/p>\n<ul>\n<li>(1995) <strong>Studie von Prof. Henry Lai<\/strong>: Etwa 20 Jahre vor der REFLEX-Studie (s. unten) hat Henry Lai bereits <strong>DNA Sch\u00e4den<\/strong> nachgewiesen. Die Strahlungsintensit\u00e4t war dabei niedriger als bei einer typischen Handy-Nutzung. Es handelte sich damals noch um ein analoges Signal, die entdecken Sch\u00e4den wurden aber in sp\u00e4teren Studien auch mit gepulster Strahlung nachgewiesen (siehe folgende Liste mit Studien). Es wurde sp\u00e4ter bekannt, dass damals bereits die Mobilfunkindustrie versucht hat, die Ergebnisse und Henry Lay selber zu diskreditieren \u2014 ein internes &#8222;War Memo&#8220; wurde \u00f6ffentlich. (Artikel dazu auf <a href=\"https:\/\/magazine.washington.edu\/feature\/uw-researchers-wake-up-call-on-cellphone-radiation-is-finally-getting-heard\/\" target=\"_blank\" rel=\"noopener\">washington.edu<\/a>; Link zu Studie auf <a href=\"https:\/\/web.archive.org\/web\/20180324224313\/https:\/\/pdfs.semanticscholar.org\/657f\/fe0516ffd5f003a2193df8b3dcc4c847c9b4.pdf\" target=\"_blank\" rel=\"noopener\">archive.org<\/a>; Interview auf <a href=\"https:\/\/www.youtube.com\/watch?v=NZl2MSHDKls\" target=\"_blank\" rel=\"noopener\">Youtube<\/a>)<\/li>\n<li>(2004) <strong>REFLEX &#8211; Studie<\/strong> &#8211; Diese Studie wies nach, dass Mobilfunkstrahlung (GSM &amp; UMTS) weit unterhalb der Grenzwerte zu <strong>DNA-Strangbr\u00fcchen<\/strong> f\u00fchren kann und deshalb ein krebsf\u00f6rderndes Potenzial hat. Sie wurde von der EU finanziert und in einem europaweiten Forschungsverband unter der Leitung von Professor Franz Adlkofer durchgef\u00fchrt. &#8211; <a href=\"http:\/\/www.diagnose-funk.org\/themen\/forschung\/wien-angebliche-datenfaelschung\/reflex-studie-juristisch-bestaetigt.php\" target=\"_blank\" rel=\"noopener noreferrer\">Artikel auf diagnose-funk.org<\/a>\n<ul>\n<li>Es<a href=\"http:\/\/www.diagnose-funk.org\/themen\/forschung\/wien-angebliche-datenfaelschung\/reflex-studie-juristisch-bestaetigt.php\" target=\"_blank\" rel=\"noopener noreferrer\"> kann nachgelesen werden<\/a>, wie die Mobilfunkindustrie mit falschen Anschuldigungen versucht hat, die Ergebnisse der REFLEX Studie zu diskreditieren und die Kariere der Forscher zu zerst\u00f6ren. Inzwischen wurden die Anschuldigungen auch gerichtlich zur\u00fcckgewiesen.<\/li>\n<li>Adlkofer zur<strong> REFLEX-Reproduktion des BfS<\/strong> &#8211; Der Forschungsauftrag des Bundesamtes f\u00fcr Strahlenschutz (BfS) zur Reproduktion der REFLEX-Studie gebar Pseudoforschung. Wie vorgegangen wurde, ergibt sich aus dem kritischen Kommentar von Franz Adlkofer. &#8211; <a href=\"http:\/\/www.diagnose-funk.org\/themen\/forschung\/reflex-studie\/adlkofer-zur-reflex-reproduktion-des-bfs.php\" target=\"_blank\" rel=\"noopener noreferrer\">Artikel auf diagnose-funk.org<\/a><\/li>\n<\/ul>\n<\/li>\n<li>Der <strong>BioInitiative<\/strong>&#8211;<strong>Bericht<\/strong> 2012: Im Jahr 2007 erschien der erste, 610-seitige Bio-Initiative-Bericht. Er wurde von Wissenschaftlern geschrieben, die aufgrund der Studienlage die Existenz <strong>nichtthermischer, biologischer Effekte<\/strong> elektromagnetischer Strahlung als erwiesen ansehen. Jetzt ist eine aktualisierte Fassung von 1479 Seiten entstanden. <a href=\"http:\/\/www.buergerwelle.de\/assets\/files\/Sonderdruck-BioInitiative_Bundestag_1-2013.pdf\" target=\"_blank\" rel=\"noopener noreferrer\">Mehr auf buergewelle.de<\/a><\/li>\n<li><a href=\"http:\/\/www.pandora-stiftung.eu\/downloads\/adlkofer_-stellungnahme-zu-lerchl-09-03-2015.pdf\" target=\"_blank\" rel=\"noopener noreferrer\">Stellungnahme von Prof. Dr. Franz Adlkofe<\/a>r (PDF) zur <a href=\"http:\/\/www.sciencedirect.com\/science\/article\/pii\/S0006291X15003988\" target=\"_blank\" rel=\"noopener noreferrer\">Lerchl Studie <\/a>&#8222;<strong>Tumor promotion<\/strong> by exposure to radiofrequency electromagnetic fields below exposure limits for humans&#8220;: Das Unerwartete geschieht immer &#8211; Eine schmerzhafte Lektion f\u00fcr den notorischen Verleumder Alexander Lerchl und noch mehr f\u00fcr Industrie und Politik, die sich seiner \u201eExpertise\u201c seit vielen Jahren bediente<\/li>\n<li>(2015-07) <strong>Mobilfunk sch\u00e4digt Zellen weit unter Grenzwerten<\/strong> &#8211; Ukrainische Forschergruppe um Prof. Igor Yakymenko legt Review vor (dt. \u00dcbersetzung auf <a href=\"https:\/\/www.diagnose-funk.org\/publikationen\/artikel\/detail&amp;newsid=1001\" target=\"_blank\" rel=\"noopener noreferrer\">diagnose-funk.org<\/a>): \u201eSchlussfolgernd zeigt unsere Analyse, dass Hochfrequenzstrahlung niedriger Intensit\u00e4t ein starker oxidativer Wirkungsfaktor f\u00fcr lebende Zellen ist, mit einem hohen krankheitserregenden Potenzial.\u201c (Yakymenko et al.)\n<ul>\n<li>Kommentar von Prof. Dr. Wilhelm Mosg\u00f6ller, Forschungskoordinator, Medizinische Universit\u00e4t Wien: \u201eAls im Jahr 2008 \u00f6ffentlich wurde, dass Exposition mit niedrig dosierten elektromagnetischen Feldern <strong>DNA-Br\u00fcche<\/strong> vermehrt, also gentoxisch wirken kann, wurden deutsche und \u00f6sterreichische Wissenschaftler mit F\u00e4lschungsvorw\u00fcrfen \u00fcberh\u00e4uft, diffamiert und verleumdet. Einige Jahre sp\u00e4ter sind diese Befunde mehrfach repliziert, und dar\u00fcber hinaus verdanken wir nun Yakymenko et al. eine bemerkenswerte Studienzusammenstellung, die plausibel erkl\u00e4rt, wie es zur gentoxischen Wirkung kommen kann: Niedrig dosierte elektromagnetische EM Felder <strong>erh\u00f6hen den oxidativen Stress<\/strong> der Zellen mit all seinen Folgen.[&#8230;]&#8220; <a href=\"https:\/\/www.diagnose-funk.org\/publikationen\/artikel\/detail&amp;newsid=1001\" target=\"_blank\" rel=\"noopener noreferrer\">weiterlesen<\/a><\/li>\n<\/ul>\n<\/li>\n<li>(2016) <strong>NTP-Studie<\/strong>: Die bisher gr\u00f6\u00dfte Studie zu nichtionisierender Strahlung und Krebs best\u00e4tigt bisherige Studien: <strong>Mobilfunkstrahlung kann zu Tumoren f\u00fchren<\/strong>. Durch die Strahlung wurden zwei Krebsarten (Schwannom, Gliom) und bei einer zus\u00e4tzlichen Anzahl von Ratten pr\u00e4kanzerogene <strong>Zellver\u00e4nderungen<\/strong> (Hyperplasie von Gliazellen) ausgel\u00f6st (<a href=\"https:\/\/www.diagnose-funk.org\/publikationen\/artikel\/detail&amp;newsid=1082\" target=\"_blank\" rel=\"noopener noreferrer\">mehr dazu auf diagnose-funk.org<\/a>)<\/li>\n<li>(2016) Giftstoffe durchdringen <strong>Blut-Hirn-Schranke<\/strong>: <strong>Sirav\/Seyhan<\/strong> best\u00e4tigen die Ergebnisse von Salford: Mobilfunkstrahlung von 900 und 1800 MHz, die keine Erw\u00e4rmung des Gewebes hervorruft, f\u00fchrt zu erh\u00f6hter Durchl\u00e4ssigkeit der Blut-Hirn-Schranke f\u00fcr Proteine nach 20 Minuten Bestrahlung. (<a href=\"https:\/\/www.diagnose-funk.org\/publikationen\/artikel\/detail?newsid=1061\" target=\"_blank\" rel=\"noopener noreferrer\">mehr auf diagnose-funk.org<\/a>)<\/li>\n<li>(2016)<strong> ATHEM-Report II<\/strong>\u00a0&#8222;Untersuchung athermischer Wirkungen elektromagnetischer Felder im Mobilfunkbereiche&#8220; (\u00f6sterreichische Allgemeine Unfallversicherungsanstalt (AUVA)) best\u00e4tigt:\n<ul>\n<li>Mobilfunkstrahlung sch\u00e4digt das Erbgut (<strong>DNA<\/strong>)<\/li>\n<li>Der Sch\u00e4digungsmechanismus ist <strong>oxidativer Zellstress<\/strong><\/li>\n<li>Die Sch\u00e4digungen sind athermische Wirkungen, vor denen die \u00a0geltenden Grenzwerten nicht sch\u00fctzen<br \/>\nDetails und Download bei <a href=\"https:\/\/www.diagnose-funk.org\/publikationen\/artikel\/detail&amp;newsid=1115\" target=\"_blank\" rel=\"noopener noreferrer\">diagnose-funk.org<\/a>\u00a0oder Download direkt bei der <a href=\"http:\/\/www.auva.at\/portal27\/portal\/auvaportal\/content\/contentWindow?&amp;contentid=10008.544748&amp;action=b&amp;cacheability=PAGE\" target=\"_blank\" rel=\"noopener noreferrer\">AUVA<\/a><\/li>\n<\/ul>\n<\/li>\n<li>(2021) <strong>STOA<\/strong> Studie (Science and Technology Options Assessment Komitee): STOA-Komitee ist ein Ausschuss des Europaparlamentes\n<ul>\n<li>fordert Verringerung der Strahlenbelastung sowie einen Ausbaustopp f\u00fcr 5G aufgrund aktueller Studienlage &#8211; mehr auf <a href=\"https:\/\/www.diagnose-funk.org\/aktuelles\/artikel-archiv\/detail?newsid=1740\" target=\"_blank\" rel=\"noopener\">diagnose-funk.org<\/a><\/li>\n<\/ul>\n<\/li>\n<li>(2022) <strong>BioInitiative<\/strong> &#8211; 2022 Updated Research Summaries <a href=\"https:\/\/bioinitiative.org\/research-summaries\/\" target=\"_blank\" rel=\"noopener\">bioinitiative.org<\/a>\n<ul>\n<li>(Auszug:) Studien zu <strong>freien Radikalen<\/strong> (<strong>oxidativen Sch\u00e4den<\/strong>) durch Hochfrequenzstrahlung: Von 288 Studien zeigen 263 Studien <strong>(91%) biologische Effekte<\/strong> (<a href=\"https:\/\/www.diagnose-funk.org\/aktuelles\/artikel-archiv\/detail?newsid=1850\" target=\"_blank\" rel=\"noopener\">diagnose-funk-org<\/a> \u00dcbersetzung)<\/li>\n<\/ul>\n<\/li>\n<\/ul>\n<p><strong>Studien zu\u00a0Elektrosensibilit\u00e4t (EHS)<\/strong><\/p>\n<ul>\n<li>Forschungs\u00fcberblick zu Elektrosensibilit\u00e4t <b>\u201eElektromagnetische Hypersensibilit\u00e4t \u2013 Tatsache oder Einbildung?\u201c<\/b> Die kanadischen Umweltmediziner Genuis\/Lipp haben 2011 erstmals einen kompletten Forschungs\u00fcberblick zur Elektrohypersensibilit\u00e4t vorgelegt. &#8211; <a href=\"http:\/\/www.diagnose-funk.org\/ueber-diagnose-funk\/brennpunkt\/elektrohypersensibilitaet-bestaetigung-durch-studie.php\" target=\"_blank\" rel=\"noopener noreferrer\">\u00dcbersetzung auf diagnose-funk.org<b><br \/>\n<\/b><\/a><\/li>\n<li><a href=\"http:\/\/www.buergerwelle.de\/pdf\/dect_und_wlan_beeinflussen_herztaetigkeit.pdf\" target=\"_blank\" rel=\"noopener noreferrer\"><strong>Provokationsstudie mit Herzratenvariabilit\u00e4t<\/strong><\/a> (PDF) zeigt, dass die Mikrowellenstrahlung eines 2.4 GHz-Schnurlostelefons das vegetative Nervensystem beeinflusst. (Magda Havas und andere)<\/li>\n<\/ul>\n","protected":false},"excerpt":{"rendered":"<p>Die Mobilfunk-Industrie hat das Vorgehen der Tabak-Industrie \u00fcbernommen und versucht immer wieder mit Industrie-finanzierten Pseudo-Studien Zweifel zu streuen. Wenn man miteinbezieht, wer die jeweiligen Studien finanziert hat kommt man zum Ergebnis, dass der Gro\u00dfteil der Industrie-finanzierten Studien keine sch\u00e4digende Wirkung gefunden hat, aber der Gro\u00dfteil der unabh\u00e4ngig finanzierten Studien reproduzierbar sch\u00e4digende Auswirkungen gefunden hat (Krebs, [&hellip;]<\/p>\n","protected":false},"author":1,"featured_media":0,"parent":0,"menu_order":0,"comment_status":"closed","ping_status":"closed","template":"","meta":{"footnotes":""},"class_list":["post-59","page","type-page","status-publish","hentry"],"yoast_head":"<!-- This site is optimized with the Yoast SEO plugin v27.1.1 - https:\/\/yoast.com\/product\/yoast-seo-wordpress\/ -->\n<title>Studien-Auswahl - wifi-refuge.org<\/title>\n<meta name=\"robots\" content=\"index, follow, max-snippet:-1, max-image-preview:large, max-video-preview:-1\" \/>\n<link rel=\"canonical\" href=\"https:\/\/wifi-refuge.org\/de\/studien\/\" \/>\n<meta property=\"og:locale\" content=\"de_DE\" \/>\n<meta property=\"og:type\" content=\"article\" \/>\n<meta property=\"og:title\" content=\"Studien-Auswahl - wifi-refuge.org\" \/>\n<meta property=\"og:description\" content=\"Die Mobilfunk-Industrie hat das Vorgehen der Tabak-Industrie \u00fcbernommen und versucht immer wieder mit Industrie-finanzierten Pseudo-Studien Zweifel zu streuen. Wenn man miteinbezieht, wer die jeweiligen Studien finanziert hat kommt man zum Ergebnis, dass der Gro\u00dfteil der Industrie-finanzierten Studien keine sch\u00e4digende Wirkung gefunden hat, aber der Gro\u00dfteil der unabh\u00e4ngig finanzierten Studien reproduzierbar sch\u00e4digende Auswirkungen gefunden hat (Krebs, [&hellip;]\" \/>\n<meta property=\"og:url\" content=\"https:\/\/wifi-refuge.org\/de\/studien\/\" \/>\n<meta property=\"og:site_name\" content=\"wifi-refuge.org\" \/>\n<meta property=\"article:modified_time\" content=\"2024-01-10T12:40:32+00:00\" \/>\n<meta name=\"twitter:card\" content=\"summary_large_image\" \/>\n<meta name=\"twitter:label1\" content=\"Gesch\u00e4tzte Lesezeit\" \/>\n\t<meta name=\"twitter:data1\" content=\"5\u00a0Minuten\" \/>\n<script type=\"application\/ld+json\" class=\"yoast-schema-graph\">{\"@context\":\"https:\/\/schema.org\",\"@graph\":[{\"@type\":\"WebPage\",\"@id\":\"https:\/\/wifi-refuge.org\/de\/studien\/\",\"url\":\"https:\/\/wifi-refuge.org\/de\/studien\/\",\"name\":\"Studien-Auswahl - wifi-refuge.org\",\"isPartOf\":{\"@id\":\"https:\/\/wifi-refuge.org\/de\/#website\"},\"datePublished\":\"2016-03-03T18:58:09+00:00\",\"dateModified\":\"2024-01-10T12:40:32+00:00\",\"breadcrumb\":{\"@id\":\"https:\/\/wifi-refuge.org\/de\/studien\/#breadcrumb\"},\"inLanguage\":\"de\",\"potentialAction\":[{\"@type\":\"ReadAction\",\"target\":[\"https:\/\/wifi-refuge.org\/de\/studien\/\"]}]},{\"@type\":\"BreadcrumbList\",\"@id\":\"https:\/\/wifi-refuge.org\/de\/studien\/#breadcrumb\",\"itemListElement\":[{\"@type\":\"ListItem\",\"position\":1,\"name\":\"Startseite\",\"item\":\"https:\/\/wifi-refuge.org\/de\/\"},{\"@type\":\"ListItem\",\"position\":2,\"name\":\"Studien-Auswahl\"}]},{\"@type\":\"WebSite\",\"@id\":\"https:\/\/wifi-refuge.org\/de\/#website\",\"url\":\"https:\/\/wifi-refuge.org\/de\/\",\"name\":\"wifi-refuge.org\",\"description\":\"\",\"potentialAction\":[{\"@type\":\"SearchAction\",\"target\":{\"@type\":\"EntryPoint\",\"urlTemplate\":\"https:\/\/wifi-refuge.org\/de\/?s={search_term_string}\"},\"query-input\":{\"@type\":\"PropertyValueSpecification\",\"valueRequired\":true,\"valueName\":\"search_term_string\"}}],\"inLanguage\":\"de\"}]}<\/script>\n<!-- \/ Yoast SEO plugin. -->","yoast_head_json":{"title":"Studien-Auswahl - wifi-refuge.org","robots":{"index":"index","follow":"follow","max-snippet":"max-snippet:-1","max-image-preview":"max-image-preview:large","max-video-preview":"max-video-preview:-1"},"canonical":"https:\/\/wifi-refuge.org\/de\/studien\/","og_locale":"de_DE","og_type":"article","og_title":"Studien-Auswahl - wifi-refuge.org","og_description":"Die Mobilfunk-Industrie hat das Vorgehen der Tabak-Industrie \u00fcbernommen und versucht immer wieder mit Industrie-finanzierten Pseudo-Studien Zweifel zu streuen. Wenn man miteinbezieht, wer die jeweiligen Studien finanziert hat kommt man zum Ergebnis, dass der Gro\u00dfteil der Industrie-finanzierten Studien keine sch\u00e4digende Wirkung gefunden hat, aber der Gro\u00dfteil der unabh\u00e4ngig finanzierten Studien reproduzierbar sch\u00e4digende Auswirkungen gefunden hat (Krebs, [&hellip;]","og_url":"https:\/\/wifi-refuge.org\/de\/studien\/","og_site_name":"wifi-refuge.org","article_modified_time":"2024-01-10T12:40:32+00:00","twitter_card":"summary_large_image","twitter_misc":{"Gesch\u00e4tzte Lesezeit":"5\u00a0Minuten"},"schema":{"@context":"https:\/\/schema.org","@graph":[{"@type":"WebPage","@id":"https:\/\/wifi-refuge.org\/de\/studien\/","url":"https:\/\/wifi-refuge.org\/de\/studien\/","name":"Studien-Auswahl - wifi-refuge.org","isPartOf":{"@id":"https:\/\/wifi-refuge.org\/de\/#website"},"datePublished":"2016-03-03T18:58:09+00:00","dateModified":"2024-01-10T12:40:32+00:00","breadcrumb":{"@id":"https:\/\/wifi-refuge.org\/de\/studien\/#breadcrumb"},"inLanguage":"de","potentialAction":[{"@type":"ReadAction","target":["https:\/\/wifi-refuge.org\/de\/studien\/"]}]},{"@type":"BreadcrumbList","@id":"https:\/\/wifi-refuge.org\/de\/studien\/#breadcrumb","itemListElement":[{"@type":"ListItem","position":1,"name":"Startseite","item":"https:\/\/wifi-refuge.org\/de\/"},{"@type":"ListItem","position":2,"name":"Studien-Auswahl"}]},{"@type":"WebSite","@id":"https:\/\/wifi-refuge.org\/de\/#website","url":"https:\/\/wifi-refuge.org\/de\/","name":"wifi-refuge.org","description":"","potentialAction":[{"@type":"SearchAction","target":{"@type":"EntryPoint","urlTemplate":"https:\/\/wifi-refuge.org\/de\/?s={search_term_string}"},"query-input":{"@type":"PropertyValueSpecification","valueRequired":true,"valueName":"search_term_string"}}],"inLanguage":"de"}]}},"_links":{"self":[{"href":"https:\/\/wifi-refuge.org\/de\/wp-json\/wp\/v2\/pages\/59","targetHints":{"allow":["GET"]}}],"collection":[{"href":"https:\/\/wifi-refuge.org\/de\/wp-json\/wp\/v2\/pages"}],"about":[{"href":"https:\/\/wifi-refuge.org\/de\/wp-json\/wp\/v2\/types\/page"}],"author":[{"embeddable":true,"href":"https:\/\/wifi-refuge.org\/de\/wp-json\/wp\/v2\/users\/1"}],"replies":[{"embeddable":true,"href":"https:\/\/wifi-refuge.org\/de\/wp-json\/wp\/v2\/comments?post=59"}],"version-history":[{"count":28,"href":"https:\/\/wifi-refuge.org\/de\/wp-json\/wp\/v2\/pages\/59\/revisions"}],"predecessor-version":[{"id":1604,"href":"https:\/\/wifi-refuge.org\/de\/wp-json\/wp\/v2\/pages\/59\/revisions\/1604"}],"wp:attachment":[{"href":"https:\/\/wifi-refuge.org\/de\/wp-json\/wp\/v2\/media?parent=59"}],"curies":[{"name":"wp","href":"https:\/\/api.w.org\/{rel}","templated":true}]}}