{"id":52,"date":"2016-03-03T19:54:44","date_gmt":"2016-03-03T18:54:44","guid":{"rendered":"http:\/\/wifi-refuge.org\/de\/?page_id=52"},"modified":"2021-05-29T11:44:07","modified_gmt":"2021-05-29T10:44:07","slug":"emf-gefahren","status":"publish","type":"page","link":"https:\/\/wifi-refuge.org\/de\/emf-gefahren\/","title":{"rendered":"Verschwiegene Mobilfunk Gefahren"},"content":{"rendered":"<h2><strong>Der gr\u00f6\u00dfte Feldversuch der Geschichte<\/strong><\/h2>\n<p>Bei der aktuellen Funktechnik (Handy, WLAN, DECT Schnurlostelefon, Smart Meter u.a.) handelt es sich um den gr\u00f6\u00dften Feldversuch am Menschen in der Geschichte. Die Handy-Industrie verdient Milliarden damit &#8211; auf Kosten der Gesundheit der Bev\u00f6lkerung. Die Zahl der Elektrosensiblen steigt immer weiter und auch Nicht-Elektrosensible werden fr\u00fcher oder sp\u00e4ter durch Gehirntumore und andere Krankheiten den Preis bezahlen m\u00fcssen.<\/p>\n<p>Die Risiken waren schon fr\u00fch bekannt, wurden von der Industrie und Medien aber erfolgreich heruntergespielt. Die Handyindustrie hat sich der gleichen Methode bedient, die auch bei der Tabakindustrie \u00fcber Jahre erfolgreich war: mit verharmlosenden Studien Zweifel zu streuen. Alles was den Erfolg des Unternehmens gef\u00e4hrden k\u00f6nnte muss beseitigt werden. Die Gesundheit der Kunden ist dabei nachrangig.<\/p>\n<p>Trotz immer mehr Warnungen von Wissenschaftlern (s. <a href=\"http:\/\/wifi-refuge.org\/de\/studien\/\">Studien<\/a>) und \u00c4rzten (s. <a href=\"http:\/\/wifi-refuge.org\/de\/aerzte-appelle\/\">\u00c4rzteappelle <\/a>2002, 2004, 2012) steigt die Verbreitung von Handys und Funkmasten ungebremst in hohem Tempo.<\/p>\n<h2>Typische Argumente<\/h2>\n<ul>\n<li><strong>Es gibt bislang keine Studien,<\/strong> die negative Auswirkungen von Handystrahlung \/ WLAN \/ Schnurlostelefone best\u00e4tigen.<br \/>\n=&gt; Das typische Argument, das in fast allen Zeitungen, Internet-Foren, Talk-Shows etc. verwendet wird, aber falsch ist (s. <a href=\"http:\/\/wifi-refuge.org\/de\/studien\/\">Studien<\/a>).<\/li>\n<\/ul>\n<ul>\n<li><strong>Die Grenzwerte werden eingehalten<\/strong>. Es gibt keine Risiken unterhalb der Grenzwerte.<br \/>\n=&gt; Das die Grenzwerte eingehalten werden, stimmt grunds\u00e4tzlich, allerdings wurde bei der Bestimmung der Grenzwerte fatalerweise <a href=\"http:\/\/wifi-refuge.org\/de\/ehs\/\" target=\"_blank\" rel=\"noopener\">nur die Erw\u00e4rmung des Gewebes (SAR Wert) ber\u00fccksichtigt<\/a>. Wie aktuelle Studien zeigen kann Krebs bei Strahlenst\u00e4rke weit unter den Grenzwerten entstehen.<\/li>\n<\/ul>\n<ul>\n<li>Die <strong>Politik<\/strong> w\u00fcrde eine solch sch\u00e4dliche Technologie niemals zulassen.<br \/>\n=&gt; Die Politik st\u00fctzt ihre Entscheidungen auf dem Argument, die Grenzwerte w\u00fcrden eingehalten. Wie im vorherigen Punkt erw\u00e4hnt wurde, sind diese v\u00f6llig veraltet und es ist fahrl\u00e4ssig, diese weiter als Ma\u00dfstab anzusehen.<br \/>\n=&gt; Ein weiterer Grund, warum die Politik den Feldversuch Handy-Technik weltweit zul\u00e4sst, ist ein Interessenkonflikt. Mit den Frequenz-Versteigerungen werden Milliarden eingenommen. Mobilfunk-Vertr\u00e4ge sind ein Milliarden-Gesch\u00e4ft. In anderen Worten: Die Gesundheit der B\u00fcrger steht hinten an.<\/li>\n<\/ul>\n<ul>\n<li><strong>Elektrosensible<\/strong> bilden sich die Symptome nur ein. Oder: Elektrosensible leiden unter dem <strong>Nocebo<\/strong>, d.h. die Symptome entstehen, weil bestimmte negative Auswirkungen erwartet werden (z.B. wenn man einen Mobilfunkmast sieht).<br \/>\n=&gt; Es gibt Doppelblind-Studien mit DECT Telefonen, die dieses Argument widerlegen (s. <a href=\"http:\/\/wifi-refuge.org\/de\/ehs\/\">EHS<\/a>). Au\u00dferdem best\u00e4tigen die Auswirkungen der Strahlung auf\u00a0Tiere, dass die Ursache nicht psychosomatisch sein kann.<\/li>\n<\/ul>\n<ul>\n<li><strong>&#8222;Ich selber sp\u00fcre \u00fcberhaupt keine Auswirkungen<\/strong>, deshalb ist es unm\u00f6glich, das an der Strahlung etwas sch\u00e4dlich sein kann.&#8220;<br \/>\n=&gt; Nicht jeder Mensch reagiert mit der gleichen Empfindlichkeit auf Umwelteinfl\u00fcsse. Nicht jeder Mensch hat die gleichen Allergien. Elektrosensible berichten oft, dass sie fr\u00fcher sehr viel mit dem Handy telefoniert und WLAN verwendet haben, aber dann wie bei einer allergischen Reaktionen innerhalb eines kurzen Zeitraums sehr empfindlich wurden.<br \/>\n=&gt; Sch\u00e4den an Zellen finden auch statt, ohne das dies k\u00f6rperlich auf irgendeine Weise wahrgenommen wird (siehe NTP <a href=\"http:\/\/wifi-refuge.org\/de\/studien\/\">Studie<\/a>, die Krebsentstehung nachgewiesen hat).<\/li>\n<\/ul>\n<ul>\n<li><strong>Argument: Radiosender gibt es schon\u00a0<\/strong><b>jahrzehntelang<\/b>\u00a0und niemand hat sich beschwert. Die Sonne gibt auch Strahlung ab und die Menschheit hat Jahrtausende \u00fcberlebt.<br \/>\n=&gt; Bei diesem Argument wird \u00fcberhaupt nicht ber\u00fccksichtigt, dass es ganz unterschiedliche Arten von Strahlung in unterschiedlichen Frequenzbereichen gibt.<\/li>\n<\/ul>\n<h2>Unterschiedliche Arten von Strahlung<\/h2>\n<p>Elektromagnetische Felder (EMF) haben je nach Frequenz unterschiedliche Auswirkungen auf den menschlichen K\u00f6rper. Niederfrequenz-Felder wie in der <strong>Hauselektrik<\/strong> haben z.B. eine Frequenz von 50 Hz. <strong>Radiowellen<\/strong> (LM &#8211; UKW) verwenden den Frequenzbereich von 30 kHz bis 300 MHz.<\/p>\n<p><strong>Handys<\/strong> erzeugen allerdings eine Hochfrequenz-Strahlung im Bereich 800 MHz-2,6 GHz, <strong>WLAN<\/strong> 2,4 &#8211; 5,9 GHz und <strong>DECT<\/strong> Schnurlostelefone 1,9 GHz.<br \/>\nDiese Strahlung wird teilweise vom K\u00f6rper reflektiert, aber sie dringt eben auch in den K\u00f6rper ein. Weil dabei W\u00e4rme entsteht wird diese Frequenz auch im<strong> Mikrowellen-Herd<\/strong> (<span class=\"st\">2,4<\/span> GHz) verwendet. Die aktuellen Mobilfunk-Grenzwerte ber\u00fccksichtigen nur diesen Erw\u00e4rmungs-Effekt &#8211; mehr dazu weiter unten.<\/p>\n<p>Strahlung mit noch h\u00f6herer Frequenz wie z.B. <strong>Licht<\/strong> (384-789 THz) und Ultraviolettstrahlung (UV) wird bereits von der Haut absorbiert. Deshalb kann die Haut ohne UV Sonnenschutz durch Sonnenstrahlen besch\u00e4digt werden (Sonnenbrand).<\/p>\n<p>Am oberen Ende des Frequenzspektrums befinden sich die <strong>R\u00f6ntgenstrahlung<\/strong> und die Gammastrahlung &#8211; dieser Bereich wird &#8222;ionisierende Strahlung&#8220; genannt. Diese Strahlung hat genug Energie, um Elektronen aus Atomen oder Molek\u00fclen zu entfernen. Dieser Vorgang wird Ionisation genannt.<\/p>\n<p>1000 Hertz = 1 kHz (Kilohertz)<br \/>\n1000 kHz = 1 MHz (Megahertz)<br \/>\n1000 MHz = 1 GHz (Gigahertz)<br \/>\n1000 GHz = 1 THz (Terahertz)<\/p>\n<p><img loading=\"lazy\" decoding=\"async\" class=\"alignnone size-full wp-image-494\" src=\"https:\/\/wifi-refuge.org\/wprefuge\/wp-content\/uploads\/2015\/03\/Frequenzspektrum_Ueberblick_diagnose-funk.org_.jpg\" alt=\"Frequenzspektrum_Ueberblick_diagnose-funk.org\" width=\"998\" height=\"484\" \/><br \/>\n<em>(Quelle: http:\/\/www.diagnose-funk.org\/assets\/df_bp_ehs-genuis_2012-02-01-komplett.pdf)<\/em><\/p>\n<h2><\/h2>\n<h2>Jeder ist betroffen<\/h2>\n<p>Menschen mit Elektrosensibilit\u00e4t k\u00f6nnen als Fr\u00fchwarnsystem gesehen werden. Jeder ist betroffen, egal ob man unter den Symptomen der Elektrosensibilit\u00e4t leidet oder nicht. Schwerwiegendere Auswirkungen auf die Gesundheit, wie Gehirntumore durch DNA-Br\u00fcche, k\u00f6nnen die Folge sein, falls die Probleme ignoriert werden. Der <a href=\"http:\/\/www.bioinitiative.org\/conclusions\/\" target=\"_blank\" rel=\"noopener\">bio initiative report<\/a> hat etwa 1800 Studien analysiert und kommt zu der Schlussfolgerung, dass es nicht-thermische Effekte weit unterhalb der aktuellen Grenzwerte gibt. Weitere Studien sind unter <a title=\"Links\" href=\"http:\/\/wifi-refuge.org\/de\/links\/\">Links<\/a> aufgelistet.<\/p>\n<h2>Elektrosensibilit\u00e4t<\/h2>\n<p>Es st\u00e4ndig wachsender Teil der Bev\u00f6lkerung von Industriel\u00e4ndern berichtet von bestimmten Symptomen (Kopfschmerzen, Schwindel, Konzentrationsprobleme u.a.), wenn sie Strahlung von Handys, Mobilfunkmasten, WLAN, Smart Meter und \u00e4hnlichen Drahtlos-Techniken ausgesetzt sind. Mehr dazu <a href=\"http:\/\/wifi-refuge.org\/de\/ehs\/\">hier&#8230;<\/a><\/p>\n<h2>Auch Tiere sind betroffen<\/h2>\n<ul>\n<li>M\u00e4use:\u00a0<a href=\"http:\/\/en.wikipedia.org\/wiki\/Lennart_Hardell\" target=\"_blank\" rel=\"noopener\">Lennart Hardell<\/a> hat <a href=\"http:\/\/www.microwavenews.com\/news-center\/rf-animal-cancer-promotion\" target=\"_blank\" rel=\"noopener\">Auswirkungen auf M\u00e4use<\/a> belegt, die selbst bei niedriger Mobilfunk-Strahlung auftreten (Tumorbildung).<\/li>\n<li>Bienen: Seit 2007 hat die Anzahl der Honigbienen weltweit stark abgenommen (colony collapse disorder). Neben anderen Umweltfaktoren wie Monokultur und Pestizide konnte nachgewiesen werden, dass Bienen von Hochfrequenter Strahlung beeintr\u00e4chtigt werden. In einem Experiment in Landau wurde in einem der Bienenst\u00f6cke ein DECT Schnurlostelefon platziert. In diesen Stock sind anschlie\u00dfend nur 30% der markierten Bienen zur\u00fcckgekehrt (<a href=\"https:\/\/www.youtube.com\/watch?v=Lv43JYU5kvc\" target=\"_blank\" rel=\"noopener\">Video auf youtube<\/a>).<\/li>\n<\/ul>\n<p><img loading=\"lazy\" decoding=\"async\" class=\"alignnone\" src=\"https:\/\/wifi-refuge.org\/wprefuge\/wp-content\/uploads\/2015\/03\/330px-Plumpollen0060_wikipediade.jpg\" alt=\"\" width=\"330\" height=\"262\" \/><\/p>\n<ul>\n<li>F\u00e4lle mit Rindern und K\u00e4lbern:\n<ul>\n<li>Der Fall R\u00fctlihof (Bauer Hans Sturzenegger) in der Schweiz steht f\u00fcr viele andere betroffene Bauern, die nach der Errichtung eines Mobilfunkmasts Auff\u00e4lligkeiten bei Tieren beobachtet haben. Im Fall R\u00fctlihof gab es kurz nach Errichten eines Masts viele blind geborene K\u00e4lber und Verhaltsauff\u00e4lligkeiten bei Rindern. Der Fall wurde von der Universit\u00e4t Z\u00fcrich best\u00e4tigt. Anschlie\u00dfend gab haben sich viele Bauern gemeldet, die \u00fcber \u00e4hnliche Probleme im Zusammenhang mit Mobilfunkmasten berichten (<a href=\"http:\/\/www.strahlungsfrei.ch\/PDFs\/Kaelberblindheit_wegen_Handymast.pdf\" target=\"_blank\" rel=\"noopener\">PDF<\/a>).<\/li>\n<li>Bei Friedrich Stengel aus Oettingen kam es direkt nach Errichtung eines T-Mobile Senders 1997 zu vielen Fehl- und Todgeburten (10 Todgeburten in einem Jahr), die Fruchtbarkeit hat abgenommen und der Gesundheitszustand hat sich verschlechtert. Ein Amtstierarzt hat zwei Jahre lang alles erdenkliche untersucht &#8211; <a href=\"http:\/\/www.bund-naturschutz.de\/mobilfunk\/leben-und-funk\/rindersterben.html\" target=\"_blank\" rel=\"noopener\">http:\/\/www.bund-naturschutz.de\/mobilfunk\/leben-und-funk\/rindersterben.html<\/a><\/li>\n<\/ul>\n<\/li>\n<\/ul>\n<ul>\n<li>Mehlw\u00fcrmer: \u201eJugend forscht\u201c-Experiment von Caroline Schick mit WLAN und Mehlw\u00fcrmern:Interview-Video mit Caroline Schick <a href=\"https:\/\/www.youtube.com\/watch?v=jCzlPRRbz-I\">bei YouTube<\/a><\/li>\n<li>Ameisen:\u00a0Ameisen zeigen gest\u00f6rtes Verhalten bei WLAN-Strahlung:Die Biologin Marie Claire Cammaerts (Universit\u00e4t Br\u00fcssel) untersuchte die Auswirkungen von Handystrahlung auf Ameisen\u00a0<a href=\"https:\/\/www.diagnose-funk.org\/publikationen\/artikel\/detail&amp;newsid=1157\" target=\"_blank\" rel=\"noopener\">diagnose-funk.org<\/a><\/li>\n<\/ul>\n<h2>Grenzwerte<\/h2>\n<p>Das Kern-Problem sind die aktuellen Grenzwerten. Das Problem mit den Grenzwerten ist, dass sie nur unter Ber\u00fccksichtigung der thermischen Auswirkungen auf das Gewebe im Gehirn definiert wurden (s. <a href=\"https:\/\/de.wikipedia.org\/wiki\/Spezifische_Absorptionsrate\" target=\"_blank\" rel=\"noopener\">SAR<\/a> Wert). Die Symptome, unter denen Elektrosensible leiden, sind dagegen unabh\u00e4ngig von Gewebe-Erw\u00e4rmung. Solche nicht-thermischen Effekte wurden allerdings bei der Bestimmung der Grenzwerte durch den privaten Verein <a href=\"https:\/\/de.wikipedia.org\/wiki\/International_Commission_on_Non-Ionizing_Radiation_Protection\" target=\"_blank\" rel=\"noopener\">ICNIRP<\/a> nicht ber\u00fccksichtigt.\u00a0Dr. Michael Repacholi verschaffte (erster Vorsitzender von ICNIRP) verschaffte dem Verein offizielle Anerkennung.<\/p>\n<p>Weitere Informationen: <a href=\"http:\/\/www.buergerwelle.de\/pdf\/sonderdruck_grenzwerte_2_2010.pdf\" target=\"_blank\" rel=\"noopener\">Woher kommen unsere Mobilfunk-Grenzwerte?<\/a> (PDF)<\/p>\n<h2>Wir steuern auf ein Desaster zu<\/h2>\n<p>Aktuell sieht es so aus, als ob f\u00fcr die Regierungen und die Mobilfunk-Industrie das Geld wichtiger ist, als die Gesundheit der Bev\u00f6lkerung. In den n\u00e4chsten Jahren d\u00fcrfte das Desaster immer deutlicher werden, da die Zahl der Betroffenen immer weiter steigen wird, wie auch die Zahl der Mobilfunkantennen, WLAN-Netzen und Smart Meter immer weiter zunimmt.<\/p>\n<ul>\n<li>Regierungen m\u00fcssen die Probleme mit der aktuellen Drahtlos-Technologie anerkennen. Elektrosensibilit\u00e4t muss als Krankheit\/Behinderung anerkannt werden (wie in Schweden bereits der Fall).<\/li>\n<li>Die Zwangsbestrahlung durch immer mehr Mobilfunk-Masten, Smart-Meter, WLAN in Schulen und \u00f6ffentlichen Geb\u00e4uden muss gestoppt werden. Jedes gekaufte Handy und jeder abgeschlossene Handyvertrag unterst\u00fctzt den weiteren Ausbau der Netze.<\/li>\n<li>\u00c4rzte m\u00fcssen f\u00fcr den Umgang mit elektrosensiblen Patienten geschult werden.<\/li>\n<li>Die aktuellen Grenzwerte m\u00fcssen neu definiert werden, so dass diese den aktuellen Forschungsstand bzgl. nicht-thermischer Auswirkungen ber\u00fccksichtigen.<\/li>\n<li>Forschung an sicherer Drahtlos-Technologie ist notwendig.<\/li>\n<li>Bis dahin m\u00fcssen Zonen ohne oder mit geringer Strahlung eingerichtet werden, die als R\u00fcckzugsort dienen k\u00f6nnen.<\/li>\n<\/ul>\n<p>Frankreich hat Anfang 2015 einen ersten Schritt unternommen und ein Gesetz verabschiedet, dass unter anderem WLAN an Kindertagesst\u00e4tten verbietet &#8211; <a href=\"http:\/\/www.diagnose-funk.org\/themen\/mobilfunkversorgung\/franz-gesetz-zum-schutz-vor-mobilfunkstrahlung.php\" target=\"_blank\" rel=\"noopener\">mehr Details<\/a>.<\/p>\n<h2>Wie konnte es \u00fcberhaupt soweit kommen?<br \/>\nWarum kommt die Wahrheit kaum ans Licht?<\/h2>\n<ul>\n<li>Mobilfunk ist ein Milliardengesch\u00e4ft \u2013 <a href=\"http:\/\/de.statista.com\/statistik\/daten\/studie\/253359\/umfrage\/prognose-zum-mobilfunkumsatz-der-netzbetreiber-weltweit\/\" target=\"_blank\" rel=\"noopener\">Weltweiter Umsatz 2015<\/a>: 1200 Milliarden USD.<br \/>\nEs gibt Ende 2015 weltweit rund <a href=\"http:\/\/www.spiegel.de\/spiegel\/print\/d-135214444.html\" target=\"_blank\" rel=\"noopener\">7 Milliarden Mobilfunkvertr\u00e4ge <\/a><\/li>\n<li>Handybenutzer wollen oft eigentlich gar nichts von negativen Auswirkungen h\u00f6ren, da das Handy bereits ein so fester Bestandteil des Alltags geworden ist.<\/li>\n<li>Die Politik st\u00fctzt ihre Entscheidungen und Argumente auf die Grenzwerte und sagt, das diese eingehalten w\u00fcrden. Dies stimmt grunds\u00e4tzlich, allerdings wurde bei der Bestimmung der Grenzwerte fatalerweise <a href=\"http:\/\/wifi-refuge.org\/de\/ehs\/\" target=\"_blank\" rel=\"noopener\">nur die Erw\u00e4rmung des Gewebes (SAR Wert) ber\u00fccksichtigt<\/a>.<\/li>\n<li>Unabh\u00e4ngige Forschung ist oft aus finanziellen Gr\u00fcnden schwierig.<\/li>\n<li>Elektrosensible werden ignoriert, weil sie nur eine Minderheit darstellen.<\/li>\n<li>Elektrosensible werden bisher in den Medien nicht sehr ernst genommen. In so gut wie jedem Artikel \u00fcber Elektrosensible wird am Ende die falsche Behauptung aufgestellt, dass es bisher dazu noch keine Studien g\u00e4be.<\/li>\n<li>Krebs ben\u00f6tigt oft Jahrzehnte bis er entsteht, wie bei Asbest wird das b\u00f6se Erwachen aber fr\u00fcher oder sp\u00e4ter kommen.<\/li>\n<li>Strahlenschutzkommission: \u201eDie Strahlenschutzkommission mutierte zur Hofberichterstatterin der Mobilfunkindustrie, eine Trag\u00f6die f\u00fcr die Gesundheitsvorsorge.\u201c Dr. Joachim Mutter (<a href=\"https:\/\/www.diagnose-funk.org\/download.php?field=filename&amp;id=319&amp;class=NewsDownload\"> Mutters offener Brief an Prof. Lerchl<\/a> aus Artikel \u00fcber Kontroverse Mutter vs. Lerchl https:\/\/www.diagnose-funk.org\/publikationen\/artikel\/detail&amp;newsid=805)<\/li>\n<li>IZMF (Informationszentrum Mobilfunk e.V.) sponsert Fortbildungen von \u00c4rzten. Geschult wird, dass Symptome von Elektrosensiblen psychosomatisch sind (Unterstellung Hypochondrie). Diagnose \u201eSomatoforme Konversionsst\u00f6rungen\u201c = Psychisch bedingt.<br \/>\n<a href=\"http:\/\/www.informationszentrum-mobilfunk.de\/\">http:\/\/www.informationszentrum-mobilfunk.de\/<\/a><br \/>\n<a href=\"http:\/\/www.nrhz.de\/flyer\/beitrag.php?id=18245\">http:\/\/www.nrhz.de\/flyer\/beitrag.php?id=18245<\/a> Mobilfunk: Lobbyisten und ihr Einfluss bei Politikern und \u00c4rzten &#8211; Die Rolle des IZMF<\/li>\n<li>Medien tun sich schwer, unabh\u00e4ngig zu informieren &#8211; ein m\u00f6glicher Grund: die Werbeeinnahmen durch die Mobilfunkindustrie\n<ul>\n<li>Beispiel Spiegel<br \/>\n<a href=\"http:\/\/www.spiegel.de\/karriere\/italien-gehirntumor-durch-handy-nutzung-erstmals-als-berufskrankheit-anerkannt-a-1144218.html\">http:\/\/www.spiegel.de\/karriere\/italien-gehirntumor-durch-handy-nutzung-erstmals-als-berufskrankheit-anerkannt-a-1144218.html<\/a><br \/>\n\u201eGesundheitsstudien zur Nutzung von Mobiltelefonen hatten bislang ergeben, dass bei einem durchschnittlichen Gebrauch kein ernsthaftes Gesundheitsrisiko besteht. Trotzdem bleibt <a href=\"http:\/\/www.spiegel.de\/wissenschaft\/mensch\/angst-vor-mikrowellen-mammutstudie-bringt-keine-hinweise-auf-krebsgefahr-durch-handys-a-695099.html\">Raum f\u00fcr Spekulationen<\/a>.\u201c<br \/>\n-&gt; Warum werden keine aktuellen Studien erw\u00e4hnt, die zu einem eindeutigen Ergebnis kommen und stattdessen die INTERPHONE Studie zitiert, die ein unzureichendes Studiendesign aufwies?<\/li>\n<\/ul>\n<\/li>\n<\/ul>\n","protected":false},"excerpt":{"rendered":"<p>Der gr\u00f6\u00dfte Feldversuch der Geschichte Bei der aktuellen Funktechnik (Handy, WLAN, DECT Schnurlostelefon, Smart Meter u.a.) handelt es sich um den gr\u00f6\u00dften Feldversuch am Menschen in der Geschichte. Die Handy-Industrie verdient Milliarden damit &#8211; auf Kosten der Gesundheit der Bev\u00f6lkerung. Die Zahl der Elektrosensiblen steigt immer weiter und auch Nicht-Elektrosensible werden fr\u00fcher oder sp\u00e4ter durch [&hellip;]<\/p>\n","protected":false},"author":1,"featured_media":0,"parent":0,"menu_order":0,"comment_status":"closed","ping_status":"closed","template":"","meta":{"footnotes":""},"class_list":["post-52","page","type-page","status-publish","hentry"],"yoast_head":"<!-- This site is optimized with the Yoast SEO plugin v27.1.1 - https:\/\/yoast.com\/product\/yoast-seo-wordpress\/ -->\n<title>Verschwiegene Mobilfunk Gefahren - wifi-refuge.org<\/title>\n<meta name=\"robots\" content=\"index, follow, max-snippet:-1, max-image-preview:large, max-video-preview:-1\" \/>\n<link rel=\"canonical\" href=\"https:\/\/wifi-refuge.org\/de\/emf-gefahren\/\" \/>\n<meta property=\"og:locale\" content=\"de_DE\" \/>\n<meta property=\"og:type\" content=\"article\" \/>\n<meta property=\"og:title\" content=\"Verschwiegene Mobilfunk Gefahren - wifi-refuge.org\" \/>\n<meta property=\"og:description\" content=\"Der gr\u00f6\u00dfte Feldversuch der Geschichte Bei der aktuellen Funktechnik (Handy, WLAN, DECT Schnurlostelefon, Smart Meter u.a.) handelt es sich um den gr\u00f6\u00dften Feldversuch am Menschen in der Geschichte. Die Handy-Industrie verdient Milliarden damit &#8211; auf Kosten der Gesundheit der Bev\u00f6lkerung. Die Zahl der Elektrosensiblen steigt immer weiter und auch Nicht-Elektrosensible werden fr\u00fcher oder sp\u00e4ter durch [&hellip;]\" \/>\n<meta property=\"og:url\" content=\"https:\/\/wifi-refuge.org\/de\/emf-gefahren\/\" \/>\n<meta property=\"og:site_name\" content=\"wifi-refuge.org\" \/>\n<meta property=\"article:modified_time\" content=\"2021-05-29T10:44:07+00:00\" \/>\n<meta property=\"og:image\" content=\"http:\/\/wifi-refuge.org\/wprefuge\/wp-content\/uploads\/2015\/03\/Frequenzspektrum_Ueberblick_diagnose-funk.org_.jpg\" \/>\n<meta name=\"twitter:card\" content=\"summary_large_image\" \/>\n<meta name=\"twitter:label1\" content=\"Gesch\u00e4tzte Lesezeit\" \/>\n\t<meta name=\"twitter:data1\" content=\"8\u00a0Minuten\" \/>\n<script type=\"application\/ld+json\" class=\"yoast-schema-graph\">{\"@context\":\"https:\/\/schema.org\",\"@graph\":[{\"@type\":\"WebPage\",\"@id\":\"https:\/\/wifi-refuge.org\/de\/emf-gefahren\/\",\"url\":\"https:\/\/wifi-refuge.org\/de\/emf-gefahren\/\",\"name\":\"Verschwiegene Mobilfunk Gefahren - wifi-refuge.org\",\"isPartOf\":{\"@id\":\"https:\/\/wifi-refuge.org\/de\/#website\"},\"primaryImageOfPage\":{\"@id\":\"https:\/\/wifi-refuge.org\/de\/emf-gefahren\/#primaryimage\"},\"image\":{\"@id\":\"https:\/\/wifi-refuge.org\/de\/emf-gefahren\/#primaryimage\"},\"thumbnailUrl\":\"http:\/\/wifi-refuge.org\/wprefuge\/wp-content\/uploads\/2015\/03\/Frequenzspektrum_Ueberblick_diagnose-funk.org_.jpg\",\"datePublished\":\"2016-03-03T18:54:44+00:00\",\"dateModified\":\"2021-05-29T10:44:07+00:00\",\"breadcrumb\":{\"@id\":\"https:\/\/wifi-refuge.org\/de\/emf-gefahren\/#breadcrumb\"},\"inLanguage\":\"de\",\"potentialAction\":[{\"@type\":\"ReadAction\",\"target\":[\"https:\/\/wifi-refuge.org\/de\/emf-gefahren\/\"]}]},{\"@type\":\"ImageObject\",\"inLanguage\":\"de\",\"@id\":\"https:\/\/wifi-refuge.org\/de\/emf-gefahren\/#primaryimage\",\"url\":\"http:\/\/wifi-refuge.org\/wprefuge\/wp-content\/uploads\/2015\/03\/Frequenzspektrum_Ueberblick_diagnose-funk.org_.jpg\",\"contentUrl\":\"http:\/\/wifi-refuge.org\/wprefuge\/wp-content\/uploads\/2015\/03\/Frequenzspektrum_Ueberblick_diagnose-funk.org_.jpg\"},{\"@type\":\"BreadcrumbList\",\"@id\":\"https:\/\/wifi-refuge.org\/de\/emf-gefahren\/#breadcrumb\",\"itemListElement\":[{\"@type\":\"ListItem\",\"position\":1,\"name\":\"Startseite\",\"item\":\"https:\/\/wifi-refuge.org\/de\/\"},{\"@type\":\"ListItem\",\"position\":2,\"name\":\"Verschwiegene Mobilfunk Gefahren\"}]},{\"@type\":\"WebSite\",\"@id\":\"https:\/\/wifi-refuge.org\/de\/#website\",\"url\":\"https:\/\/wifi-refuge.org\/de\/\",\"name\":\"wifi-refuge.org\",\"description\":\"\",\"potentialAction\":[{\"@type\":\"SearchAction\",\"target\":{\"@type\":\"EntryPoint\",\"urlTemplate\":\"https:\/\/wifi-refuge.org\/de\/?s={search_term_string}\"},\"query-input\":{\"@type\":\"PropertyValueSpecification\",\"valueRequired\":true,\"valueName\":\"search_term_string\"}}],\"inLanguage\":\"de\"}]}<\/script>\n<!-- \/ Yoast SEO plugin. -->","yoast_head_json":{"title":"Verschwiegene Mobilfunk Gefahren - wifi-refuge.org","robots":{"index":"index","follow":"follow","max-snippet":"max-snippet:-1","max-image-preview":"max-image-preview:large","max-video-preview":"max-video-preview:-1"},"canonical":"https:\/\/wifi-refuge.org\/de\/emf-gefahren\/","og_locale":"de_DE","og_type":"article","og_title":"Verschwiegene Mobilfunk Gefahren - wifi-refuge.org","og_description":"Der gr\u00f6\u00dfte Feldversuch der Geschichte Bei der aktuellen Funktechnik (Handy, WLAN, DECT Schnurlostelefon, Smart Meter u.a.) handelt es sich um den gr\u00f6\u00dften Feldversuch am Menschen in der Geschichte. Die Handy-Industrie verdient Milliarden damit &#8211; auf Kosten der Gesundheit der Bev\u00f6lkerung. Die Zahl der Elektrosensiblen steigt immer weiter und auch Nicht-Elektrosensible werden fr\u00fcher oder sp\u00e4ter durch [&hellip;]","og_url":"https:\/\/wifi-refuge.org\/de\/emf-gefahren\/","og_site_name":"wifi-refuge.org","article_modified_time":"2021-05-29T10:44:07+00:00","og_image":[{"url":"http:\/\/wifi-refuge.org\/wprefuge\/wp-content\/uploads\/2015\/03\/Frequenzspektrum_Ueberblick_diagnose-funk.org_.jpg","type":"","width":"","height":""}],"twitter_card":"summary_large_image","twitter_misc":{"Gesch\u00e4tzte Lesezeit":"8\u00a0Minuten"},"schema":{"@context":"https:\/\/schema.org","@graph":[{"@type":"WebPage","@id":"https:\/\/wifi-refuge.org\/de\/emf-gefahren\/","url":"https:\/\/wifi-refuge.org\/de\/emf-gefahren\/","name":"Verschwiegene Mobilfunk Gefahren - wifi-refuge.org","isPartOf":{"@id":"https:\/\/wifi-refuge.org\/de\/#website"},"primaryImageOfPage":{"@id":"https:\/\/wifi-refuge.org\/de\/emf-gefahren\/#primaryimage"},"image":{"@id":"https:\/\/wifi-refuge.org\/de\/emf-gefahren\/#primaryimage"},"thumbnailUrl":"http:\/\/wifi-refuge.org\/wprefuge\/wp-content\/uploads\/2015\/03\/Frequenzspektrum_Ueberblick_diagnose-funk.org_.jpg","datePublished":"2016-03-03T18:54:44+00:00","dateModified":"2021-05-29T10:44:07+00:00","breadcrumb":{"@id":"https:\/\/wifi-refuge.org\/de\/emf-gefahren\/#breadcrumb"},"inLanguage":"de","potentialAction":[{"@type":"ReadAction","target":["https:\/\/wifi-refuge.org\/de\/emf-gefahren\/"]}]},{"@type":"ImageObject","inLanguage":"de","@id":"https:\/\/wifi-refuge.org\/de\/emf-gefahren\/#primaryimage","url":"http:\/\/wifi-refuge.org\/wprefuge\/wp-content\/uploads\/2015\/03\/Frequenzspektrum_Ueberblick_diagnose-funk.org_.jpg","contentUrl":"http:\/\/wifi-refuge.org\/wprefuge\/wp-content\/uploads\/2015\/03\/Frequenzspektrum_Ueberblick_diagnose-funk.org_.jpg"},{"@type":"BreadcrumbList","@id":"https:\/\/wifi-refuge.org\/de\/emf-gefahren\/#breadcrumb","itemListElement":[{"@type":"ListItem","position":1,"name":"Startseite","item":"https:\/\/wifi-refuge.org\/de\/"},{"@type":"ListItem","position":2,"name":"Verschwiegene Mobilfunk Gefahren"}]},{"@type":"WebSite","@id":"https:\/\/wifi-refuge.org\/de\/#website","url":"https:\/\/wifi-refuge.org\/de\/","name":"wifi-refuge.org","description":"","potentialAction":[{"@type":"SearchAction","target":{"@type":"EntryPoint","urlTemplate":"https:\/\/wifi-refuge.org\/de\/?s={search_term_string}"},"query-input":{"@type":"PropertyValueSpecification","valueRequired":true,"valueName":"search_term_string"}}],"inLanguage":"de"}]}},"_links":{"self":[{"href":"https:\/\/wifi-refuge.org\/de\/wp-json\/wp\/v2\/pages\/52","targetHints":{"allow":["GET"]}}],"collection":[{"href":"https:\/\/wifi-refuge.org\/de\/wp-json\/wp\/v2\/pages"}],"about":[{"href":"https:\/\/wifi-refuge.org\/de\/wp-json\/wp\/v2\/types\/page"}],"author":[{"embeddable":true,"href":"https:\/\/wifi-refuge.org\/de\/wp-json\/wp\/v2\/users\/1"}],"replies":[{"embeddable":true,"href":"https:\/\/wifi-refuge.org\/de\/wp-json\/wp\/v2\/comments?post=52"}],"version-history":[{"count":37,"href":"https:\/\/wifi-refuge.org\/de\/wp-json\/wp\/v2\/pages\/52\/revisions"}],"predecessor-version":[{"id":1208,"href":"https:\/\/wifi-refuge.org\/de\/wp-json\/wp\/v2\/pages\/52\/revisions\/1208"}],"wp:attachment":[{"href":"https:\/\/wifi-refuge.org\/de\/wp-json\/wp\/v2\/media?parent=52"}],"curies":[{"name":"wp","href":"https:\/\/api.w.org\/{rel}","templated":true}]}}