{"id":333,"date":"2017-04-19T08:27:01","date_gmt":"2017-04-19T07:27:01","guid":{"rendered":"http:\/\/wifi-refuge.org\/de\/?page_id=333"},"modified":"2021-05-13T17:33:51","modified_gmt":"2021-05-13T16:33:51","slug":"gruende-fuer-ein-leben-ohne-handy","status":"publish","type":"page","link":"https:\/\/wifi-refuge.org\/de\/gruende-fuer-ein-leben-ohne-handy\/","title":{"rendered":"Handyfrei &#8211; Gr\u00fcnde f\u00fcr ein Leben ohne Handy"},"content":{"rendered":"<p>Eine Sammlung der wichtigsten Gr\u00fcnde seinen Handyvertrag schnellstm\u00f6glich zu k\u00fcndigen.<\/p>\n<ul>\n<li>Der wichtigste Grund: Auswirkungen auf die <strong>Gesundheit<\/strong> (DNA Sch\u00e4den,\n<div class=\"mw-search-result-heading\"><span class=\"searchmatch\">Oxidativer<\/span> <span class=\"searchmatch\">Stress, \u00d6ffnung der Blut-Hirn-Schranke\u00a0&#8211;\u00a0<\/span>s. <a href=\"http:\/\/wifi-refuge.org\/de\/studien\/\" rel=\"noopener noreferrer\">Studien<\/a>). Zudem tr\u00e4gt jeder Handyvertrag dazu bei, dass noch mehr Sendemasten gebaut werden. Durch Sendemasten wird jeder der Strahlenbelastung ausgesetzt, auch wenn man gar kein Handy verwendet.<\/div>\n<\/li>\n<li><strong>Zeitverschwendung<\/strong>\n<ul>\n<li>Zeitverschwendung durch z.B. mit Social Media Apps.<br \/>\ndurchschnittlich 2,5h Smartphone Nutzung t\u00e4glich verteilt auf<br \/>\n53 Entsperr-Vorg\u00e4nge (d.h. im Schnitt alle ca. 18 min)<br \/>\n(<a href=\"https:\/\/www.youtube.com\/watch?v=hYazTAPMZqE\" target=\"_blank\" rel=\"noopener noreferrer\">youtube<\/a>\u00a0Interview zu Buch &#8222;Digitaler Burnout&#8220;)<\/li>\n<li>Kinder und Jugendliche verschwenden Zeit am Handy anstatt z.B. ein Instrument zu lernen, Zeit in der Natur zu verbringen, Sport zu machen etc).<\/li>\n<\/ul>\n<\/li>\n<li><strong>Stress<\/strong> durch st\u00e4ndige Erreichbarkeit. Selbst im Urlaub kommt man nicht zur Ruhe.<\/li>\n<li><strong>Kommunikation<\/strong> leidet (selbst im Restaurant\/Caf\u00e9 schaut man aufs Handy anstatt miteinander zu reden)<\/li>\n<li>Negative Auswirkungen auf<strong> Gehirnleistung<\/strong>\n<ul>\n<li>Multitasking ist ein Mythos (<a href=\"http:\/\/www.zeit.de\/karriere\/beruf\/2012-08\/multitasking-gehirnleistung\" target=\"_blank\" rel=\"noopener noreferrer\">Zeit-Artikel<\/a>)<\/li>\n<li><strong>Konzentrationsf\u00e4higkeit<\/strong> leidet durch st\u00e4ndige Unterbrechungen (WhatsApp Nachrichte, SMS, News, &#8230;).<\/li>\n<li>Gehirn wird nicht mehr verwendet \/ baut ab &#8211; selbst f\u00fcr einfache Dinge das Handy verwendet wird (sich v\u00f6llig auf Navi verlassen, &#8230;)<\/li>\n<\/ul>\n<\/li>\n<li><strong>Suchtpotential<\/strong> (<a href=\"https:\/\/www.welt.de\/wirtschaft\/webwelt\/article152633755\/Daran-erkennen-Sie-ob-Sie-handysuechtig-sind.html\" target=\"_blank\" rel=\"noopener noreferrer\">Welt-Artikel<\/a>)<\/li>\n<li>Erh\u00f6hte <strong>Unfallgefahr<\/strong>\u00a0durch Ablenkung (Fu\u00dfg\u00e4nger, Autofahrer, Lokf\u00fchrer))\n<ul>\n<li>Handys lassen Unfallstatistik in die H\u00f6he schie\u00dfen &#8211; <a href=\"https:\/\/www.welt.de\/gesundheit\/article152517510\/Handys-lassen-Unfallstatistik-in-die-Hoehe-schiessen.html\" target=\"_blank\" rel=\"noopener noreferrer\">Welt-Artikel<\/a><\/li>\n<li>Jeder dritte Unfall wird durch abgelenkte Fahrer verursacht (US Studie) (<a href=\"http:\/\/www.sueddeutsche.de\/wissen\/smartphones-und-ablenkung-das-sind-die-groessten-gefahren-im-autoverkehr-1.2875941\" target=\"_blank\" rel=\"noopener noreferrer\">sueddeutsche.de Artikel<\/a>)<\/li>\n<li>US Doku &#8222;From One Second To The Next&#8220; \u00a0 <a href=\"https:\/\/www.youtube.com\/watch?v=_BqFkRwdFZ0\" target=\"_blank\" rel=\"noopener noreferrer\">youtube<\/a><\/li>\n<\/ul>\n<\/li>\n<li><strong>Datenspuren<\/strong> (Im Rahmen der Vorratsdatenspeicherung wird aufgezeichnet: Position, Tel-Nr. Gespr\u00e4chspartner, Zeitpunkt und Dauer des Gespr\u00e4chs, SMS \u00a0inkl. Text). (<a href=\"http:\/\/www.anwalt.org\/vorratsdatenspeicherung\" target=\"_blank\" rel=\"noopener noreferrer\">Quelle<\/a>)<\/li>\n<li><strong>Sicherheit<\/strong>\u00a0&#8211; Mit IMSI-Catcher k\u00f6nnen Gespr\u00e4che mitgeh\u00f6rt werden. Der IMSI-Catcher simuliert dabei ein Mobilfunknetzwerk und gibt sich als Basisstation aus. Solche Ger\u00e4te sind in Deutschland zwar nur zur Strafverfolgung zugelassen, lassen sich aber mit relativ geringem Aufwand herstellen. (<a href=\"https:\/\/de.wikipedia.org\/wiki\/IMSI-Catcher#Rechtsgrundlage_in_Deutschland\" target=\"_blank\" rel=\"noopener noreferrer\">Quelle<\/a>)<\/li>\n<li>F\u00fcr Herstellung werden seltene <strong>Rohstoffe<\/strong> ben\u00f6tigt, die oft Konflikte f\u00f6rdern und arme L\u00e4nder ausbeuten. Beispiel: Kinderarbeit in Kobaltminen (<a href=\"https:\/\/www.spiegel.de\/wirtschaft\/service\/apple-samsung-und-co-kinderarbeit-in-kobaltminen-im-kongo-a-1072704.html\" target=\"_blank\" rel=\"noopener noreferrer\">Spiegel-Artikel<\/a>)<\/li>\n<\/ul>\n","protected":false},"excerpt":{"rendered":"<p>Eine Sammlung der wichtigsten Gr\u00fcnde seinen Handyvertrag schnellstm\u00f6glich zu k\u00fcndigen. Der wichtigste Grund: Auswirkungen auf die Gesundheit (DNA Sch\u00e4den, Oxidativer Stress, \u00d6ffnung der Blut-Hirn-Schranke\u00a0&#8211;\u00a0s. Studien). Zudem tr\u00e4gt jeder Handyvertrag dazu bei, dass noch mehr Sendemasten gebaut werden. Durch Sendemasten wird jeder der Strahlenbelastung ausgesetzt, auch wenn man gar kein Handy verwendet. Zeitverschwendung Zeitverschwendung durch z.B. [&hellip;]<\/p>\n","protected":false},"author":1,"featured_media":0,"parent":0,"menu_order":0,"comment_status":"open","ping_status":"closed","template":"","meta":{"footnotes":""},"class_list":["post-333","page","type-page","status-publish","hentry"],"yoast_head":"<!-- This site is optimized with the Yoast SEO plugin v27.1.1 - https:\/\/yoast.com\/product\/yoast-seo-wordpress\/ -->\n<title>Handyfrei - Gr\u00fcnde f\u00fcr ein Leben ohne Handy - wifi-refuge.org<\/title>\n<meta name=\"robots\" content=\"index, follow, max-snippet:-1, max-image-preview:large, max-video-preview:-1\" \/>\n<link rel=\"canonical\" href=\"https:\/\/wifi-refuge.org\/de\/gruende-fuer-ein-leben-ohne-handy\/\" \/>\n<meta property=\"og:locale\" content=\"de_DE\" \/>\n<meta property=\"og:type\" content=\"article\" \/>\n<meta property=\"og:title\" content=\"Handyfrei - Gr\u00fcnde f\u00fcr ein Leben ohne Handy - wifi-refuge.org\" \/>\n<meta property=\"og:description\" content=\"Eine Sammlung der wichtigsten Gr\u00fcnde seinen Handyvertrag schnellstm\u00f6glich zu k\u00fcndigen. Der wichtigste Grund: Auswirkungen auf die Gesundheit (DNA Sch\u00e4den, Oxidativer Stress, \u00d6ffnung der Blut-Hirn-Schranke\u00a0&#8211;\u00a0s. Studien). Zudem tr\u00e4gt jeder Handyvertrag dazu bei, dass noch mehr Sendemasten gebaut werden. Durch Sendemasten wird jeder der Strahlenbelastung ausgesetzt, auch wenn man gar kein Handy verwendet. Zeitverschwendung Zeitverschwendung durch z.B. [&hellip;]\" \/>\n<meta property=\"og:url\" content=\"https:\/\/wifi-refuge.org\/de\/gruende-fuer-ein-leben-ohne-handy\/\" \/>\n<meta property=\"og:site_name\" content=\"wifi-refuge.org\" \/>\n<meta property=\"article:modified_time\" content=\"2021-05-13T16:33:51+00:00\" \/>\n<meta name=\"twitter:card\" content=\"summary_large_image\" \/>\n<meta name=\"twitter:label1\" content=\"Gesch\u00e4tzte Lesezeit\" \/>\n\t<meta name=\"twitter:data1\" content=\"2\u00a0Minuten\" \/>\n<script type=\"application\/ld+json\" class=\"yoast-schema-graph\">{\"@context\":\"https:\/\/schema.org\",\"@graph\":[{\"@type\":\"WebPage\",\"@id\":\"https:\/\/wifi-refuge.org\/de\/gruende-fuer-ein-leben-ohne-handy\/\",\"url\":\"https:\/\/wifi-refuge.org\/de\/gruende-fuer-ein-leben-ohne-handy\/\",\"name\":\"Handyfrei - Gr\u00fcnde f\u00fcr ein Leben ohne Handy - wifi-refuge.org\",\"isPartOf\":{\"@id\":\"https:\/\/wifi-refuge.org\/de\/#website\"},\"datePublished\":\"2017-04-19T07:27:01+00:00\",\"dateModified\":\"2021-05-13T16:33:51+00:00\",\"breadcrumb\":{\"@id\":\"https:\/\/wifi-refuge.org\/de\/gruende-fuer-ein-leben-ohne-handy\/#breadcrumb\"},\"inLanguage\":\"de\",\"potentialAction\":[{\"@type\":\"ReadAction\",\"target\":[\"https:\/\/wifi-refuge.org\/de\/gruende-fuer-ein-leben-ohne-handy\/\"]}]},{\"@type\":\"BreadcrumbList\",\"@id\":\"https:\/\/wifi-refuge.org\/de\/gruende-fuer-ein-leben-ohne-handy\/#breadcrumb\",\"itemListElement\":[{\"@type\":\"ListItem\",\"position\":1,\"name\":\"Startseite\",\"item\":\"https:\/\/wifi-refuge.org\/de\/\"},{\"@type\":\"ListItem\",\"position\":2,\"name\":\"Handyfrei &#8211; Gr\u00fcnde f\u00fcr ein Leben ohne Handy\"}]},{\"@type\":\"WebSite\",\"@id\":\"https:\/\/wifi-refuge.org\/de\/#website\",\"url\":\"https:\/\/wifi-refuge.org\/de\/\",\"name\":\"wifi-refuge.org\",\"description\":\"\",\"potentialAction\":[{\"@type\":\"SearchAction\",\"target\":{\"@type\":\"EntryPoint\",\"urlTemplate\":\"https:\/\/wifi-refuge.org\/de\/?s={search_term_string}\"},\"query-input\":{\"@type\":\"PropertyValueSpecification\",\"valueRequired\":true,\"valueName\":\"search_term_string\"}}],\"inLanguage\":\"de\"}]}<\/script>\n<!-- \/ Yoast SEO plugin. -->","yoast_head_json":{"title":"Handyfrei - Gr\u00fcnde f\u00fcr ein Leben ohne Handy - wifi-refuge.org","robots":{"index":"index","follow":"follow","max-snippet":"max-snippet:-1","max-image-preview":"max-image-preview:large","max-video-preview":"max-video-preview:-1"},"canonical":"https:\/\/wifi-refuge.org\/de\/gruende-fuer-ein-leben-ohne-handy\/","og_locale":"de_DE","og_type":"article","og_title":"Handyfrei - Gr\u00fcnde f\u00fcr ein Leben ohne Handy - wifi-refuge.org","og_description":"Eine Sammlung der wichtigsten Gr\u00fcnde seinen Handyvertrag schnellstm\u00f6glich zu k\u00fcndigen. Der wichtigste Grund: Auswirkungen auf die Gesundheit (DNA Sch\u00e4den, Oxidativer Stress, \u00d6ffnung der Blut-Hirn-Schranke\u00a0&#8211;\u00a0s. Studien). Zudem tr\u00e4gt jeder Handyvertrag dazu bei, dass noch mehr Sendemasten gebaut werden. Durch Sendemasten wird jeder der Strahlenbelastung ausgesetzt, auch wenn man gar kein Handy verwendet. Zeitverschwendung Zeitverschwendung durch z.B. [&hellip;]","og_url":"https:\/\/wifi-refuge.org\/de\/gruende-fuer-ein-leben-ohne-handy\/","og_site_name":"wifi-refuge.org","article_modified_time":"2021-05-13T16:33:51+00:00","twitter_card":"summary_large_image","twitter_misc":{"Gesch\u00e4tzte Lesezeit":"2\u00a0Minuten"},"schema":{"@context":"https:\/\/schema.org","@graph":[{"@type":"WebPage","@id":"https:\/\/wifi-refuge.org\/de\/gruende-fuer-ein-leben-ohne-handy\/","url":"https:\/\/wifi-refuge.org\/de\/gruende-fuer-ein-leben-ohne-handy\/","name":"Handyfrei - Gr\u00fcnde f\u00fcr ein Leben ohne Handy - wifi-refuge.org","isPartOf":{"@id":"https:\/\/wifi-refuge.org\/de\/#website"},"datePublished":"2017-04-19T07:27:01+00:00","dateModified":"2021-05-13T16:33:51+00:00","breadcrumb":{"@id":"https:\/\/wifi-refuge.org\/de\/gruende-fuer-ein-leben-ohne-handy\/#breadcrumb"},"inLanguage":"de","potentialAction":[{"@type":"ReadAction","target":["https:\/\/wifi-refuge.org\/de\/gruende-fuer-ein-leben-ohne-handy\/"]}]},{"@type":"BreadcrumbList","@id":"https:\/\/wifi-refuge.org\/de\/gruende-fuer-ein-leben-ohne-handy\/#breadcrumb","itemListElement":[{"@type":"ListItem","position":1,"name":"Startseite","item":"https:\/\/wifi-refuge.org\/de\/"},{"@type":"ListItem","position":2,"name":"Handyfrei &#8211; Gr\u00fcnde f\u00fcr ein Leben ohne Handy"}]},{"@type":"WebSite","@id":"https:\/\/wifi-refuge.org\/de\/#website","url":"https:\/\/wifi-refuge.org\/de\/","name":"wifi-refuge.org","description":"","potentialAction":[{"@type":"SearchAction","target":{"@type":"EntryPoint","urlTemplate":"https:\/\/wifi-refuge.org\/de\/?s={search_term_string}"},"query-input":{"@type":"PropertyValueSpecification","valueRequired":true,"valueName":"search_term_string"}}],"inLanguage":"de"}]}},"_links":{"self":[{"href":"https:\/\/wifi-refuge.org\/de\/wp-json\/wp\/v2\/pages\/333","targetHints":{"allow":["GET"]}}],"collection":[{"href":"https:\/\/wifi-refuge.org\/de\/wp-json\/wp\/v2\/pages"}],"about":[{"href":"https:\/\/wifi-refuge.org\/de\/wp-json\/wp\/v2\/types\/page"}],"author":[{"embeddable":true,"href":"https:\/\/wifi-refuge.org\/de\/wp-json\/wp\/v2\/users\/1"}],"replies":[{"embeddable":true,"href":"https:\/\/wifi-refuge.org\/de\/wp-json\/wp\/v2\/comments?post=333"}],"version-history":[{"count":36,"href":"https:\/\/wifi-refuge.org\/de\/wp-json\/wp\/v2\/pages\/333\/revisions"}],"predecessor-version":[{"id":1156,"href":"https:\/\/wifi-refuge.org\/de\/wp-json\/wp\/v2\/pages\/333\/revisions\/1156"}],"wp:attachment":[{"href":"https:\/\/wifi-refuge.org\/de\/wp-json\/wp\/v2\/media?parent=333"}],"curies":[{"name":"wp","href":"https:\/\/api.w.org\/{rel}","templated":true}]}}