{"id":25,"date":"2016-02-04T18:56:36","date_gmt":"2016-02-04T17:56:36","guid":{"rendered":"http:\/\/wifi-refuge.org\/de\/?page_id=25"},"modified":"2021-05-13T17:34:44","modified_gmt":"2021-05-13T16:34:44","slug":"about","status":"publish","type":"page","link":"https:\/\/wifi-refuge.org\/de\/about\/","title":{"rendered":"\u00dcber mich"},"content":{"rendered":"<p>Als jemand der selber an Elektrosensibilit\u00e4t leidet m\u00f6chte ich anderen Betroffenen helfen und \u00fcber die Gefahren der aktuellen Funktechnik informieren. Alle Informationen wurden gewissenhaft zusammengetragen und mit Quellenangaben versehen. Bitte teilen Sie mir \u00fcber das <a href=\"http:\/\/wifi-refuge.org\/de\/contact\/\" rel=\"noopener\">Kontaktformular <\/a>mit, falls Sie auf Fehler oder Unklarheiten gesto\u00dfen sind.<\/p>\n<p>Ich bin auf das Thema Elektrosensibilit\u00e4t gesto\u00dfen, als ich selber &#8211; sonst kerngesund &#8211; Schlafst\u00f6rungen bekommen habe, nachdem ich in eine neue Wohnung gezogen bin. Mit Hilfe eines Hochfrequenz-Analysers, den ich auf Grund der Beschwerden gekauft hatte, konnte ich Strahlungsquellen &#8211; Schnurlos-Telefon und WLAN bei den Nachbarn &#8211; eindeutig identifizieren. Ganz in der N\u00e4he des Betts war ein Schnurlostelefon in der Nachbarwohnung. Im Internet konnte ich dann viele \u00e4hnliche <a href=\"http:\/\/wifi-refuge.org\/de\/erfahrungsberichte\/\">Berichte<\/a> finden und sehen, dass ich nicht der Einzige bin.<\/p>\n<p>Derzeit kann ich in meiner Wohnung nur deshalb wieder normal schlafen, weil ich einen Abschirm-Baldachin gekauft habe. Ich muss aber leider trotzdem eine neue Wohnung suchen, da die Strahlenbelastung au\u00dferhalb des Baldachins immer unertr\u00e4glicher wird. Ich h\u00e4tte mir nie vorstellen k\u00f6nnen, dass so etwas in Deutschland m\u00f6glich ist &#8211; man wird Fl\u00fcchtling im eigenen (zumindest technologisch) hochentwickelten Land.<\/p>\n<p>Fr\u00fcher war ich noch von drahtloser Kommunikation fasziniert. Heute verwende ich kein Handy, WLAN und Schnurlostelefon mehr, weil ich ansonsten genau an den Symptomen leide, die unter <a title=\"Elektrosensibilit\u00e4t (EHS)\" href=\"http:\/\/wifi-refuge.org\/de\/ehs#symptoms\">Typische Symptome<\/a> aufgelistet sind.<\/p>\n<p>Ich hoffe, diese Webseite dabei hilft dabei, \u00fcber die Gefahren der aktuellen Funktechnik aufzukl\u00e4ren und denen eine Stimme zu geben, die unter Elektrosensibilit\u00e4t leiden.<\/p>\n<p><strong>Update 2017-04<\/strong>: Ich bin inzwischen (als \u00dcbergangsl\u00f6sung) in einen kleinen Ort gezogen, wo es nur au\u00dferhalb des Ortes Sendemasten gibt (mindestens\u00a01-2 km Abstand). Ich bin weiter auf der Suche nach einem <a href=\"http:\/\/wifi-refuge.org\/de\/vision\/\">geeigneten Ort<\/a> mit wenig Strahlung &#8211; am besten ein Ort, der auch Raum f\u00fcr andere Betroffene bietet.<\/p>\n<p><strong>Update 2017-07<\/strong>: Die Elektrosensibilit\u00e4t sehe ich inzwischen nur als eines von vielen Anzeichen, dass unser Lebensraum in Industriel\u00e4ndern zunehmend unvertr\u00e4glich f\u00fcr unseren menschlichen Organismus geworden ist. Auch die Chemikalien-Sensibilit\u00e4t (MCS), von der ich leicht betroffen bin, sehe ich als weiteres Zeichen, genauso wie das extreme Bienensterben. Ich habe diesem Thema deshalb eine <a href=\"http:\/\/wifi-refuge.org\/de\/globale-sackgassen\/\">eigene Seite<\/a> gewidmet.<\/p>\n<p><strong>Update 2020-07-13<\/strong>: Diese Website wird in Zukunft \u00fcberarbeitet mit neuem Fokus. Die Website-Inhalte hatten bisher drei Bereiche: Aufkl\u00e4rung \u00fcber sch\u00e4digende Wirkung von Hochfrequenz-Strahlung, die Suche nach Gebieten mit wenig Funkstrahlung und das konkrete, eigene Projekt, mit den aufgelisteten Vorstellungen und Ideen. Die \u00fcberarbeitete Website h\u00e4tte dann einen klaren Fokus, z.B. das konkrete Projekt wenn Grundst\u00fcck gefunden wurde. Die Website-Adresse (wifi-refuge.org) wird sich ziemlich sicher auch \u00e4ndern, da der Name etwas ungl\u00fccklich gew\u00e4hlt wurde. WiFi ist nicht so bekannt wie WLAN und WLAN ist au\u00dferdem nur eine der Strahlenquellen.<br \/>\nIch habe in den vergangenen Jahren immer wieder Nachrichten von anderen Betroffenen bekommen, die auch einen solchen Ort suchen. Solange ich selber kein konkretes Grundst\u00fcck habe, wo ich starten k\u00f6nnte, wird es schwierig weiter zukommen.<br \/>\nIch w\u00fcrde mich weiterhin auch bei anderen Projekten (oder wie man es auch nennen m\u00f6chte) anschlie\u00dfen. Bez\u00fcglich dem Auswandern schwanke ich zwischen einerseits &#8222;vielleicht sollte ich doch versuchen, es irgendwie in Deutschland zu schaffen; es w\u00fcrde vieles einfacher machen&#8220; und &#8222;keine Hoffnung mehr in Deutschland einen Ort zu finden und auf politische Anerkennung f\u00fcr EHS zu bekommen&#8220;.<br \/>\nIch habe mich eine Zeit lang mit dem Van Life besch\u00e4ftigt, d.h. man lebt im Camper\/Kastenwagen, anstatt in einer festen Wohnung. Man w\u00e4re als EHS sehr flexibel, allerdings gibt es dabei auch einiges zu beachten. Was mich eher wieder von der Idee abgebracht hat ist, dass man in Deutschland (und auch in umliegenden L\u00e4ndern) nur maximal eine Nacht im Auto \u00fcbernachten darf (z.B. auf Wanderparkplatz), dann muss man wieder etwas neues Suchen. Auf Stellpl\u00e4tzen gibt es oft WLAN, wenn nicht ohnehin ein Sendemast in der N\u00e4he ist. Au\u00dferdem gibt es vor allem an Autobahnen sehr viele Sendemasten. Dazu kommen noch die Kosten, f\u00fcr die man sich fast schon ein einfaches Tiny House hinstellen k\u00f6nnte.<\/p>\n","protected":false},"excerpt":{"rendered":"<p>Als jemand der selber an Elektrosensibilit\u00e4t leidet m\u00f6chte ich anderen Betroffenen helfen und \u00fcber die Gefahren der aktuellen Funktechnik informieren. Alle Informationen wurden gewissenhaft zusammengetragen und mit Quellenangaben versehen. Bitte teilen Sie mir \u00fcber das Kontaktformular mit, falls Sie auf Fehler oder Unklarheiten gesto\u00dfen sind. Ich bin auf das Thema Elektrosensibilit\u00e4t gesto\u00dfen, als ich selber [&hellip;]<\/p>\n","protected":false},"author":1,"featured_media":0,"parent":0,"menu_order":0,"comment_status":"closed","ping_status":"closed","template":"","meta":{"footnotes":""},"class_list":["post-25","page","type-page","status-publish","hentry"],"yoast_head":"<!-- This site is optimized with the Yoast SEO plugin v27.1.1 - https:\/\/yoast.com\/product\/yoast-seo-wordpress\/ -->\n<title>\u00dcber mich - wifi-refuge.org<\/title>\n<meta name=\"robots\" content=\"index, follow, max-snippet:-1, max-image-preview:large, max-video-preview:-1\" \/>\n<link rel=\"canonical\" href=\"https:\/\/wifi-refuge.org\/de\/about\/\" \/>\n<meta property=\"og:locale\" content=\"de_DE\" \/>\n<meta property=\"og:type\" content=\"article\" \/>\n<meta property=\"og:title\" content=\"\u00dcber mich - wifi-refuge.org\" \/>\n<meta property=\"og:description\" content=\"Als jemand der selber an Elektrosensibilit\u00e4t leidet m\u00f6chte ich anderen Betroffenen helfen und \u00fcber die Gefahren der aktuellen Funktechnik informieren. Alle Informationen wurden gewissenhaft zusammengetragen und mit Quellenangaben versehen. Bitte teilen Sie mir \u00fcber das Kontaktformular mit, falls Sie auf Fehler oder Unklarheiten gesto\u00dfen sind. Ich bin auf das Thema Elektrosensibilit\u00e4t gesto\u00dfen, als ich selber [&hellip;]\" \/>\n<meta property=\"og:url\" content=\"https:\/\/wifi-refuge.org\/de\/about\/\" \/>\n<meta property=\"og:site_name\" content=\"wifi-refuge.org\" \/>\n<meta property=\"article:modified_time\" content=\"2021-05-13T16:34:44+00:00\" \/>\n<meta name=\"twitter:card\" content=\"summary_large_image\" \/>\n<meta name=\"twitter:label1\" content=\"Gesch\u00e4tzte Lesezeit\" \/>\n\t<meta name=\"twitter:data1\" content=\"3\u00a0Minuten\" \/>\n<script type=\"application\/ld+json\" class=\"yoast-schema-graph\">{\"@context\":\"https:\/\/schema.org\",\"@graph\":[{\"@type\":\"WebPage\",\"@id\":\"https:\/\/wifi-refuge.org\/de\/about\/\",\"url\":\"https:\/\/wifi-refuge.org\/de\/about\/\",\"name\":\"\u00dcber mich - wifi-refuge.org\",\"isPartOf\":{\"@id\":\"https:\/\/wifi-refuge.org\/de\/#website\"},\"datePublished\":\"2016-02-04T17:56:36+00:00\",\"dateModified\":\"2021-05-13T16:34:44+00:00\",\"breadcrumb\":{\"@id\":\"https:\/\/wifi-refuge.org\/de\/about\/#breadcrumb\"},\"inLanguage\":\"de\",\"potentialAction\":[{\"@type\":\"ReadAction\",\"target\":[\"https:\/\/wifi-refuge.org\/de\/about\/\"]}]},{\"@type\":\"BreadcrumbList\",\"@id\":\"https:\/\/wifi-refuge.org\/de\/about\/#breadcrumb\",\"itemListElement\":[{\"@type\":\"ListItem\",\"position\":1,\"name\":\"Startseite\",\"item\":\"https:\/\/wifi-refuge.org\/de\/\"},{\"@type\":\"ListItem\",\"position\":2,\"name\":\"\u00dcber mich\"}]},{\"@type\":\"WebSite\",\"@id\":\"https:\/\/wifi-refuge.org\/de\/#website\",\"url\":\"https:\/\/wifi-refuge.org\/de\/\",\"name\":\"wifi-refuge.org\",\"description\":\"\",\"potentialAction\":[{\"@type\":\"SearchAction\",\"target\":{\"@type\":\"EntryPoint\",\"urlTemplate\":\"https:\/\/wifi-refuge.org\/de\/?s={search_term_string}\"},\"query-input\":{\"@type\":\"PropertyValueSpecification\",\"valueRequired\":true,\"valueName\":\"search_term_string\"}}],\"inLanguage\":\"de\"}]}<\/script>\n<!-- \/ Yoast SEO plugin. -->","yoast_head_json":{"title":"\u00dcber mich - wifi-refuge.org","robots":{"index":"index","follow":"follow","max-snippet":"max-snippet:-1","max-image-preview":"max-image-preview:large","max-video-preview":"max-video-preview:-1"},"canonical":"https:\/\/wifi-refuge.org\/de\/about\/","og_locale":"de_DE","og_type":"article","og_title":"\u00dcber mich - wifi-refuge.org","og_description":"Als jemand der selber an Elektrosensibilit\u00e4t leidet m\u00f6chte ich anderen Betroffenen helfen und \u00fcber die Gefahren der aktuellen Funktechnik informieren. Alle Informationen wurden gewissenhaft zusammengetragen und mit Quellenangaben versehen. Bitte teilen Sie mir \u00fcber das Kontaktformular mit, falls Sie auf Fehler oder Unklarheiten gesto\u00dfen sind. Ich bin auf das Thema Elektrosensibilit\u00e4t gesto\u00dfen, als ich selber [&hellip;]","og_url":"https:\/\/wifi-refuge.org\/de\/about\/","og_site_name":"wifi-refuge.org","article_modified_time":"2021-05-13T16:34:44+00:00","twitter_card":"summary_large_image","twitter_misc":{"Gesch\u00e4tzte Lesezeit":"3\u00a0Minuten"},"schema":{"@context":"https:\/\/schema.org","@graph":[{"@type":"WebPage","@id":"https:\/\/wifi-refuge.org\/de\/about\/","url":"https:\/\/wifi-refuge.org\/de\/about\/","name":"\u00dcber mich - wifi-refuge.org","isPartOf":{"@id":"https:\/\/wifi-refuge.org\/de\/#website"},"datePublished":"2016-02-04T17:56:36+00:00","dateModified":"2021-05-13T16:34:44+00:00","breadcrumb":{"@id":"https:\/\/wifi-refuge.org\/de\/about\/#breadcrumb"},"inLanguage":"de","potentialAction":[{"@type":"ReadAction","target":["https:\/\/wifi-refuge.org\/de\/about\/"]}]},{"@type":"BreadcrumbList","@id":"https:\/\/wifi-refuge.org\/de\/about\/#breadcrumb","itemListElement":[{"@type":"ListItem","position":1,"name":"Startseite","item":"https:\/\/wifi-refuge.org\/de\/"},{"@type":"ListItem","position":2,"name":"\u00dcber mich"}]},{"@type":"WebSite","@id":"https:\/\/wifi-refuge.org\/de\/#website","url":"https:\/\/wifi-refuge.org\/de\/","name":"wifi-refuge.org","description":"","potentialAction":[{"@type":"SearchAction","target":{"@type":"EntryPoint","urlTemplate":"https:\/\/wifi-refuge.org\/de\/?s={search_term_string}"},"query-input":{"@type":"PropertyValueSpecification","valueRequired":true,"valueName":"search_term_string"}}],"inLanguage":"de"}]}},"_links":{"self":[{"href":"https:\/\/wifi-refuge.org\/de\/wp-json\/wp\/v2\/pages\/25","targetHints":{"allow":["GET"]}}],"collection":[{"href":"https:\/\/wifi-refuge.org\/de\/wp-json\/wp\/v2\/pages"}],"about":[{"href":"https:\/\/wifi-refuge.org\/de\/wp-json\/wp\/v2\/types\/page"}],"author":[{"embeddable":true,"href":"https:\/\/wifi-refuge.org\/de\/wp-json\/wp\/v2\/users\/1"}],"replies":[{"embeddable":true,"href":"https:\/\/wifi-refuge.org\/de\/wp-json\/wp\/v2\/comments?post=25"}],"version-history":[{"count":43,"href":"https:\/\/wifi-refuge.org\/de\/wp-json\/wp\/v2\/pages\/25\/revisions"}],"predecessor-version":[{"id":1192,"href":"https:\/\/wifi-refuge.org\/de\/wp-json\/wp\/v2\/pages\/25\/revisions\/1192"}],"wp:attachment":[{"href":"https:\/\/wifi-refuge.org\/de\/wp-json\/wp\/v2\/media?parent=25"}],"curies":[{"name":"wp","href":"https:\/\/api.w.org\/{rel}","templated":true}]}}