{"id":201,"date":"2017-03-17T21:09:25","date_gmt":"2017-03-17T20:09:25","guid":{"rendered":"http:\/\/wifi-refuge.org\/de\/?page_id=201"},"modified":"2021-05-13T17:34:23","modified_gmt":"2021-05-13T16:34:23","slug":"aerzte-appelle","status":"publish","type":"page","link":"https:\/\/wifi-refuge.org\/de\/aerzte-appelle\/","title":{"rendered":"\u00c4rzte-Appelle"},"content":{"rendered":"<p><strong>Freiburger Appell 2002<\/strong><br \/>\n<a href=\"http:\/\/www.aerzte-und-mobilfunk.eu\/aerzte-appelle\/freiburger-appell-mobilfunk-gesundheit-praevention-therapie\/\" target=\"_blank\" rel=\"noopener\">http:\/\/www.aerzte-und-mobilfunk.eu\/aerzte-appelle\/freiburger-appell-mobilfunk-gesundheit-praevention-therapie\/<\/a><\/p>\n<p><strong>Bamberger Appell 2004<\/strong><br \/>\n<a href=\"http:\/\/www.aerzte-und-mobilfunk.eu\/aerzte-appelle\/bamberger-appell-mobilfunk-praevention-therapie-gesundheit\/\" target=\"_blank\" rel=\"noopener\">http:\/\/www.aerzte-und-mobilfunk.eu\/aerzte-appelle\/bamberger-appell-mobilfunk-praevention-therapie-gesundheit\/<\/a><\/p>\n<p><strong>Internationaler \u00c4rzte-Appell 2012<\/strong><br \/>\n<a href=\"http:\/\/www.aerzte-und-mobilfunk.eu\/aerzte-appelle\/internationaler-aerzteappell-mobilfunk-praevention-therapie-gesundheit\/\" target=\"_blank\" rel=\"noopener\">http:\/\/www.aerzte-und-mobilfunk.eu\/aerzte-appelle\/internationaler-aerzteappell-mobilfunk-praevention-therapie-gesundheit\/<\/a><\/p>\n<p><strong>Internationaler Appell 2017<\/strong> an die UN:<br \/>\nUrl: <a href=\"https:\/\/emfscientist.org\/index.php\/emf-scientist-appeal\" target=\"_blank\" rel=\"noopener\">https:\/\/emfscientist.org\/index.php\/emf-scientist-appeal<\/a><br \/>\nPDF: <a href=\"https:\/\/emfscientist.org\/images\/docs\/transl\/German.EMFscientist_Appell%202017.pdf\" target=\"_blank\" rel=\"noopener\">https:\/\/emfscientist.org\/images\/docs\/transl\/German.EMFscientist_Appell%202017.pdf<\/a><\/p>\n<p>Deutscher Text aus PDF:<\/p>\n<blockquote><p>An: Herrn Ant\u00f3nio Guterres, Generalsekret\u00e4r der Vereinten Nationen<br \/>\nHerrn Dr. Tedros Adhanom, Generaldirektor der Weltgesundheitsorganisation<br \/>\nHerrn Erik Solheim, gesch\u00e4ftsf\u00fchrender Direktor des UN Umweltprogramms<br \/>\ndie Mitgliedstaaten der Vereinten Nationen<\/p>\n<p><strong>Internationaler Appell<\/strong><\/p>\n<p>Datum der letzten Fassung: August 2017<\/p>\n<p><strong>Wissenschaftler rufen zum Schutz vor nicht-ionisierenden elektromagnetischen Feldern auf<\/strong><br \/>\nWir sind Wissenschaftler, die sich mit der Untersuchung biologischer und gesundheitlicher Wirkungen nicht-ionisierender elektromagnetischer Felder (EMF) befassen. Basierend auf den von Experten begutachteten Publikationen sind wir im Hinblick auf die allgegenw\u00e4rtige und stetig zunehmende Exposition gegen\u00fcber EMF, die von Elektroanlagen und Funkger\u00e4ten ausgehen, in gro\u00dfer Besorgnis. Diese bezieht sich \u2013 ist aber nicht begrenzt \u2013 auf Ger\u00e4te, die wie Mobil- und Schnurlostelefone und ihre Basisstationen, WLAN, Rundfunk- und Fernsehantennen, intelligente Z\u00e4hler (\u201esmart meter\u201c) und Baby-Monitore hochfrequente Strahlen (RF-EMF) aussenden, betrifft aber auch elektrische Ger\u00e4te und Infrastrukturen zur Bereitstellung von Elektrizit\u00e4t, bei denen extrem-niederfrequente elektromagnetische Felder (ELF-EMF) entstehen.<\/p>\n<p><strong>Wissenschaftliche Grundlage unserer gemeinsamen Sorge<\/strong><br \/>\nZahlreiche k\u00fcrzlich erschienene wissenschaftliche Publikationen haben gezeigt, dass EMF lebende Organismen weit unterhalb der meisten international und national geltenden Grenzwerte sch\u00e4digen.<br \/>\nDie Wirkungen umfassen ein erh\u00f6htes Krebsrisiko, zellul\u00e4ren Stress, einen Anstieg gesundheitssch\u00e4dlicher freier Radikale, genetische Sch\u00e4den, \u00c4nderungen von Strukturen und Funktionen im Reproduktionssystem, Defizite beim Lernen und Erinnern, neurologische St\u00f6rungen und negative Auswirkungen auf das allgemeine Wohlbefinden der Menschen. Die Sch\u00e4digung reicht weit \u00fcber die Menschheit hinaus, zumal die Hinweise f\u00fcr negative Auswirkungen auf die Pflanzen- und Tierwelt zunehmen.<\/p>\n<p>Diese Befunde rechtfertigen unseren Appell an die Vereinten Nationen (UN) und alle ihre Mitgliedstaaten, dass sie die Weltgesundheitsorganisation (WHO) ermutigen, bei der Entwicklung von EMFRichtlinien, die tats\u00e4chlich einen wirksamen Schutz gew\u00e4hren, bei der F\u00f6rderung von<br \/>\nPr\u00e4ventivma\u00dfnahmen und bei der Aufkl\u00e4rung der \u00d6ffentlichkeit \u00fcber die gesundheitlichen Risiken, besonders hinsichtlich der Risiken f\u00fcr Kinder und Schwangere, in effektiver Weise die F\u00fchrung zu \u00fcbernehmen. Sollte die WHO nicht handeln, versagte sie bei der Erf\u00fcllung ihres Auftrags als h\u00f6chstrangige internationale Gesundheitsorganisation.<\/p>\n<p><strong>Unzul\u00e4ngliche internationale Richtlinien f\u00fcr nicht-ionisierende EMF<\/strong><br \/>\nDie vielen Beh\u00f6rden, die f\u00fcr die Festlegung der Grenzwerte zust\u00e4ndig sind, haben ihren Auftrag verfehlt, geeignete Richtlinien zum Schutz der Bev\u00f6lkerung und darunter vor allem der Kinder, die f\u00fcr EMF-Wirkungen besonders anf\u00e4llig sind, zu erstellen. Die International Commission on Non-Ionizing Radiation Protection (ICNIRP) ver\u00f6ffentlichte 1998 \u201eRichtlinien f\u00fcr die Begrenzung der Exposition durch zeitlich ver\u00e4nderliche elektrische, magnetische und elektromagnetische Felder (bis 300 GHz)\u201c<sup>1<\/sup>. Diese Richtlinien werden von der WHO und zahlreichen L\u00e4ndern weltweit anerkannt. Um eine internationale Harmonisierung der Grenzwerte zu erreichen, ruft die WHO alle L\u00e4nder dazu auf, dass sie die ICNIRP-Richtlinien \u00fcbernehmen. Im Jahr 2009 ver\u00f6ffentlichte die ICNIRP eine Stellungnahme, in der sie ihre Richtlinien von 1998 erneut bekr\u00e4ftigte.<br \/>\nDa in der wissenschaftlichen Literatur ihrer Meinung nach in der Zwischenzeit \u201ekeine Beweise f\u00fcr irgendwelche sch\u00e4dliche Wirkungen unterhalb der grunds\u00e4tzlichen Begrenzung erbracht worden seien, sei eine umgehende Revision ihrer Richtlinien zur Begrenzung der Exposition gegen\u00fcber hochfrequenten elektromagnetischen Feldern nicht erforderlich\u201c.<sup>2<\/sup> Die ICNIRP h\u00e4lt bis zum heutigen Tag an dieser Darstellung fest, obwohl die wissenschaftlichen Fakten zunehmend das Gegenteil belegen. Nach unserer \u00dcberzeugung sind die ICNIRP-Richtlinien schon deshalb nicht geeignet,<br \/>\ndie Gesundheit der Menschen zu sch\u00fctzen, weil sie die Langzeit-Exposition und die Wirkung niedriger Intensit\u00e4ten nicht ber\u00fccksichtigen.<\/p>\n<p>Die WHO schloss sich 2002 der Einstufung extrem-niederfrequenter elektromagnetischen Felder (ELF-EMF)<sup>3\u00a0<\/sup>und 2011 der Einstufung hochfrequenter elektromagnetischer Felder (RF-EMF)<sup>4\u00a0<\/sup>durch die Internationale Agentur f\u00fcr Krebsforschung (IARC) an. Diese Einstufung stellte fest, dass EMF m\u00f6glicherweise beim Menschen Krebs verursacht (Gruppe 2B). Trotz der beiden IARC-Ergebnisse geht die WHO weiterhin davon aus, dass die vorliegenden Beweise nicht ausreichen, um eine quantitative Senkung der Grenzwerte zu rechtfertigen.<\/p>\n<p>Da die Grenzwertfestlegung zur Verhinderung sch\u00e4dlicher gesundheitlicher Wirkungen kontrovers beurteilt wird, schlagen wir vor, dass die Vereinten Nationen sich in ihrem Umweltprogramm (UNEP) mit der Angelegenheit befassen und Mittel f\u00fcr einen unabh\u00e4ngigen interdisziplin\u00e4ren Ausschuss bereitstellen, welcher das F\u00fcr und Wider von Alternativen zur derzeitigen Praxis erforscht und pr\u00fcft, wie die Exposition der Menschen gegen\u00fcber RF- und ELF-Feldern substanziell verringert werden k\u00f6nnte. Die Beratungen dieses Ausschusses sollten transparent und unparteiisch durchgef\u00fchrt werden.<br \/>\nObwohl es wichtig erscheint, dass bei diesem Prozess auch die Industrie beteiligt ist, darf es ihr nicht gestattet werden, den Verlauf und die sich ergebenden Schlussfolgerungen in ihrem Sinne zu beeinflussen. Dieser Ausschuss sollte seine Erkenntnisse an die UN und die WHO weiterleiten, um die Weichen f\u00fcr vorbeugende Ma\u00dfnahmen zu stellen.<\/p>\n<p><strong>Gemeinsam fordern wir auch, dass<\/strong><\/p>\n<ol>\n<li>Kinder und Schwangere gesch\u00fctzt werden;<\/li>\n<li>Richtlinien und Ausf\u00fchrungsbestimmungen verst\u00e4rkt werden;<\/li>\n<li>die Hersteller ermuntert werden, sicherere Technologien zu entwickeln;<\/li>\n<li>die Einrichtungen, die f\u00fcr Erzeugung, Weiterleitung, Verteilung und \u00dcberwachung der Elektrizit\u00e4t erforderlich sind, eine angemessene Stromqualit\u00e4t und geeignete elektrische Leitungsnetze bereitstellen,<br \/>\ndamit sch\u00e4dlicher Streustrom m\u00f6glichst gering gehalten wird;<\/li>\n<li>die \u00d6ffentlichkeit \u00fcber die m\u00f6glichen gesundheitlichen Risiken elektromagnetischer Felder aufgekl\u00e4rt und \u00fcber Ma\u00dfnahmen zur Verminderung der Sch\u00e4dlichkeit unterrichtet wird;<\/li>\n<li>medizinisches Fachpersonal \u00fcber die biologischen Wirkungen elektromagnetischer Felder unterrichtet und f\u00fcr die Behandlung elektrosensibler Patienten ausgebildet wird;<\/li>\n<li>die Regierungen f\u00fcr Ausbildung und Forschung im Bereich elektromagnetischer Felder und Gesundheit Mittel bereitstellen, und zwar unabh\u00e4ngig von der Industrie und von der Forschung, die von der Industrie in Auftrag gegeben wird;<\/li>\n<li>die Medien finanzielle Verbindungen von Experten zur Industrie offenlegen, wenn sie deren<br \/>\nMeinung zu Gesundheits- und Sicherheitsaspekten EMF-emittierender Technologien zitieren; und<\/li>\n<li>f\u00fcr Elektrosensible wei\u00dfe Zonen (strahlungsfreie Gebiete) ausgewiesen werden.<\/li>\n<\/ol>\n<p><sup>1\u00a0<\/sup>http:\/\/www.icnirp.org\/cms\/upload\/publications\/ICNIRPemfgdlger.pdf<br \/>\n<sup>2\u00a0<\/sup>http:\/\/www.icnirp.org\/cms\/upload\/publications\/ICNIRPStatementEMF.pdf<br \/>\n<sup>3<\/sup> http:\/\/monographs.iarc.fr\/ENG\/Monographs\/vol80\/<br \/>\n<sup>4<\/sup> http:\/\/monographs.iarc.fr\/ENG\/Monographs\/vol102\/<\/p>\n<p>Geplantes Datum der Einreichung: August 2017<\/p><\/blockquote>\n","protected":false},"excerpt":{"rendered":"<p>Freiburger Appell 2002 http:\/\/www.aerzte-und-mobilfunk.eu\/aerzte-appelle\/freiburger-appell-mobilfunk-gesundheit-praevention-therapie\/ Bamberger Appell 2004 http:\/\/www.aerzte-und-mobilfunk.eu\/aerzte-appelle\/bamberger-appell-mobilfunk-praevention-therapie-gesundheit\/ Internationaler \u00c4rzte-Appell 2012 http:\/\/www.aerzte-und-mobilfunk.eu\/aerzte-appelle\/internationaler-aerzteappell-mobilfunk-praevention-therapie-gesundheit\/ Internationaler Appell 2017 an die UN: Url: https:\/\/emfscientist.org\/index.php\/emf-scientist-appeal PDF: https:\/\/emfscientist.org\/images\/docs\/transl\/German.EMFscientist_Appell%202017.pdf Deutscher Text aus PDF: An: Herrn Ant\u00f3nio Guterres, Generalsekret\u00e4r der Vereinten Nationen Herrn Dr. Tedros Adhanom, Generaldirektor der Weltgesundheitsorganisation Herrn Erik Solheim, gesch\u00e4ftsf\u00fchrender Direktor des UN Umweltprogramms die Mitgliedstaaten der Vereinten Nationen Internationaler [&hellip;]<\/p>\n","protected":false},"author":1,"featured_media":0,"parent":0,"menu_order":0,"comment_status":"closed","ping_status":"closed","template":"","meta":{"footnotes":""},"class_list":["post-201","page","type-page","status-publish","hentry"],"yoast_head":"<!-- This site is optimized with the Yoast SEO plugin v27.1.1 - https:\/\/yoast.com\/product\/yoast-seo-wordpress\/ -->\n<title>\u00c4rzte-Appelle - wifi-refuge.org<\/title>\n<meta name=\"robots\" content=\"index, follow, max-snippet:-1, max-image-preview:large, max-video-preview:-1\" \/>\n<link rel=\"canonical\" href=\"https:\/\/wifi-refuge.org\/de\/aerzte-appelle\/\" \/>\n<meta property=\"og:locale\" content=\"de_DE\" \/>\n<meta property=\"og:type\" content=\"article\" \/>\n<meta property=\"og:title\" content=\"\u00c4rzte-Appelle - wifi-refuge.org\" \/>\n<meta property=\"og:description\" content=\"Freiburger Appell 2002 http:\/\/www.aerzte-und-mobilfunk.eu\/aerzte-appelle\/freiburger-appell-mobilfunk-gesundheit-praevention-therapie\/ Bamberger Appell 2004 http:\/\/www.aerzte-und-mobilfunk.eu\/aerzte-appelle\/bamberger-appell-mobilfunk-praevention-therapie-gesundheit\/ Internationaler \u00c4rzte-Appell 2012 http:\/\/www.aerzte-und-mobilfunk.eu\/aerzte-appelle\/internationaler-aerzteappell-mobilfunk-praevention-therapie-gesundheit\/ Internationaler Appell 2017 an die UN: Url: https:\/\/emfscientist.org\/index.php\/emf-scientist-appeal PDF: https:\/\/emfscientist.org\/images\/docs\/transl\/German.EMFscientist_Appell%202017.pdf Deutscher Text aus PDF: An: Herrn Ant\u00f3nio Guterres, Generalsekret\u00e4r der Vereinten Nationen Herrn Dr. Tedros Adhanom, Generaldirektor der Weltgesundheitsorganisation Herrn Erik Solheim, gesch\u00e4ftsf\u00fchrender Direktor des UN Umweltprogramms die Mitgliedstaaten der Vereinten Nationen Internationaler [&hellip;]\" \/>\n<meta property=\"og:url\" content=\"https:\/\/wifi-refuge.org\/de\/aerzte-appelle\/\" \/>\n<meta property=\"og:site_name\" content=\"wifi-refuge.org\" \/>\n<meta property=\"article:modified_time\" content=\"2021-05-13T16:34:23+00:00\" \/>\n<meta name=\"twitter:card\" content=\"summary_large_image\" \/>\n<meta name=\"twitter:label1\" content=\"Gesch\u00e4tzte Lesezeit\" \/>\n\t<meta name=\"twitter:data1\" content=\"5\u00a0Minuten\" \/>\n<script type=\"application\/ld+json\" class=\"yoast-schema-graph\">{\"@context\":\"https:\/\/schema.org\",\"@graph\":[{\"@type\":\"WebPage\",\"@id\":\"https:\/\/wifi-refuge.org\/de\/aerzte-appelle\/\",\"url\":\"https:\/\/wifi-refuge.org\/de\/aerzte-appelle\/\",\"name\":\"\u00c4rzte-Appelle - wifi-refuge.org\",\"isPartOf\":{\"@id\":\"https:\/\/wifi-refuge.org\/de\/#website\"},\"datePublished\":\"2017-03-17T20:09:25+00:00\",\"dateModified\":\"2021-05-13T16:34:23+00:00\",\"breadcrumb\":{\"@id\":\"https:\/\/wifi-refuge.org\/de\/aerzte-appelle\/#breadcrumb\"},\"inLanguage\":\"de\",\"potentialAction\":[{\"@type\":\"ReadAction\",\"target\":[\"https:\/\/wifi-refuge.org\/de\/aerzte-appelle\/\"]}]},{\"@type\":\"BreadcrumbList\",\"@id\":\"https:\/\/wifi-refuge.org\/de\/aerzte-appelle\/#breadcrumb\",\"itemListElement\":[{\"@type\":\"ListItem\",\"position\":1,\"name\":\"Startseite\",\"item\":\"https:\/\/wifi-refuge.org\/de\/\"},{\"@type\":\"ListItem\",\"position\":2,\"name\":\"\u00c4rzte-Appelle\"}]},{\"@type\":\"WebSite\",\"@id\":\"https:\/\/wifi-refuge.org\/de\/#website\",\"url\":\"https:\/\/wifi-refuge.org\/de\/\",\"name\":\"wifi-refuge.org\",\"description\":\"\",\"potentialAction\":[{\"@type\":\"SearchAction\",\"target\":{\"@type\":\"EntryPoint\",\"urlTemplate\":\"https:\/\/wifi-refuge.org\/de\/?s={search_term_string}\"},\"query-input\":{\"@type\":\"PropertyValueSpecification\",\"valueRequired\":true,\"valueName\":\"search_term_string\"}}],\"inLanguage\":\"de\"}]}<\/script>\n<!-- \/ Yoast SEO plugin. -->","yoast_head_json":{"title":"\u00c4rzte-Appelle - wifi-refuge.org","robots":{"index":"index","follow":"follow","max-snippet":"max-snippet:-1","max-image-preview":"max-image-preview:large","max-video-preview":"max-video-preview:-1"},"canonical":"https:\/\/wifi-refuge.org\/de\/aerzte-appelle\/","og_locale":"de_DE","og_type":"article","og_title":"\u00c4rzte-Appelle - wifi-refuge.org","og_description":"Freiburger Appell 2002 http:\/\/www.aerzte-und-mobilfunk.eu\/aerzte-appelle\/freiburger-appell-mobilfunk-gesundheit-praevention-therapie\/ Bamberger Appell 2004 http:\/\/www.aerzte-und-mobilfunk.eu\/aerzte-appelle\/bamberger-appell-mobilfunk-praevention-therapie-gesundheit\/ Internationaler \u00c4rzte-Appell 2012 http:\/\/www.aerzte-und-mobilfunk.eu\/aerzte-appelle\/internationaler-aerzteappell-mobilfunk-praevention-therapie-gesundheit\/ Internationaler Appell 2017 an die UN: Url: https:\/\/emfscientist.org\/index.php\/emf-scientist-appeal PDF: https:\/\/emfscientist.org\/images\/docs\/transl\/German.EMFscientist_Appell%202017.pdf Deutscher Text aus PDF: An: Herrn Ant\u00f3nio Guterres, Generalsekret\u00e4r der Vereinten Nationen Herrn Dr. Tedros Adhanom, Generaldirektor der Weltgesundheitsorganisation Herrn Erik Solheim, gesch\u00e4ftsf\u00fchrender Direktor des UN Umweltprogramms die Mitgliedstaaten der Vereinten Nationen Internationaler [&hellip;]","og_url":"https:\/\/wifi-refuge.org\/de\/aerzte-appelle\/","og_site_name":"wifi-refuge.org","article_modified_time":"2021-05-13T16:34:23+00:00","twitter_card":"summary_large_image","twitter_misc":{"Gesch\u00e4tzte Lesezeit":"5\u00a0Minuten"},"schema":{"@context":"https:\/\/schema.org","@graph":[{"@type":"WebPage","@id":"https:\/\/wifi-refuge.org\/de\/aerzte-appelle\/","url":"https:\/\/wifi-refuge.org\/de\/aerzte-appelle\/","name":"\u00c4rzte-Appelle - wifi-refuge.org","isPartOf":{"@id":"https:\/\/wifi-refuge.org\/de\/#website"},"datePublished":"2017-03-17T20:09:25+00:00","dateModified":"2021-05-13T16:34:23+00:00","breadcrumb":{"@id":"https:\/\/wifi-refuge.org\/de\/aerzte-appelle\/#breadcrumb"},"inLanguage":"de","potentialAction":[{"@type":"ReadAction","target":["https:\/\/wifi-refuge.org\/de\/aerzte-appelle\/"]}]},{"@type":"BreadcrumbList","@id":"https:\/\/wifi-refuge.org\/de\/aerzte-appelle\/#breadcrumb","itemListElement":[{"@type":"ListItem","position":1,"name":"Startseite","item":"https:\/\/wifi-refuge.org\/de\/"},{"@type":"ListItem","position":2,"name":"\u00c4rzte-Appelle"}]},{"@type":"WebSite","@id":"https:\/\/wifi-refuge.org\/de\/#website","url":"https:\/\/wifi-refuge.org\/de\/","name":"wifi-refuge.org","description":"","potentialAction":[{"@type":"SearchAction","target":{"@type":"EntryPoint","urlTemplate":"https:\/\/wifi-refuge.org\/de\/?s={search_term_string}"},"query-input":{"@type":"PropertyValueSpecification","valueRequired":true,"valueName":"search_term_string"}}],"inLanguage":"de"}]}},"_links":{"self":[{"href":"https:\/\/wifi-refuge.org\/de\/wp-json\/wp\/v2\/pages\/201","targetHints":{"allow":["GET"]}}],"collection":[{"href":"https:\/\/wifi-refuge.org\/de\/wp-json\/wp\/v2\/pages"}],"about":[{"href":"https:\/\/wifi-refuge.org\/de\/wp-json\/wp\/v2\/types\/page"}],"author":[{"embeddable":true,"href":"https:\/\/wifi-refuge.org\/de\/wp-json\/wp\/v2\/users\/1"}],"replies":[{"embeddable":true,"href":"https:\/\/wifi-refuge.org\/de\/wp-json\/wp\/v2\/comments?post=201"}],"version-history":[{"count":7,"href":"https:\/\/wifi-refuge.org\/de\/wp-json\/wp\/v2\/pages\/201\/revisions"}],"predecessor-version":[{"id":674,"href":"https:\/\/wifi-refuge.org\/de\/wp-json\/wp\/v2\/pages\/201\/revisions\/674"}],"wp:attachment":[{"href":"https:\/\/wifi-refuge.org\/de\/wp-json\/wp\/v2\/media?parent=201"}],"curies":[{"name":"wp","href":"https:\/\/api.w.org\/{rel}","templated":true}]}}