{"id":14,"date":"2016-02-04T18:29:07","date_gmt":"2016-02-04T18:29:07","guid":{"rendered":"http:\/\/wifi-refuge.org\/de\/?page_id=14"},"modified":"2024-01-10T14:23:00","modified_gmt":"2024-01-10T13:23:00","slug":"links","status":"publish","type":"page","link":"https:\/\/wifi-refuge.org\/de\/links\/","title":{"rendered":"Links"},"content":{"rendered":"<h2><strong>Websites<\/strong><\/h2>\n<ul>\n<li><a href=\"http:\/\/buergerwelle.de\/\" target=\"_blank\" rel=\"noopener noreferrer\">http:\/\/buergerwelle.de<\/a> &#8211; Informationen \u00fcber Gesundheitsrisiken von elektromagnetischen Strahlungen. Die B\u00fcrgerwelle betreut Initiativen und Einzelpersonen, z.Z. besonders in Deutschland, \u00d6sterreich, Schweiz, Benelux und Italien.<\/li>\n<li><a href=\"http:\/\/kompetenzinitiative.net\/\" target=\"_blank\" rel=\"noopener noreferrer\">http:\/\/kompetenzinitiative.net\/<\/a> &#8211; &#8222;Die <em>Kompetenzinitiative zum Schutz von Mensch, Umwelt und Demokratie e. V. <\/em>ist eine internationale, interdisziplin\u00e4re und \u00fcberparteiliche Fachvereinigung insbesondere von Wissenschaftlern, \u00c4rzten, Juristen und Technikern. Sie engagiert sich f\u00fcr einen zeitgem\u00e4\u00dfen Gesundheits- und Umweltschutz vor allem auf dem Gebiet des Mobil- und Kommunikationsfunks.&#8220;<\/li>\n<li><a href=\"https:\/\/www.diagnose-funk.org\/\" target=\"_blank\" rel=\"noopener\">https:\/\/www.diagnose-funk.org<\/a> &#8211; &#8222;Das Ziel von diagnose:funk ist, \u00fcber gesundheits- und umweltsch\u00e4digende Wirkungen elektromagnetischer Felder, wie sie durch Handys, Smartphones, Mobilfunkantennen, WLAN, DECT und weitere Elektrosmogquellen verursacht werden, sowie \u00fcber die psycho-sozialen Auswirkungen digitaler Medien aufzukl\u00e4ren. [&#8230;]&#8220;<\/li>\n<li><a href=\"http:\/\/www.pandora-stiftung.eu\" target=\"_blank\" rel=\"noopener noreferrer\">http:\/\/www.pandora-stiftung.eu<\/a> Stiftungszweck ist die F\u00f6rderung freier und unabh\u00e4ngiger Wissenschaft und Forschung als Gegengewicht zur Forschung, die von den Interessen des Staates und der Wirtschaft dominiert ist.<\/li>\n<li><a href=\"http:\/\/gigaherz.ch\" target=\"_blank\" rel=\"noopener noreferrer\">http:\/\/gigaherz.ch<\/a> &#8211; Schweizerische Interessengemeinschaft Elektrosmog-Betroffener<\/li>\n<li><a href=\"http:\/\/elektrosensibel-muenchen.de\" target=\"_blank\" rel=\"noopener noreferrer\">http:\/\/elektrosensibel-muenchen.de<\/a> &#8211; Verein f\u00fcr Elektrosensible und Mobilfunkgesch\u00e4digte e.V. &#8211; organisiert Treffen im Raum M\u00fcnchen<\/li>\n<li><a href=\"http:\/\/www.elektrosmog-und-gesundheit.de\" target=\"_blank\" rel=\"noopener noreferrer\">http:\/\/www.elektrosmog-und-gesundheit.de<\/a><\/li>\n<li><a href=\"https:\/\/www.elektrosensibel-ehs.de\">https:\/\/www.elektrosensibel-ehs.de<\/a><\/li>\n<\/ul>\n<h2><strong>Dokumentationen<\/strong><\/h2>\n<ul>\n<li>Das Strahlungskartell &#8211; Ein Film \u00fcber die Gefahren des Mobilfunks (<a href=\"https:\/\/vimeo.com\/167997634\" target=\"_blank\" rel=\"noopener noreferrer\">Trailer auf vimeo.com<\/a> \/ DVD erh\u00e4ltlich bei <a href=\"https:\/\/www.diagnose-funk.org\/aktuelles\/artikel-archiv\/detail?newsid=1088\" target=\"_blank\" rel=\"noopener\">diagnose-funk.org<\/a>)<\/li>\n<li>Kinofilm &#8222;Thank you for calling: Globaler Feldversuch Mobilfunk&#8220; von Klaus Scheidsteger (<a href=\"http:\/\/www.filmladen.at\/film\/thank-you-for-calling\/\" target=\"_blank\" rel=\"noopener noreferrer\">filmladen.at<\/a>; DVD erh\u00e4ltlich bei <a href=\"https:\/\/shop.diagnose-funk.org\" target=\"_blank\" rel=\"noopener noreferrer\">shop.diagnose-funk.org<\/a>)<br \/>\nBundesweiter Kinostart am 15.09.2016<\/li>\n<li>Der Handykrieg &#8211; Ein Film von Klaus Scheidsteger (2005) (<a href=\"https:\/\/www.youtube.com\/watch?v=jxH7xav9xXk\" target=\"_blank\" rel=\"noopener noreferrer\">Youtube<\/a>)<\/li>\n<\/ul>\n<h2>B\u00fccher<\/h2>\n<ul>\n<li>&#8222;Elektrosensibel &#8211; Strahlenfl\u00fcchtlinge in einer funkvernetzten Gesellschaft&#8220;\u00a0 (<a href=\"https:\/\/www.buch7.de\/store\/product_details\/1031931128\" target=\"_blank\" rel=\"noopener noreferrer\">buch7.de<\/a>)<br \/>\nDas Buch\u00a0enth\u00e4lt Berichte von Betroffenen, Informationen zur Forschungslage\/Thema Abschirmung\/Wei\u00dfe Zonen\/Verflechtungen von Industrie, Wissenschaft, Politik und Medien<\/li>\n<li>weitere B\u00fccher s. <a href=\"https:\/\/www.diagnose-funk.org\/publikationen\/dokumente-downloads\/buecher-elektrosmog\" target=\"_blank\" rel=\"noopener noreferrer\">diagnose-funk.org<\/a><\/li>\n<\/ul>\n<hr id=\"english\" \/>\n<h2>Resources in other Languages<\/h2>\n<p>s. <a title=\"Links\" href=\"http:\/\/wifi-refuge.org\/links\/\">English version of this website<\/a><\/p>\n","protected":false},"excerpt":{"rendered":"<p>Websites http:\/\/buergerwelle.de &#8211; Informationen \u00fcber Gesundheitsrisiken von elektromagnetischen Strahlungen. Die B\u00fcrgerwelle betreut Initiativen und Einzelpersonen, z.Z. besonders in Deutschland, \u00d6sterreich, Schweiz, Benelux und Italien. http:\/\/kompetenzinitiative.net\/ &#8211; &#8222;Die Kompetenzinitiative zum Schutz von Mensch, Umwelt und Demokratie e. V. ist eine internationale, interdisziplin\u00e4re und \u00fcberparteiliche Fachvereinigung insbesondere von Wissenschaftlern, \u00c4rzten, Juristen und Technikern. Sie engagiert sich f\u00fcr [&hellip;]<\/p>\n","protected":false},"author":1,"featured_media":0,"parent":0,"menu_order":0,"comment_status":"closed","ping_status":"closed","template":"","meta":{"footnotes":""},"class_list":["post-14","page","type-page","status-publish","hentry"],"yoast_head":"<!-- This site is optimized with the Yoast SEO plugin v27.1.1 - https:\/\/yoast.com\/product\/yoast-seo-wordpress\/ -->\n<title>Links - wifi-refuge.org<\/title>\n<meta name=\"robots\" content=\"index, follow, max-snippet:-1, max-image-preview:large, max-video-preview:-1\" \/>\n<link rel=\"canonical\" href=\"https:\/\/wifi-refuge.org\/de\/links\/\" \/>\n<meta property=\"og:locale\" content=\"de_DE\" \/>\n<meta property=\"og:type\" content=\"article\" \/>\n<meta property=\"og:title\" content=\"Links - wifi-refuge.org\" \/>\n<meta property=\"og:description\" content=\"Websites http:\/\/buergerwelle.de &#8211; Informationen \u00fcber Gesundheitsrisiken von elektromagnetischen Strahlungen. Die B\u00fcrgerwelle betreut Initiativen und Einzelpersonen, z.Z. besonders in Deutschland, \u00d6sterreich, Schweiz, Benelux und Italien. http:\/\/kompetenzinitiative.net\/ &#8211; &#8222;Die Kompetenzinitiative zum Schutz von Mensch, Umwelt und Demokratie e. V. ist eine internationale, interdisziplin\u00e4re und \u00fcberparteiliche Fachvereinigung insbesondere von Wissenschaftlern, \u00c4rzten, Juristen und Technikern. Sie engagiert sich f\u00fcr [&hellip;]\" \/>\n<meta property=\"og:url\" content=\"https:\/\/wifi-refuge.org\/de\/links\/\" \/>\n<meta property=\"og:site_name\" content=\"wifi-refuge.org\" \/>\n<meta property=\"article:modified_time\" content=\"2024-01-10T13:23:00+00:00\" \/>\n<meta name=\"twitter:card\" content=\"summary_large_image\" \/>\n<meta name=\"twitter:label1\" content=\"Gesch\u00e4tzte Lesezeit\" \/>\n\t<meta name=\"twitter:data1\" content=\"2\u00a0Minuten\" \/>\n<script type=\"application\/ld+json\" class=\"yoast-schema-graph\">{\"@context\":\"https:\/\/schema.org\",\"@graph\":[{\"@type\":\"WebPage\",\"@id\":\"https:\/\/wifi-refuge.org\/de\/links\/\",\"url\":\"https:\/\/wifi-refuge.org\/de\/links\/\",\"name\":\"Links - wifi-refuge.org\",\"isPartOf\":{\"@id\":\"https:\/\/wifi-refuge.org\/de\/#website\"},\"datePublished\":\"2016-02-04T18:29:07+00:00\",\"dateModified\":\"2024-01-10T13:23:00+00:00\",\"breadcrumb\":{\"@id\":\"https:\/\/wifi-refuge.org\/de\/links\/#breadcrumb\"},\"inLanguage\":\"de\",\"potentialAction\":[{\"@type\":\"ReadAction\",\"target\":[\"https:\/\/wifi-refuge.org\/de\/links\/\"]}]},{\"@type\":\"BreadcrumbList\",\"@id\":\"https:\/\/wifi-refuge.org\/de\/links\/#breadcrumb\",\"itemListElement\":[{\"@type\":\"ListItem\",\"position\":1,\"name\":\"Startseite\",\"item\":\"https:\/\/wifi-refuge.org\/de\/\"},{\"@type\":\"ListItem\",\"position\":2,\"name\":\"Links\"}]},{\"@type\":\"WebSite\",\"@id\":\"https:\/\/wifi-refuge.org\/de\/#website\",\"url\":\"https:\/\/wifi-refuge.org\/de\/\",\"name\":\"wifi-refuge.org\",\"description\":\"\",\"potentialAction\":[{\"@type\":\"SearchAction\",\"target\":{\"@type\":\"EntryPoint\",\"urlTemplate\":\"https:\/\/wifi-refuge.org\/de\/?s={search_term_string}\"},\"query-input\":{\"@type\":\"PropertyValueSpecification\",\"valueRequired\":true,\"valueName\":\"search_term_string\"}}],\"inLanguage\":\"de\"}]}<\/script>\n<!-- \/ Yoast SEO plugin. -->","yoast_head_json":{"title":"Links - wifi-refuge.org","robots":{"index":"index","follow":"follow","max-snippet":"max-snippet:-1","max-image-preview":"max-image-preview:large","max-video-preview":"max-video-preview:-1"},"canonical":"https:\/\/wifi-refuge.org\/de\/links\/","og_locale":"de_DE","og_type":"article","og_title":"Links - wifi-refuge.org","og_description":"Websites http:\/\/buergerwelle.de &#8211; Informationen \u00fcber Gesundheitsrisiken von elektromagnetischen Strahlungen. Die B\u00fcrgerwelle betreut Initiativen und Einzelpersonen, z.Z. besonders in Deutschland, \u00d6sterreich, Schweiz, Benelux und Italien. http:\/\/kompetenzinitiative.net\/ &#8211; &#8222;Die Kompetenzinitiative zum Schutz von Mensch, Umwelt und Demokratie e. V. ist eine internationale, interdisziplin\u00e4re und \u00fcberparteiliche Fachvereinigung insbesondere von Wissenschaftlern, \u00c4rzten, Juristen und Technikern. Sie engagiert sich f\u00fcr [&hellip;]","og_url":"https:\/\/wifi-refuge.org\/de\/links\/","og_site_name":"wifi-refuge.org","article_modified_time":"2024-01-10T13:23:00+00:00","twitter_card":"summary_large_image","twitter_misc":{"Gesch\u00e4tzte Lesezeit":"2\u00a0Minuten"},"schema":{"@context":"https:\/\/schema.org","@graph":[{"@type":"WebPage","@id":"https:\/\/wifi-refuge.org\/de\/links\/","url":"https:\/\/wifi-refuge.org\/de\/links\/","name":"Links - wifi-refuge.org","isPartOf":{"@id":"https:\/\/wifi-refuge.org\/de\/#website"},"datePublished":"2016-02-04T18:29:07+00:00","dateModified":"2024-01-10T13:23:00+00:00","breadcrumb":{"@id":"https:\/\/wifi-refuge.org\/de\/links\/#breadcrumb"},"inLanguage":"de","potentialAction":[{"@type":"ReadAction","target":["https:\/\/wifi-refuge.org\/de\/links\/"]}]},{"@type":"BreadcrumbList","@id":"https:\/\/wifi-refuge.org\/de\/links\/#breadcrumb","itemListElement":[{"@type":"ListItem","position":1,"name":"Startseite","item":"https:\/\/wifi-refuge.org\/de\/"},{"@type":"ListItem","position":2,"name":"Links"}]},{"@type":"WebSite","@id":"https:\/\/wifi-refuge.org\/de\/#website","url":"https:\/\/wifi-refuge.org\/de\/","name":"wifi-refuge.org","description":"","potentialAction":[{"@type":"SearchAction","target":{"@type":"EntryPoint","urlTemplate":"https:\/\/wifi-refuge.org\/de\/?s={search_term_string}"},"query-input":{"@type":"PropertyValueSpecification","valueRequired":true,"valueName":"search_term_string"}}],"inLanguage":"de"}]}},"_links":{"self":[{"href":"https:\/\/wifi-refuge.org\/de\/wp-json\/wp\/v2\/pages\/14","targetHints":{"allow":["GET"]}}],"collection":[{"href":"https:\/\/wifi-refuge.org\/de\/wp-json\/wp\/v2\/pages"}],"about":[{"href":"https:\/\/wifi-refuge.org\/de\/wp-json\/wp\/v2\/types\/page"}],"author":[{"embeddable":true,"href":"https:\/\/wifi-refuge.org\/de\/wp-json\/wp\/v2\/users\/1"}],"replies":[{"embeddable":true,"href":"https:\/\/wifi-refuge.org\/de\/wp-json\/wp\/v2\/comments?post=14"}],"version-history":[{"count":27,"href":"https:\/\/wifi-refuge.org\/de\/wp-json\/wp\/v2\/pages\/14\/revisions"}],"predecessor-version":[{"id":1606,"href":"https:\/\/wifi-refuge.org\/de\/wp-json\/wp\/v2\/pages\/14\/revisions\/1606"}],"wp:attachment":[{"href":"https:\/\/wifi-refuge.org\/de\/wp-json\/wp\/v2\/media?parent=14"}],"curies":[{"name":"wp","href":"https:\/\/api.w.org\/{rel}","templated":true}]}}