{"id":1396,"date":"2023-01-18T12:33:04","date_gmt":"2023-01-18T11:33:04","guid":{"rendered":"https:\/\/wifi-refuge.org\/de\/?page_id=1396"},"modified":"2023-01-27T09:48:42","modified_gmt":"2023-01-27T08:48:42","slug":"selbstversorgung-einen-grundstuecksplan-erstellen-mit-inkscape","status":"publish","type":"page","link":"https:\/\/wifi-refuge.org\/de\/selbstversorgung-einen-grundstuecksplan-erstellen-mit-inkscape\/","title":{"rendered":"Selbstversorgung: Einen Grundst\u00fccksplan erstellen mit Inkscape"},"content":{"rendered":"<p><img loading=\"lazy\" decoding=\"async\" class=\"alignnone wp-image-1397 size-full\" src=\"https:\/\/wifi-refuge.org\/de\/wp-content\/uploads\/sites\/3\/2023\/01\/inkscape-blog-img.png\" alt=\"\" width=\"319\" height=\"228\" srcset=\"https:\/\/wifi-refuge.org\/de\/wp-content\/uploads\/sites\/3\/2023\/01\/inkscape-blog-img.png 319w, https:\/\/wifi-refuge.org\/de\/wp-content\/uploads\/sites\/3\/2023\/01\/inkscape-blog-img-300x214.png 300w, https:\/\/wifi-refuge.org\/de\/wp-content\/uploads\/sites\/3\/2023\/01\/inkscape-blog-img-230x164.png 230w\" sizes=\"auto, (max-width: 319px) 100vw, 319px\" \/><\/p>\n<p>Neben der Auswahl der Pflanzen ist es auch wichtig, die Anordnung der Pflanzen zu planen. Man bekommt so auch ziemlich schnell ein Gef\u00fchl daf\u00fcr, wie viel B\u00e4ume und Str\u00e4ucher z.B. \u00fcberhaupt Platz h\u00e4tten. Daf\u00fcr kann man neben Stift und Papier auch Computerprogramme verwenden. Das kostenlose Programm <a href=\"https:\/\/inkscape.org\" target=\"_blank\" rel=\"noopener\">Inkscape<\/a> eignet sich daf\u00fcr sehr gut, da es ein Vektor-Grafikprogramm ist. Das hei\u00dft man kann Pflanzen einzeichnen und sp\u00e4ter noch die Position\/Gr\u00f6\u00dfe etc. \u00e4ndern. Dabei wird das offene Dateiformat SVG verwendet, dass auch in anderen Programmen verarbeitet werden kann. Ein Export in die g\u00e4ngigen Bildformate ist m\u00f6glich (JPEG, PNG, etc).<\/p>\n<div id=\"ez-toc-container\" class=\"ez-toc-v2_0_81 counter-hierarchy ez-toc-counter ez-toc-grey ez-toc-container-direction\">\n<div class=\"ez-toc-title-container\">\n<p class=\"ez-toc-title\" style=\"cursor:inherit\">Inhalt<\/p>\n<span class=\"ez-toc-title-toggle\"><a href=\"#\" class=\"ez-toc-pull-right ez-toc-btn ez-toc-btn-xs ez-toc-btn-default ez-toc-toggle\" aria-label=\"Toggle Table of Content\"><span class=\"ez-toc-js-icon-con\"><span class=\"\"><span class=\"eztoc-hide\" style=\"display:none;\">Toggle<\/span><span class=\"ez-toc-icon-toggle-span\"><svg style=\"fill: #999;color:#999\" xmlns=\"http:\/\/www.w3.org\/2000\/svg\" class=\"list-377408\" width=\"20px\" height=\"20px\" viewBox=\"0 0 24 24\" fill=\"none\"><path d=\"M6 6H4v2h2V6zm14 0H8v2h12V6zM4 11h2v2H4v-2zm16 0H8v2h12v-2zM4 16h2v2H4v-2zm16 0H8v2h12v-2z\" fill=\"currentColor\"><\/path><\/svg><svg style=\"fill: #999;color:#999\" class=\"arrow-unsorted-368013\" xmlns=\"http:\/\/www.w3.org\/2000\/svg\" width=\"10px\" height=\"10px\" viewBox=\"0 0 24 24\" version=\"1.2\" baseProfile=\"tiny\"><path d=\"M18.2 9.3l-6.2-6.3-6.2 6.3c-.2.2-.3.4-.3.7s.1.5.3.7c.2.2.4.3.7.3h11c.3 0 .5-.1.7-.3.2-.2.3-.5.3-.7s-.1-.5-.3-.7zM5.8 14.7l6.2 6.3 6.2-6.3c.2-.2.3-.5.3-.7s-.1-.5-.3-.7c-.2-.2-.4-.3-.7-.3h-11c-.3 0-.5.1-.7.3-.2.2-.3.5-.3.7s.1.5.3.7z\"\/><\/svg><\/span><\/span><\/span><\/a><\/span><\/div>\n<nav><ul class='ez-toc-list ez-toc-list-level-1 ' ><li class='ez-toc-page-1 ez-toc-heading-level-1'><a class=\"ez-toc-link ez-toc-heading-1\" href=\"https:\/\/wifi-refuge.org\/de\/selbstversorgung-einen-grundstuecksplan-erstellen-mit-inkscape\/#Basics\" >Basics<\/a><\/li><li class='ez-toc-page-1 ez-toc-heading-level-1'><a class=\"ez-toc-link ez-toc-heading-2\" href=\"https:\/\/wifi-refuge.org\/de\/selbstversorgung-einen-grundstuecksplan-erstellen-mit-inkscape\/#Pflanzen_einfuegen\" >Pflanzen einf\u00fcgen<\/a><\/li><li class='ez-toc-page-1 ez-toc-heading-level-1'><a class=\"ez-toc-link ez-toc-heading-3\" href=\"https:\/\/wifi-refuge.org\/de\/selbstversorgung-einen-grundstuecksplan-erstellen-mit-inkscape\/#Bestehende_Baeume_Straeucher_Gebaeude_etc_einfuegen\" >Bestehende B\u00e4ume, Str\u00e4ucher, Geb\u00e4ude etc. einf\u00fcgen<\/a><\/li><li class='ez-toc-page-1 ez-toc-heading-level-1'><a class=\"ez-toc-link ez-toc-heading-4\" href=\"https:\/\/wifi-refuge.org\/de\/selbstversorgung-einen-grundstuecksplan-erstellen-mit-inkscape\/#Beispiel\" >Beispiel<\/a><\/li><li class='ez-toc-page-1 ez-toc-heading-level-1'><a class=\"ez-toc-link ez-toc-heading-5\" href=\"https:\/\/wifi-refuge.org\/de\/selbstversorgung-einen-grundstuecksplan-erstellen-mit-inkscape\/#Ebenen\" >Ebenen<\/a><\/li><li class='ez-toc-page-1 ez-toc-heading-level-1'><a class=\"ez-toc-link ez-toc-heading-6\" href=\"https:\/\/wifi-refuge.org\/de\/selbstversorgung-einen-grundstuecksplan-erstellen-mit-inkscape\/#Weiterfuehrende_Informationen\" >Weiterf\u00fchrende Informationen<\/a><\/li><\/ul><\/nav><\/div>\n\n<h1><span class=\"ez-toc-section\" id=\"Basics\"><\/span>Basics<span class=\"ez-toc-section-end\"><\/span><\/h1>\n<p>Um den Gesamtansatz von Inkscape besser verstehen zu k\u00f6nnen, ist es zun\u00e4chst wichtig, den Unterschied zwischen Objekten und Pfaden zu kennen. Wenn man z.B. einen Kreis (Baum) oder ein Rechteck (Beet) hinzuf\u00fcgt, dann ist dies immer ein Objekt. Ein Objekt ist letztendlich nichts anderes als ein vorgefertigter Pfad. Inkscape nimmt einem also die Arbeit ab, so dass man nicht jedes mal f\u00fcr ein Rechteck z.B. erst einen Pfad mit vier Knoten erstellen muss. In dieser Anleitung werden nur Objekte verwendet.<\/p>\n<p>Tastenk\u00fcrzel f\u00fcr h\u00e4ufig verwendete Aktionen:<\/p>\n<table style=\"border-collapse: collapse; width: 64.2496%; height: 120px;\">\n<tbody>\n<tr style=\"height: 24px;\">\n<td style=\"width: 10.3592%; height: 24px;\"><strong>F1<\/strong><\/td>\n<td style=\"width: 59.8667%; height: 24px;\">Selektions-Modus (um z.B. Objekt zu selektieren, z.B. nachdem man Text eingef\u00fcgt hat (T)<\/td>\n<\/tr>\n<tr style=\"height: 24px;\">\n<td style=\"width: 10.3592%; height: 24px;\"><strong>T<\/strong><\/td>\n<td style=\"width: 59.8667%; height: 24px;\">Text einf\u00fcgen oder bestehenden (ausgew\u00e4hlten) Text bearbeiten<\/td>\n<\/tr>\n<tr style=\"height: 24px;\">\n<td style=\"width: 10.3592%; height: 24px;\"><strong>STRG-G<\/strong><\/td>\n<td style=\"width: 59.8667%; height: 24px;\">Gruppieren der selektierten Objekte (z.B. Baum-Objekt und zugeh\u00f6rige Beschriftung)<\/td>\n<\/tr>\n<tr style=\"height: 24px;\">\n<td style=\"width: 10.3592%; height: 24px;\"><strong>STRG-SHIFT-G<\/strong><\/td>\n<td style=\"width: 59.8667%; height: 24px;\">Aufheben der Gruppierung<\/td>\n<\/tr>\n<tr>\n<td style=\"width: 10.3592%;\"><strong>STRG-D<br \/>\n<\/strong><\/td>\n<td style=\"width: 59.8667%;\">Ausgew\u00e4hltes Objekt duplizieren<\/td>\n<\/tr>\n<tr>\n<td style=\"width: 10.3592%;\"><strong>STRG-SHIFT-L<\/strong><\/td>\n<td style=\"width: 59.8667%;\">Ebenen anzeigen<\/td>\n<\/tr>\n<tr>\n<td style=\"width: 10.3592%;\"><strong>F12<br \/>\n<\/strong><\/td>\n<td style=\"width: 59.8667%;\">Seitenleiste ein-\/ausblenden<\/td>\n<\/tr>\n<\/tbody>\n<\/table>\n<p>&nbsp;<\/p>\n<h1><span class=\"ez-toc-section\" id=\"Pflanzen_einfuegen\"><\/span>Pflanzen einf\u00fcgen<span class=\"ez-toc-section-end\"><\/span><\/h1>\n<p>Als Platzhalter f\u00fcr Pflanzen kann entweder einfach ein Kreis verwendet werden, aber es gibt auch fertige Grafiken. Eine Sammlung an B\u00e4umen und Str\u00e4ucher gibt es z.B. bei <a href=\"https:\/\/freesvg.org\/tree-32\" target=\"_blank\" rel=\"noopener\">freesvg.org<\/a><\/p>\n<p><img loading=\"lazy\" decoding=\"async\" class=\"alignnone wp-image-1399 size-full\" src=\"https:\/\/wifi-refuge.org\/de\/wp-content\/uploads\/sites\/3\/2023\/01\/freesvg-org_tree-32.png\" alt=\"\" width=\"250\" height=\"250\" srcset=\"https:\/\/wifi-refuge.org\/de\/wp-content\/uploads\/sites\/3\/2023\/01\/freesvg-org_tree-32.png 250w, https:\/\/wifi-refuge.org\/de\/wp-content\/uploads\/sites\/3\/2023\/01\/freesvg-org_tree-32-150x150.png 150w, https:\/\/wifi-refuge.org\/de\/wp-content\/uploads\/sites\/3\/2023\/01\/freesvg-org_tree-32-230x230.png 230w\" sizes=\"auto, (max-width: 250px) 100vw, 250px\" \/><\/p>\n<p>Die B\u00e4ume und Str\u00e4ucher k\u00f6nnen einfach in den eigenen Plan kopiert werden. \u00dcber die Breite\/H\u00f6he (in cm) kann die sp\u00e4tere Gr\u00f6\u00dfe definiert werden. Bei einem Ma\u00dfstab von 1:100 w\u00e4ren z.B. 4 cm in Inkscape 4 Meter:<\/p>\n<p><img loading=\"lazy\" decoding=\"async\" class=\"alignnone wp-image-1398 size-full\" src=\"https:\/\/wifi-refuge.org\/de\/wp-content\/uploads\/sites\/3\/2023\/01\/Inkscape-Sample.jpg\" alt=\"\" width=\"423\" height=\"301\" srcset=\"https:\/\/wifi-refuge.org\/de\/wp-content\/uploads\/sites\/3\/2023\/01\/Inkscape-Sample.jpg 423w, https:\/\/wifi-refuge.org\/de\/wp-content\/uploads\/sites\/3\/2023\/01\/Inkscape-Sample-300x213.jpg 300w, https:\/\/wifi-refuge.org\/de\/wp-content\/uploads\/sites\/3\/2023\/01\/Inkscape-Sample-230x164.jpg 230w, https:\/\/wifi-refuge.org\/de\/wp-content\/uploads\/sites\/3\/2023\/01\/Inkscape-Sample-350x249.jpg 350w\" sizes=\"auto, (max-width: 423px) 100vw, 423px\" \/><\/p>\n<p>Um zu erkennen, um was f\u00fcr eine Pflanze es sich handelt, kann der Name (Deutsch oder botanischer Name) eingef\u00fcgt werden. Mit dem Tastenk\u00fcrzel T wechselt man schnell in die Texteingabe. Mit der Taste F1 kommt man jederzeit zur\u00fcck zur Objekt-Auswahl. Mit der Tastenkombination STRG-G (g = group) werden die selektierten Objekte gruppiert. Man kann damit dann immer z.B. den Baum inkl. Beschriftung verschieben.<\/p>\n<p>Mit der Tastenkombination STRG-D (d = duplicate) wird das selektierte Objekt dupliziert. Es ist sinnvoll sich zun\u00e4chst die ben\u00f6tigten Pflanzen vorzubereiten, d.h. Gr\u00f6\u00dfe und Beschriftung festlegen. Von der Vorlage kann dann immer wieder (mit STRG-D) kopiert werden.<\/p>\n<h1><span class=\"ez-toc-section\" id=\"Bestehende_Baeume_Straeucher_Gebaeude_etc_einfuegen\"><\/span>Bestehende B\u00e4ume, Str\u00e4ucher, Geb\u00e4ude etc. einf\u00fcgen<span class=\"ez-toc-section-end\"><\/span><\/h1>\n<p>Bestehende B\u00e4ume und Geb\u00e4ude sollten auch eingezeichnet werden. Daf\u00fcr k\u00f6nnen die tats\u00e4chlichen Abst\u00e4nde auf dem Grundst\u00fcck gemessen werden und dann in Inkscape entsprechend eingezeichnet werden. Als Hilfe k\u00f6nnen dem Plan Satellitenbilder hinterlegt werden (siehe separate <a href=\"https:\/\/wifi-refuge.org\/de\/grundstuecks-planung-satellitenbilder-korrekt-skalieren-in-inkscape\/\" target=\"_blank\" rel=\"noopener\">Seite mit Anleitung<\/a> dazu).<\/p>\n<p>F\u00fcr die genaue Bestimmung kommen zwei M\u00f6glichkeiten in Frage:<\/p>\n<p><strong>Erste M\u00f6glichkeit<\/strong>: Man misst von einem bekannten Punkt (z.B. einem Haus) im rechten Winkel aus den Abstand bis zum Baum. Ggf. muss die Linie (z.B. Hauswand) beim Messen &#8222;verl\u00e4ngert&#8220; werden.<\/p>\n<p><strong>Zweite M\u00f6glichkeit:<\/strong> Man verwendet die Triangulation (<a href=\"https:\/\/de.wikipedia.org\/wiki\/Triangulation_(Geod%C3%A4sie)\" target=\"_blank\" rel=\"noopener\">Wikipedia<\/a>). Zun\u00e4chst muss man zwei Punkte in der N\u00e4he finden, die klar auf der Karte erkennbar sind. Von diesen zwei Punkten aus misst man den Abstand zum Baum\/Strauch etc. Das Vorgehen ohne Inkscape auf einem Blatt Papier w\u00e4re, dass man mit dem Zirkel einen Schnittpunkt zeichnet (Radius jeweils den gemessenen Abstand im korrekten Ma\u00dfstab). Das Vorgehen mit Inkscape (laut Inkscape Forum gibt es aktuell keine schnellere M\u00f6glichkeit):<\/p>\n<ul>\n<li>Man erstellt an den zwei Bezugspunkten jeweils einen Kreis. Radius ist der gemessene Abstand zum Ziel<\/li>\n<li>Die beiden Kreise (Objekte) m\u00fcssen in Pfade umgewandelt werden<\/li>\n<li>Einstellungen anpassen:\n<ul>\n<li>Snapping aktivieren (Ansicht -&gt; Anzeigen\/Ausblenden -&gt; Einrasten-Kontrollleiste)<\/li>\n<li>In Snapping Leiste: &#8222;Pfad\u00fcberschneidungen&#8220; aktivieren<\/li>\n<li>In Snapping Leiste: &#8222;Objektmittelpunkte&#8220; aktivieren<\/li>\n<\/ul>\n<\/li>\n<li>Objekt (z.B. Baum oder Strauch) am Schnittpunkt platzieren mittels Snapping. Das Objekt mit der Pflanze sollte genau am Schnittpunkt einrasten.<\/li>\n<li>Die zwei Hilfs-Kreis k\u00f6nnen anschlie\u00dfend wieder entfernt werden<\/li>\n<\/ul>\n<h1><span class=\"ez-toc-section\" id=\"Beispiel\"><\/span>Beispiel<span class=\"ez-toc-section-end\"><\/span><\/h1>\n<p>Mit Satellitenbild als Hintergrund k\u00f6nnte es z.B. folgenderma\u00dfen aussehen (zuf\u00e4lliger Ort bei Google Maps und spontan gew\u00e4hlte Pflanzen\/Anordnung)<\/p>\n<p><img loading=\"lazy\" decoding=\"async\" class=\"alignnone wp-image-1417 size-full\" src=\"https:\/\/wifi-refuge.org\/de\/wp-content\/uploads\/sites\/3\/2023\/01\/inkscape-sample1.jpg\" alt=\"\" width=\"724\" height=\"379\" srcset=\"https:\/\/wifi-refuge.org\/de\/wp-content\/uploads\/sites\/3\/2023\/01\/inkscape-sample1.jpg 724w, https:\/\/wifi-refuge.org\/de\/wp-content\/uploads\/sites\/3\/2023\/01\/inkscape-sample1-300x157.jpg 300w, https:\/\/wifi-refuge.org\/de\/wp-content\/uploads\/sites\/3\/2023\/01\/inkscape-sample1-230x120.jpg 230w, https:\/\/wifi-refuge.org\/de\/wp-content\/uploads\/sites\/3\/2023\/01\/inkscape-sample1-350x183.jpg 350w, https:\/\/wifi-refuge.org\/de\/wp-content\/uploads\/sites\/3\/2023\/01\/inkscape-sample1-480x251.jpg 480w\" sizes=\"auto, (max-width: 724px) 100vw, 724px\" \/><\/p>\n<h1><span class=\"ez-toc-section\" id=\"Ebenen\"><\/span>Ebenen<span class=\"ez-toc-section-end\"><\/span><\/h1>\n<p>Inkscape bietet noch viele weitere M\u00f6glichkeiten. Das Konzept von Ebenen ist z.B. eine erw\u00e4hnenswerte Funktion. Bei einem neuen Dokument gibt es standardm\u00e4\u00dfig eine Ebene. Man kann aber Elemente im Plan in unterschiedliche Ebenen aufteilen. Der Vorteil dabei ist, dass der eigentliche Plan immer \u00fcbersichtlich bleibt und man bei Bedarf weitere Ebenen einblenden kann.<\/p>\n<p>Die Tastenkombination, um Ebenen anzuzeigen ist STRG+SHIFT+L (L=layers). Konkret bei der Gestaltung von Grundst\u00fccken k\u00f6nnen z.B. feuchte\/trockene Stellen, Windrichtung, Sonneneinstrahlung etc. als Ebenen hinzugef\u00fcgt werden.<\/p>\n<p><img loading=\"lazy\" decoding=\"async\" class=\"alignnone size-full wp-image-1442\" src=\"https:\/\/wifi-refuge.org\/de\/wp-content\/uploads\/sites\/3\/2023\/01\/Inkscape-Ebenen.png\" alt=\"\" width=\"374\" height=\"243\" srcset=\"https:\/\/wifi-refuge.org\/de\/wp-content\/uploads\/sites\/3\/2023\/01\/Inkscape-Ebenen.png 374w, https:\/\/wifi-refuge.org\/de\/wp-content\/uploads\/sites\/3\/2023\/01\/Inkscape-Ebenen-300x195.png 300w, https:\/\/wifi-refuge.org\/de\/wp-content\/uploads\/sites\/3\/2023\/01\/Inkscape-Ebenen-230x149.png 230w, https:\/\/wifi-refuge.org\/de\/wp-content\/uploads\/sites\/3\/2023\/01\/Inkscape-Ebenen-350x227.png 350w\" sizes=\"auto, (max-width: 374px) 100vw, 374px\" \/><\/p>\n<p>Bei dem Beispiel oben sind die einzelnen Objekte in den zwei Ebenen (Apfelbaum, &#8230;) benannt, was nicht notwendig ist, aber zwecks \u00dcbersichtlichkeit hilfreich sein kann.<\/p>\n<p>Wenn man bestehende Objekte in eine andere Ebene verschieben m\u00f6chte, geht dies \u00fcber Rechtsklick auf Objekt -&gt; &#8222;Verschiebe zu Ebene&#8230;&#8220;<\/p>\n<h1><span class=\"ez-toc-section\" id=\"Weiterfuehrende_Informationen\"><\/span>Weiterf\u00fchrende Informationen<span class=\"ez-toc-section-end\"><\/span><\/h1>\n<p>Auf YouTube gibt es zu Inkscape eine Menge an Videos. Eine Serie auf Englisch w\u00e4re z.B. diese: <a href=\"https:\/\/www.youtube.com\/watch?v=8f011wdiW7g&amp;list=PLqazFFzUAPc5lOQwDoZ4Dw2YSXtO7lWNv&amp;index=1\" target=\"_blank\" rel=\"noopener\">youtube.com<\/a><\/p>\n<p>&nbsp;<\/p>\n","protected":false},"excerpt":{"rendered":"<p>Neben der Auswahl der Pflanzen ist es auch wichtig, die Anordnung der Pflanzen zu planen. Man bekommt so auch ziemlich schnell ein Gef\u00fchl daf\u00fcr, wie viel B\u00e4ume und Str\u00e4ucher z.B. \u00fcberhaupt Platz h\u00e4tten. Daf\u00fcr kann man neben Stift und Papier auch Computerprogramme verwenden. Das kostenlose Programm Inkscape eignet sich daf\u00fcr sehr gut, da es ein [&hellip;]<\/p>\n","protected":false},"author":1,"featured_media":1397,"parent":0,"menu_order":0,"comment_status":"open","ping_status":"closed","template":"","meta":{"footnotes":""},"class_list":["post-1396","page","type-page","status-publish","has-post-thumbnail","hentry"],"yoast_head":"<!-- This site is optimized with the Yoast SEO plugin v27.1.1 - https:\/\/yoast.com\/product\/yoast-seo-wordpress\/ -->\n<title>Selbstversorgung: Einen Grundst\u00fccksplan erstellen mit Inkscape - wifi-refuge.org<\/title>\n<meta name=\"robots\" content=\"index, follow, max-snippet:-1, max-image-preview:large, max-video-preview:-1\" \/>\n<link rel=\"canonical\" href=\"https:\/\/wifi-refuge.org\/de\/selbstversorgung-einen-grundstuecksplan-erstellen-mit-inkscape\/\" \/>\n<meta property=\"og:locale\" content=\"de_DE\" \/>\n<meta property=\"og:type\" content=\"article\" \/>\n<meta property=\"og:title\" content=\"Selbstversorgung: Einen Grundst\u00fccksplan erstellen mit Inkscape - wifi-refuge.org\" \/>\n<meta property=\"og:description\" content=\"Neben der Auswahl der Pflanzen ist es auch wichtig, die Anordnung der Pflanzen zu planen. Man bekommt so auch ziemlich schnell ein Gef\u00fchl daf\u00fcr, wie viel B\u00e4ume und Str\u00e4ucher z.B. \u00fcberhaupt Platz h\u00e4tten. Daf\u00fcr kann man neben Stift und Papier auch Computerprogramme verwenden. Das kostenlose Programm Inkscape eignet sich daf\u00fcr sehr gut, da es ein [&hellip;]\" \/>\n<meta property=\"og:url\" content=\"https:\/\/wifi-refuge.org\/de\/selbstversorgung-einen-grundstuecksplan-erstellen-mit-inkscape\/\" \/>\n<meta property=\"og:site_name\" content=\"wifi-refuge.org\" \/>\n<meta property=\"article:modified_time\" content=\"2023-01-27T08:48:42+00:00\" \/>\n<meta property=\"og:image\" content=\"https:\/\/wifi-refuge.org\/de\/wp-content\/uploads\/sites\/3\/2023\/01\/inkscape-blog-img.png\" \/>\n\t<meta property=\"og:image:width\" content=\"319\" \/>\n\t<meta property=\"og:image:height\" content=\"228\" \/>\n\t<meta property=\"og:image:type\" content=\"image\/png\" \/>\n<meta name=\"twitter:card\" content=\"summary_large_image\" \/>\n<meta name=\"twitter:label1\" content=\"Gesch\u00e4tzte Lesezeit\" \/>\n\t<meta name=\"twitter:data1\" content=\"6\u00a0Minuten\" \/>\n<script type=\"application\/ld+json\" class=\"yoast-schema-graph\">{\"@context\":\"https:\/\/schema.org\",\"@graph\":[{\"@type\":\"WebPage\",\"@id\":\"https:\/\/wifi-refuge.org\/de\/selbstversorgung-einen-grundstuecksplan-erstellen-mit-inkscape\/\",\"url\":\"https:\/\/wifi-refuge.org\/de\/selbstversorgung-einen-grundstuecksplan-erstellen-mit-inkscape\/\",\"name\":\"Selbstversorgung: Einen Grundst\u00fccksplan erstellen mit Inkscape - wifi-refuge.org\",\"isPartOf\":{\"@id\":\"https:\/\/wifi-refuge.org\/de\/#website\"},\"primaryImageOfPage\":{\"@id\":\"https:\/\/wifi-refuge.org\/de\/selbstversorgung-einen-grundstuecksplan-erstellen-mit-inkscape\/#primaryimage\"},\"image\":{\"@id\":\"https:\/\/wifi-refuge.org\/de\/selbstversorgung-einen-grundstuecksplan-erstellen-mit-inkscape\/#primaryimage\"},\"thumbnailUrl\":\"https:\/\/wifi-refuge.org\/de\/wp-content\/uploads\/sites\/3\/2023\/01\/inkscape-blog-img.png\",\"datePublished\":\"2023-01-18T11:33:04+00:00\",\"dateModified\":\"2023-01-27T08:48:42+00:00\",\"breadcrumb\":{\"@id\":\"https:\/\/wifi-refuge.org\/de\/selbstversorgung-einen-grundstuecksplan-erstellen-mit-inkscape\/#breadcrumb\"},\"inLanguage\":\"de\",\"potentialAction\":[{\"@type\":\"ReadAction\",\"target\":[\"https:\/\/wifi-refuge.org\/de\/selbstversorgung-einen-grundstuecksplan-erstellen-mit-inkscape\/\"]}]},{\"@type\":\"ImageObject\",\"inLanguage\":\"de\",\"@id\":\"https:\/\/wifi-refuge.org\/de\/selbstversorgung-einen-grundstuecksplan-erstellen-mit-inkscape\/#primaryimage\",\"url\":\"https:\/\/wifi-refuge.org\/de\/wp-content\/uploads\/sites\/3\/2023\/01\/inkscape-blog-img.png\",\"contentUrl\":\"https:\/\/wifi-refuge.org\/de\/wp-content\/uploads\/sites\/3\/2023\/01\/inkscape-blog-img.png\",\"width\":319,\"height\":228},{\"@type\":\"BreadcrumbList\",\"@id\":\"https:\/\/wifi-refuge.org\/de\/selbstversorgung-einen-grundstuecksplan-erstellen-mit-inkscape\/#breadcrumb\",\"itemListElement\":[{\"@type\":\"ListItem\",\"position\":1,\"name\":\"Startseite\",\"item\":\"https:\/\/wifi-refuge.org\/de\/\"},{\"@type\":\"ListItem\",\"position\":2,\"name\":\"Selbstversorgung: Einen Grundst\u00fccksplan erstellen mit Inkscape\"}]},{\"@type\":\"WebSite\",\"@id\":\"https:\/\/wifi-refuge.org\/de\/#website\",\"url\":\"https:\/\/wifi-refuge.org\/de\/\",\"name\":\"wifi-refuge.org\",\"description\":\"\",\"potentialAction\":[{\"@type\":\"SearchAction\",\"target\":{\"@type\":\"EntryPoint\",\"urlTemplate\":\"https:\/\/wifi-refuge.org\/de\/?s={search_term_string}\"},\"query-input\":{\"@type\":\"PropertyValueSpecification\",\"valueRequired\":true,\"valueName\":\"search_term_string\"}}],\"inLanguage\":\"de\"}]}<\/script>\n<!-- \/ Yoast SEO plugin. -->","yoast_head_json":{"title":"Selbstversorgung: Einen Grundst\u00fccksplan erstellen mit Inkscape - wifi-refuge.org","robots":{"index":"index","follow":"follow","max-snippet":"max-snippet:-1","max-image-preview":"max-image-preview:large","max-video-preview":"max-video-preview:-1"},"canonical":"https:\/\/wifi-refuge.org\/de\/selbstversorgung-einen-grundstuecksplan-erstellen-mit-inkscape\/","og_locale":"de_DE","og_type":"article","og_title":"Selbstversorgung: Einen Grundst\u00fccksplan erstellen mit Inkscape - wifi-refuge.org","og_description":"Neben der Auswahl der Pflanzen ist es auch wichtig, die Anordnung der Pflanzen zu planen. Man bekommt so auch ziemlich schnell ein Gef\u00fchl daf\u00fcr, wie viel B\u00e4ume und Str\u00e4ucher z.B. \u00fcberhaupt Platz h\u00e4tten. Daf\u00fcr kann man neben Stift und Papier auch Computerprogramme verwenden. Das kostenlose Programm Inkscape eignet sich daf\u00fcr sehr gut, da es ein [&hellip;]","og_url":"https:\/\/wifi-refuge.org\/de\/selbstversorgung-einen-grundstuecksplan-erstellen-mit-inkscape\/","og_site_name":"wifi-refuge.org","article_modified_time":"2023-01-27T08:48:42+00:00","og_image":[{"width":319,"height":228,"url":"https:\/\/wifi-refuge.org\/de\/wp-content\/uploads\/sites\/3\/2023\/01\/inkscape-blog-img.png","type":"image\/png"}],"twitter_card":"summary_large_image","twitter_misc":{"Gesch\u00e4tzte Lesezeit":"6\u00a0Minuten"},"schema":{"@context":"https:\/\/schema.org","@graph":[{"@type":"WebPage","@id":"https:\/\/wifi-refuge.org\/de\/selbstversorgung-einen-grundstuecksplan-erstellen-mit-inkscape\/","url":"https:\/\/wifi-refuge.org\/de\/selbstversorgung-einen-grundstuecksplan-erstellen-mit-inkscape\/","name":"Selbstversorgung: Einen Grundst\u00fccksplan erstellen mit Inkscape - wifi-refuge.org","isPartOf":{"@id":"https:\/\/wifi-refuge.org\/de\/#website"},"primaryImageOfPage":{"@id":"https:\/\/wifi-refuge.org\/de\/selbstversorgung-einen-grundstuecksplan-erstellen-mit-inkscape\/#primaryimage"},"image":{"@id":"https:\/\/wifi-refuge.org\/de\/selbstversorgung-einen-grundstuecksplan-erstellen-mit-inkscape\/#primaryimage"},"thumbnailUrl":"https:\/\/wifi-refuge.org\/de\/wp-content\/uploads\/sites\/3\/2023\/01\/inkscape-blog-img.png","datePublished":"2023-01-18T11:33:04+00:00","dateModified":"2023-01-27T08:48:42+00:00","breadcrumb":{"@id":"https:\/\/wifi-refuge.org\/de\/selbstversorgung-einen-grundstuecksplan-erstellen-mit-inkscape\/#breadcrumb"},"inLanguage":"de","potentialAction":[{"@type":"ReadAction","target":["https:\/\/wifi-refuge.org\/de\/selbstversorgung-einen-grundstuecksplan-erstellen-mit-inkscape\/"]}]},{"@type":"ImageObject","inLanguage":"de","@id":"https:\/\/wifi-refuge.org\/de\/selbstversorgung-einen-grundstuecksplan-erstellen-mit-inkscape\/#primaryimage","url":"https:\/\/wifi-refuge.org\/de\/wp-content\/uploads\/sites\/3\/2023\/01\/inkscape-blog-img.png","contentUrl":"https:\/\/wifi-refuge.org\/de\/wp-content\/uploads\/sites\/3\/2023\/01\/inkscape-blog-img.png","width":319,"height":228},{"@type":"BreadcrumbList","@id":"https:\/\/wifi-refuge.org\/de\/selbstversorgung-einen-grundstuecksplan-erstellen-mit-inkscape\/#breadcrumb","itemListElement":[{"@type":"ListItem","position":1,"name":"Startseite","item":"https:\/\/wifi-refuge.org\/de\/"},{"@type":"ListItem","position":2,"name":"Selbstversorgung: Einen Grundst\u00fccksplan erstellen mit Inkscape"}]},{"@type":"WebSite","@id":"https:\/\/wifi-refuge.org\/de\/#website","url":"https:\/\/wifi-refuge.org\/de\/","name":"wifi-refuge.org","description":"","potentialAction":[{"@type":"SearchAction","target":{"@type":"EntryPoint","urlTemplate":"https:\/\/wifi-refuge.org\/de\/?s={search_term_string}"},"query-input":{"@type":"PropertyValueSpecification","valueRequired":true,"valueName":"search_term_string"}}],"inLanguage":"de"}]}},"_links":{"self":[{"href":"https:\/\/wifi-refuge.org\/de\/wp-json\/wp\/v2\/pages\/1396","targetHints":{"allow":["GET"]}}],"collection":[{"href":"https:\/\/wifi-refuge.org\/de\/wp-json\/wp\/v2\/pages"}],"about":[{"href":"https:\/\/wifi-refuge.org\/de\/wp-json\/wp\/v2\/types\/page"}],"author":[{"embeddable":true,"href":"https:\/\/wifi-refuge.org\/de\/wp-json\/wp\/v2\/users\/1"}],"replies":[{"embeddable":true,"href":"https:\/\/wifi-refuge.org\/de\/wp-json\/wp\/v2\/comments?post=1396"}],"version-history":[{"count":29,"href":"https:\/\/wifi-refuge.org\/de\/wp-json\/wp\/v2\/pages\/1396\/revisions"}],"predecessor-version":[{"id":1578,"href":"https:\/\/wifi-refuge.org\/de\/wp-json\/wp\/v2\/pages\/1396\/revisions\/1578"}],"wp:featuredmedia":[{"embeddable":true,"href":"https:\/\/wifi-refuge.org\/de\/wp-json\/wp\/v2\/media\/1397"}],"wp:attachment":[{"href":"https:\/\/wifi-refuge.org\/de\/wp-json\/wp\/v2\/media?parent=1396"}],"curies":[{"name":"wp","href":"https:\/\/api.w.org\/{rel}","templated":true}]}}