{"id":1380,"date":"2023-01-18T10:42:50","date_gmt":"2023-01-18T09:42:50","guid":{"rendered":"https:\/\/wifi-refuge.org\/de\/?page_id=1380"},"modified":"2023-01-19T21:04:05","modified_gmt":"2023-01-19T20:04:05","slug":"grundstuecks-planung-satellitenbilder-korrekt-skalieren-in-inkscape","status":"publish","type":"page","link":"https:\/\/wifi-refuge.org\/de\/grundstuecks-planung-satellitenbilder-korrekt-skalieren-in-inkscape\/","title":{"rendered":"Grundst\u00fccksplanung: Satellitenbilder korrekt skalieren in Inkscape"},"content":{"rendered":"<p>Eine ma\u00dfstabsgetreue Karte ist f\u00fcr eine Planung (z.B. der Bepflanzung) eines Grundst\u00fccks wichtig. Ein Ma\u00dfstab von 1:100 (1 cm am Bildschirm entspricht einem Meter) ist meistens ein geeigneter Wert. Bei der Planung ist es auch sehr hilfreich, wenn man die Satellitenbilder von Google Maps (oder Bing Maps) einbinden kann. Im Folgenden wird erkl\u00e4rt, wie man die Skalierung der Satellitenbilder automatisieren kann. Alternativ geht es nat\u00fcrlich auch nach Augenma\u00df, was aber nicht immer einfach ist.<\/p>\n<p>Das kostenlose Programm <a href=\"https:\/\/inkscape.org\" target=\"_blank\" rel=\"noopener\">Inkscape<\/a> ist empfehlenswert f\u00fcr die Erstellung von Grundst\u00fccks-Pl\u00e4nen. Die Skalierung sollte von Anfang an festgelegt werden. Dadurch k\u00f6nnen dann B\u00e4ume, Str\u00e4ucher etc. mit korrekter Gr\u00f6\u00dfe eingezeichnet werden. Ein Baum mit 4 m Durchmesser hat in Inkscape (oder auf dem Papier) entsprechend 4 cm.<\/p>\n<p><strong>Vorbereitung<\/strong>: Nachdem Inskcape installiert ist, muss noch die Erweiterung &#8222;<a href=\"https:\/\/inkscape.org\/~Moini\/%E2%98%85realscale-resize-by-line-of-known-length\" target=\"_blank\" rel=\"noopener\">RealScale<\/a>&#8220; installiert werden. Die Installation wird auf der verlinkten Seite beschrieben (man muss 2 Dateien in den richtigen Ordner kopieren).<\/p>\n<h1>Variante 1: Mit Google Maps Distanz-Messung<\/h1>\n<p><strong>Schritt 1:<\/strong> Es wird eine Bezugspunkte in der Karte ben\u00f6tigt. Bei Google Maps kann mittels Rechtsklick die Distanz gemessen werden zwischen zwei Punkten. Es ist in diesem Fall egal, was man damit genau misst. Je gr\u00f6\u00dfer die Distanz, desto besser. Die eingeblendete Distanz sollte au\u00dferhalb des relevanten Bildausschnitts sein, da das Bild sp\u00e4ter in Inkscape verwendet wird.<\/p>\n<p><img loading=\"lazy\" decoding=\"async\" class=\"alignnone wp-image-1407 size-full\" src=\"https:\/\/wifi-refuge.org\/de\/wp-content\/uploads\/sites\/3\/2023\/01\/GoogleMaps-Messung.jpg\" alt=\"\" width=\"1256\" height=\"626\" srcset=\"https:\/\/wifi-refuge.org\/de\/wp-content\/uploads\/sites\/3\/2023\/01\/GoogleMaps-Messung.jpg 1256w, https:\/\/wifi-refuge.org\/de\/wp-content\/uploads\/sites\/3\/2023\/01\/GoogleMaps-Messung-300x150.jpg 300w, https:\/\/wifi-refuge.org\/de\/wp-content\/uploads\/sites\/3\/2023\/01\/GoogleMaps-Messung-1024x510.jpg 1024w, https:\/\/wifi-refuge.org\/de\/wp-content\/uploads\/sites\/3\/2023\/01\/GoogleMaps-Messung-768x383.jpg 768w, https:\/\/wifi-refuge.org\/de\/wp-content\/uploads\/sites\/3\/2023\/01\/GoogleMaps-Messung-830x414.jpg 830w, https:\/\/wifi-refuge.org\/de\/wp-content\/uploads\/sites\/3\/2023\/01\/GoogleMaps-Messung-230x115.jpg 230w, https:\/\/wifi-refuge.org\/de\/wp-content\/uploads\/sites\/3\/2023\/01\/GoogleMaps-Messung-350x174.jpg 350w, https:\/\/wifi-refuge.org\/de\/wp-content\/uploads\/sites\/3\/2023\/01\/GoogleMaps-Messung-480x239.jpg 480w\" sizes=\"auto, (max-width: 1256px) 100vw, 1256px\" \/><\/p>\n<p><strong>Schritt 2:<\/strong> F\u00fcr die gleiche Distanz muss dann in Inkscape eine Linie gezeichnet werden (Tastenk\u00fcrzel B, oder links in der Werkzeugleiste &#8222;B\u00e9zier-Kurven und gerade Linien zeichnen&#8220;).<\/p>\n<p><img loading=\"lazy\" decoding=\"async\" class=\"alignnone wp-image-1408 size-full\" src=\"https:\/\/wifi-refuge.org\/de\/wp-content\/uploads\/sites\/3\/2023\/01\/GoogleMaps-Messung-Inkscape.jpg\" alt=\"\" width=\"1511\" height=\"483\" srcset=\"https:\/\/wifi-refuge.org\/de\/wp-content\/uploads\/sites\/3\/2023\/01\/GoogleMaps-Messung-Inkscape.jpg 1511w, https:\/\/wifi-refuge.org\/de\/wp-content\/uploads\/sites\/3\/2023\/01\/GoogleMaps-Messung-Inkscape-300x96.jpg 300w, https:\/\/wifi-refuge.org\/de\/wp-content\/uploads\/sites\/3\/2023\/01\/GoogleMaps-Messung-Inkscape-1024x327.jpg 1024w, https:\/\/wifi-refuge.org\/de\/wp-content\/uploads\/sites\/3\/2023\/01\/GoogleMaps-Messung-Inkscape-768x245.jpg 768w, https:\/\/wifi-refuge.org\/de\/wp-content\/uploads\/sites\/3\/2023\/01\/GoogleMaps-Messung-Inkscape-830x265.jpg 830w, https:\/\/wifi-refuge.org\/de\/wp-content\/uploads\/sites\/3\/2023\/01\/GoogleMaps-Messung-Inkscape-230x74.jpg 230w, https:\/\/wifi-refuge.org\/de\/wp-content\/uploads\/sites\/3\/2023\/01\/GoogleMaps-Messung-Inkscape-350x112.jpg 350w, https:\/\/wifi-refuge.org\/de\/wp-content\/uploads\/sites\/3\/2023\/01\/GoogleMaps-Messung-Inkscape-480x153.jpg 480w\" sizes=\"auto, (max-width: 1511px) 100vw, 1511px\" \/><\/p>\n<p><strong>Schritt 3:<\/strong> Dann zuerst die eingezeichnete Linie selektieren, dann das Satellitenbild (mit Shift-Taste).<\/p>\n<p><strong>Schritt 4:<\/strong> RealScale Erweiterung ausf\u00fchren (Men\u00fc: Erweiterungen | Scaling | RealScale) \u2013 Die gemessene L\u00e4nge muss unter \u201eMeassurement\u201c angegeben werden (length of scaling path; Unit m). Als Ma\u00dfstab ist\u00a0 (Metric Scale) ist, wie erw\u00e4hnt, meistens 1:100 empfehlenswert (au\u00dfer f\u00fcr sehr gro\u00dfe Grundst\u00fccke).<\/p>\n<p><img loading=\"lazy\" decoding=\"async\" class=\"alignnone wp-image-1409 size-full\" src=\"https:\/\/wifi-refuge.org\/de\/wp-content\/uploads\/sites\/3\/2023\/01\/GoogleMaps-Messung-Inkscape-RealScale.jpg\" alt=\"\" width=\"1438\" height=\"620\" srcset=\"https:\/\/wifi-refuge.org\/de\/wp-content\/uploads\/sites\/3\/2023\/01\/GoogleMaps-Messung-Inkscape-RealScale.jpg 1438w, https:\/\/wifi-refuge.org\/de\/wp-content\/uploads\/sites\/3\/2023\/01\/GoogleMaps-Messung-Inkscape-RealScale-300x129.jpg 300w, https:\/\/wifi-refuge.org\/de\/wp-content\/uploads\/sites\/3\/2023\/01\/GoogleMaps-Messung-Inkscape-RealScale-1024x442.jpg 1024w, https:\/\/wifi-refuge.org\/de\/wp-content\/uploads\/sites\/3\/2023\/01\/GoogleMaps-Messung-Inkscape-RealScale-768x331.jpg 768w, https:\/\/wifi-refuge.org\/de\/wp-content\/uploads\/sites\/3\/2023\/01\/GoogleMaps-Messung-Inkscape-RealScale-830x358.jpg 830w, https:\/\/wifi-refuge.org\/de\/wp-content\/uploads\/sites\/3\/2023\/01\/GoogleMaps-Messung-Inkscape-RealScale-230x99.jpg 230w, https:\/\/wifi-refuge.org\/de\/wp-content\/uploads\/sites\/3\/2023\/01\/GoogleMaps-Messung-Inkscape-RealScale-350x151.jpg 350w, https:\/\/wifi-refuge.org\/de\/wp-content\/uploads\/sites\/3\/2023\/01\/GoogleMaps-Messung-Inkscape-RealScale-480x207.jpg 480w\" sizes=\"auto, (max-width: 1438px) 100vw, 1438px\" \/><\/p>\n<p>Die Hilfslinie kann anschlie\u00dfend entfernt werden und es k\u00f6nnen die Elemente eingef\u00fcgt werden (auf folgendem Bild sind die Breite\/H\u00f6he erkennbar: 4 cm \/ bei 1:100 = 4 m)<\/p>\n<p><img loading=\"lazy\" decoding=\"async\" class=\"alignnone wp-image-1410 size-full\" src=\"https:\/\/wifi-refuge.org\/de\/wp-content\/uploads\/sites\/3\/2023\/01\/GoogleMaps-Messung-Inkscape-RealScale2.jpg\" alt=\"\" width=\"406\" height=\"309\" srcset=\"https:\/\/wifi-refuge.org\/de\/wp-content\/uploads\/sites\/3\/2023\/01\/GoogleMaps-Messung-Inkscape-RealScale2.jpg 406w, https:\/\/wifi-refuge.org\/de\/wp-content\/uploads\/sites\/3\/2023\/01\/GoogleMaps-Messung-Inkscape-RealScale2-300x228.jpg 300w, https:\/\/wifi-refuge.org\/de\/wp-content\/uploads\/sites\/3\/2023\/01\/GoogleMaps-Messung-Inkscape-RealScale2-230x175.jpg 230w, https:\/\/wifi-refuge.org\/de\/wp-content\/uploads\/sites\/3\/2023\/01\/GoogleMaps-Messung-Inkscape-RealScale2-350x266.jpg 350w\" sizes=\"auto, (max-width: 406px) 100vw, 406px\" \/><\/p>\n<h1>Variante 2: Ohne Google Maps Distanz-Messung<\/h1>\n<p>Wenn man keine M\u00f6glichkeit hat, schon in der Karte die Distanz zu messen, muss man zwei Punkte auf der Karte verwenden, f\u00fcr die man die Distanz kennt bzw. messen kann. Das kann z.B. die Seite eines Hauses sein oder die Lange\/Breite eines Grundst\u00fccks (falls Grenzen klar erkennbar). Das Vorgehen ist ansonsten wie oben beschrieben.<\/p>\n<p><img loading=\"lazy\" decoding=\"async\" class=\"alignnone wp-image-1387 size-full\" src=\"https:\/\/wifi-refuge.org\/de\/wp-content\/uploads\/sites\/3\/2023\/01\/RealScale-3.jpg\" alt=\"\" width=\"864\" height=\"684\" srcset=\"https:\/\/wifi-refuge.org\/de\/wp-content\/uploads\/sites\/3\/2023\/01\/RealScale-3.jpg 864w, https:\/\/wifi-refuge.org\/de\/wp-content\/uploads\/sites\/3\/2023\/01\/RealScale-3-300x238.jpg 300w, https:\/\/wifi-refuge.org\/de\/wp-content\/uploads\/sites\/3\/2023\/01\/RealScale-3-768x608.jpg 768w, https:\/\/wifi-refuge.org\/de\/wp-content\/uploads\/sites\/3\/2023\/01\/RealScale-3-830x657.jpg 830w, https:\/\/wifi-refuge.org\/de\/wp-content\/uploads\/sites\/3\/2023\/01\/RealScale-3-230x182.jpg 230w, https:\/\/wifi-refuge.org\/de\/wp-content\/uploads\/sites\/3\/2023\/01\/RealScale-3-350x277.jpg 350w, https:\/\/wifi-refuge.org\/de\/wp-content\/uploads\/sites\/3\/2023\/01\/RealScale-3-480x380.jpg 480w\" sizes=\"auto, (max-width: 864px) 100vw, 864px\" \/><\/p>\n<p>Mehr Infos zur Inkscape Erweiterung &#8222;RealScale&#8220; befinden sich auf dem Reiter &#8222;Hilfe&#8220;.<\/p>\n","protected":false},"excerpt":{"rendered":"<p>Eine ma\u00dfstabsgetreue Karte ist f\u00fcr eine Planung (z.B. der Bepflanzung) eines Grundst\u00fccks wichtig. Ein Ma\u00dfstab von 1:100 (1 cm am Bildschirm entspricht einem Meter) ist meistens ein geeigneter Wert. Bei der Planung ist es auch sehr hilfreich, wenn man die Satellitenbilder von Google Maps (oder Bing Maps) einbinden kann. Im Folgenden wird erkl\u00e4rt, wie man [&hellip;]<\/p>\n","protected":false},"author":1,"featured_media":1410,"parent":0,"menu_order":0,"comment_status":"closed","ping_status":"closed","template":"","meta":{"footnotes":""},"class_list":["post-1380","page","type-page","status-publish","has-post-thumbnail","hentry"],"yoast_head":"<!-- This site is optimized with the Yoast SEO plugin v27.1.1 - https:\/\/yoast.com\/product\/yoast-seo-wordpress\/ -->\n<title>Grundst\u00fccksplanung: Satellitenbilder korrekt skalieren in Inkscape - wifi-refuge.org<\/title>\n<meta name=\"robots\" content=\"index, follow, max-snippet:-1, max-image-preview:large, max-video-preview:-1\" \/>\n<link rel=\"canonical\" href=\"https:\/\/wifi-refuge.org\/de\/grundstuecks-planung-satellitenbilder-korrekt-skalieren-in-inkscape\/\" \/>\n<meta property=\"og:locale\" content=\"de_DE\" \/>\n<meta property=\"og:type\" content=\"article\" \/>\n<meta property=\"og:title\" content=\"Grundst\u00fccksplanung: Satellitenbilder korrekt skalieren in Inkscape - wifi-refuge.org\" \/>\n<meta property=\"og:description\" content=\"Eine ma\u00dfstabsgetreue Karte ist f\u00fcr eine Planung (z.B. der Bepflanzung) eines Grundst\u00fccks wichtig. Ein Ma\u00dfstab von 1:100 (1 cm am Bildschirm entspricht einem Meter) ist meistens ein geeigneter Wert. Bei der Planung ist es auch sehr hilfreich, wenn man die Satellitenbilder von Google Maps (oder Bing Maps) einbinden kann. Im Folgenden wird erkl\u00e4rt, wie man [&hellip;]\" \/>\n<meta property=\"og:url\" content=\"https:\/\/wifi-refuge.org\/de\/grundstuecks-planung-satellitenbilder-korrekt-skalieren-in-inkscape\/\" \/>\n<meta property=\"og:site_name\" content=\"wifi-refuge.org\" \/>\n<meta property=\"article:modified_time\" content=\"2023-01-19T20:04:05+00:00\" \/>\n<meta property=\"og:image\" content=\"https:\/\/wifi-refuge.org\/de\/wp-content\/uploads\/sites\/3\/2023\/01\/GoogleMaps-Messung-Inkscape-RealScale2.jpg\" \/>\n\t<meta property=\"og:image:width\" content=\"406\" \/>\n\t<meta property=\"og:image:height\" content=\"309\" \/>\n\t<meta property=\"og:image:type\" content=\"image\/jpeg\" \/>\n<meta name=\"twitter:card\" content=\"summary_large_image\" \/>\n<meta name=\"twitter:label1\" content=\"Gesch\u00e4tzte Lesezeit\" \/>\n\t<meta name=\"twitter:data1\" content=\"4\u00a0Minuten\" \/>\n<script type=\"application\/ld+json\" class=\"yoast-schema-graph\">{\"@context\":\"https:\/\/schema.org\",\"@graph\":[{\"@type\":\"WebPage\",\"@id\":\"https:\/\/wifi-refuge.org\/de\/grundstuecks-planung-satellitenbilder-korrekt-skalieren-in-inkscape\/\",\"url\":\"https:\/\/wifi-refuge.org\/de\/grundstuecks-planung-satellitenbilder-korrekt-skalieren-in-inkscape\/\",\"name\":\"Grundst\u00fccksplanung: Satellitenbilder korrekt skalieren in Inkscape - wifi-refuge.org\",\"isPartOf\":{\"@id\":\"https:\/\/wifi-refuge.org\/de\/#website\"},\"primaryImageOfPage\":{\"@id\":\"https:\/\/wifi-refuge.org\/de\/grundstuecks-planung-satellitenbilder-korrekt-skalieren-in-inkscape\/#primaryimage\"},\"image\":{\"@id\":\"https:\/\/wifi-refuge.org\/de\/grundstuecks-planung-satellitenbilder-korrekt-skalieren-in-inkscape\/#primaryimage\"},\"thumbnailUrl\":\"https:\/\/wifi-refuge.org\/de\/wp-content\/uploads\/sites\/3\/2023\/01\/GoogleMaps-Messung-Inkscape-RealScale2.jpg\",\"datePublished\":\"2023-01-18T09:42:50+00:00\",\"dateModified\":\"2023-01-19T20:04:05+00:00\",\"breadcrumb\":{\"@id\":\"https:\/\/wifi-refuge.org\/de\/grundstuecks-planung-satellitenbilder-korrekt-skalieren-in-inkscape\/#breadcrumb\"},\"inLanguage\":\"de\",\"potentialAction\":[{\"@type\":\"ReadAction\",\"target\":[\"https:\/\/wifi-refuge.org\/de\/grundstuecks-planung-satellitenbilder-korrekt-skalieren-in-inkscape\/\"]}]},{\"@type\":\"ImageObject\",\"inLanguage\":\"de\",\"@id\":\"https:\/\/wifi-refuge.org\/de\/grundstuecks-planung-satellitenbilder-korrekt-skalieren-in-inkscape\/#primaryimage\",\"url\":\"https:\/\/wifi-refuge.org\/de\/wp-content\/uploads\/sites\/3\/2023\/01\/GoogleMaps-Messung-Inkscape-RealScale2.jpg\",\"contentUrl\":\"https:\/\/wifi-refuge.org\/de\/wp-content\/uploads\/sites\/3\/2023\/01\/GoogleMaps-Messung-Inkscape-RealScale2.jpg\",\"width\":406,\"height\":309},{\"@type\":\"BreadcrumbList\",\"@id\":\"https:\/\/wifi-refuge.org\/de\/grundstuecks-planung-satellitenbilder-korrekt-skalieren-in-inkscape\/#breadcrumb\",\"itemListElement\":[{\"@type\":\"ListItem\",\"position\":1,\"name\":\"Startseite\",\"item\":\"https:\/\/wifi-refuge.org\/de\/\"},{\"@type\":\"ListItem\",\"position\":2,\"name\":\"Grundst\u00fccksplanung: Satellitenbilder korrekt skalieren in Inkscape\"}]},{\"@type\":\"WebSite\",\"@id\":\"https:\/\/wifi-refuge.org\/de\/#website\",\"url\":\"https:\/\/wifi-refuge.org\/de\/\",\"name\":\"wifi-refuge.org\",\"description\":\"\",\"potentialAction\":[{\"@type\":\"SearchAction\",\"target\":{\"@type\":\"EntryPoint\",\"urlTemplate\":\"https:\/\/wifi-refuge.org\/de\/?s={search_term_string}\"},\"query-input\":{\"@type\":\"PropertyValueSpecification\",\"valueRequired\":true,\"valueName\":\"search_term_string\"}}],\"inLanguage\":\"de\"}]}<\/script>\n<!-- \/ Yoast SEO plugin. -->","yoast_head_json":{"title":"Grundst\u00fccksplanung: Satellitenbilder korrekt skalieren in Inkscape - wifi-refuge.org","robots":{"index":"index","follow":"follow","max-snippet":"max-snippet:-1","max-image-preview":"max-image-preview:large","max-video-preview":"max-video-preview:-1"},"canonical":"https:\/\/wifi-refuge.org\/de\/grundstuecks-planung-satellitenbilder-korrekt-skalieren-in-inkscape\/","og_locale":"de_DE","og_type":"article","og_title":"Grundst\u00fccksplanung: Satellitenbilder korrekt skalieren in Inkscape - wifi-refuge.org","og_description":"Eine ma\u00dfstabsgetreue Karte ist f\u00fcr eine Planung (z.B. der Bepflanzung) eines Grundst\u00fccks wichtig. Ein Ma\u00dfstab von 1:100 (1 cm am Bildschirm entspricht einem Meter) ist meistens ein geeigneter Wert. Bei der Planung ist es auch sehr hilfreich, wenn man die Satellitenbilder von Google Maps (oder Bing Maps) einbinden kann. Im Folgenden wird erkl\u00e4rt, wie man [&hellip;]","og_url":"https:\/\/wifi-refuge.org\/de\/grundstuecks-planung-satellitenbilder-korrekt-skalieren-in-inkscape\/","og_site_name":"wifi-refuge.org","article_modified_time":"2023-01-19T20:04:05+00:00","og_image":[{"width":406,"height":309,"url":"https:\/\/wifi-refuge.org\/de\/wp-content\/uploads\/sites\/3\/2023\/01\/GoogleMaps-Messung-Inkscape-RealScale2.jpg","type":"image\/jpeg"}],"twitter_card":"summary_large_image","twitter_misc":{"Gesch\u00e4tzte Lesezeit":"4\u00a0Minuten"},"schema":{"@context":"https:\/\/schema.org","@graph":[{"@type":"WebPage","@id":"https:\/\/wifi-refuge.org\/de\/grundstuecks-planung-satellitenbilder-korrekt-skalieren-in-inkscape\/","url":"https:\/\/wifi-refuge.org\/de\/grundstuecks-planung-satellitenbilder-korrekt-skalieren-in-inkscape\/","name":"Grundst\u00fccksplanung: Satellitenbilder korrekt skalieren in Inkscape - wifi-refuge.org","isPartOf":{"@id":"https:\/\/wifi-refuge.org\/de\/#website"},"primaryImageOfPage":{"@id":"https:\/\/wifi-refuge.org\/de\/grundstuecks-planung-satellitenbilder-korrekt-skalieren-in-inkscape\/#primaryimage"},"image":{"@id":"https:\/\/wifi-refuge.org\/de\/grundstuecks-planung-satellitenbilder-korrekt-skalieren-in-inkscape\/#primaryimage"},"thumbnailUrl":"https:\/\/wifi-refuge.org\/de\/wp-content\/uploads\/sites\/3\/2023\/01\/GoogleMaps-Messung-Inkscape-RealScale2.jpg","datePublished":"2023-01-18T09:42:50+00:00","dateModified":"2023-01-19T20:04:05+00:00","breadcrumb":{"@id":"https:\/\/wifi-refuge.org\/de\/grundstuecks-planung-satellitenbilder-korrekt-skalieren-in-inkscape\/#breadcrumb"},"inLanguage":"de","potentialAction":[{"@type":"ReadAction","target":["https:\/\/wifi-refuge.org\/de\/grundstuecks-planung-satellitenbilder-korrekt-skalieren-in-inkscape\/"]}]},{"@type":"ImageObject","inLanguage":"de","@id":"https:\/\/wifi-refuge.org\/de\/grundstuecks-planung-satellitenbilder-korrekt-skalieren-in-inkscape\/#primaryimage","url":"https:\/\/wifi-refuge.org\/de\/wp-content\/uploads\/sites\/3\/2023\/01\/GoogleMaps-Messung-Inkscape-RealScale2.jpg","contentUrl":"https:\/\/wifi-refuge.org\/de\/wp-content\/uploads\/sites\/3\/2023\/01\/GoogleMaps-Messung-Inkscape-RealScale2.jpg","width":406,"height":309},{"@type":"BreadcrumbList","@id":"https:\/\/wifi-refuge.org\/de\/grundstuecks-planung-satellitenbilder-korrekt-skalieren-in-inkscape\/#breadcrumb","itemListElement":[{"@type":"ListItem","position":1,"name":"Startseite","item":"https:\/\/wifi-refuge.org\/de\/"},{"@type":"ListItem","position":2,"name":"Grundst\u00fccksplanung: Satellitenbilder korrekt skalieren in Inkscape"}]},{"@type":"WebSite","@id":"https:\/\/wifi-refuge.org\/de\/#website","url":"https:\/\/wifi-refuge.org\/de\/","name":"wifi-refuge.org","description":"","potentialAction":[{"@type":"SearchAction","target":{"@type":"EntryPoint","urlTemplate":"https:\/\/wifi-refuge.org\/de\/?s={search_term_string}"},"query-input":{"@type":"PropertyValueSpecification","valueRequired":true,"valueName":"search_term_string"}}],"inLanguage":"de"}]}},"_links":{"self":[{"href":"https:\/\/wifi-refuge.org\/de\/wp-json\/wp\/v2\/pages\/1380","targetHints":{"allow":["GET"]}}],"collection":[{"href":"https:\/\/wifi-refuge.org\/de\/wp-json\/wp\/v2\/pages"}],"about":[{"href":"https:\/\/wifi-refuge.org\/de\/wp-json\/wp\/v2\/types\/page"}],"author":[{"embeddable":true,"href":"https:\/\/wifi-refuge.org\/de\/wp-json\/wp\/v2\/users\/1"}],"replies":[{"embeddable":true,"href":"https:\/\/wifi-refuge.org\/de\/wp-json\/wp\/v2\/comments?post=1380"}],"version-history":[{"count":15,"href":"https:\/\/wifi-refuge.org\/de\/wp-json\/wp\/v2\/pages\/1380\/revisions"}],"predecessor-version":[{"id":1450,"href":"https:\/\/wifi-refuge.org\/de\/wp-json\/wp\/v2\/pages\/1380\/revisions\/1450"}],"wp:featuredmedia":[{"embeddable":true,"href":"https:\/\/wifi-refuge.org\/de\/wp-json\/wp\/v2\/media\/1410"}],"wp:attachment":[{"href":"https:\/\/wifi-refuge.org\/de\/wp-json\/wp\/v2\/media?parent=1380"}],"curies":[{"name":"wp","href":"https:\/\/api.w.org\/{rel}","templated":true}]}}