{"id":12,"date":"2016-02-04T18:28:41","date_gmt":"2016-02-04T18:28:41","guid":{"rendered":"http:\/\/wifi-refuge.org\/de\/?page_id=12"},"modified":"2023-01-16T19:05:04","modified_gmt":"2023-01-16T18:05:04","slug":"white-zones","status":"publish","type":"page","link":"https:\/\/wifi-refuge.org\/de\/white-zones\/","title":{"rendered":"Strahlungsarme Gebiete &#8211; Wohnraum f\u00fcr Elektrosensible"},"content":{"rendered":"<p>F\u00fcr Elektrosensible gibt es aktuell kaum R\u00fcckzugsorte. Regierungen m\u00fcssen Elektrosensibilit\u00e4t endlich anerkennen und Wei\u00dfe Zonen einrichten, wo es keine oder nur minimale Strahlung gibt, vor allem durch Mobilfunk-Masten und TETRA-Funk.<\/p>\n<p>Es gibt bereits einige solcher Orte\/Gebiete und Projekte die sich daf\u00fcr einsetzen.<\/p>\n<p>Folgende Seiten k\u00f6nnen hilfreich sein bei der Suche nach Unterk\u00fcnften:<\/p>\n<ul>\n<li>Sanctuaries auf <a href=\"http:\/\/electroplague.com\/sanctuaries\/\" target=\"_blank\" rel=\"noopener noreferrer\">electroplague.com<\/a> [Englisch]<\/li>\n<li>Auf <a href=\"http:\/\/radiationrefuge.com\" target=\"_blank\" rel=\"noopener noreferrer\">radiationrefuge.com<\/a> [Englisch] k\u00f6nnen Unterk\u00fcnfte gesucht und ver\u00f6ffentlicht werden, die bestimmte Kriterien erf\u00fcllen (kein WLAN, Mobilfunkmasten,&#8230;).<\/li>\n<li>Auf <a href=\"https:\/\/hotels-ohne-wlan.com\" target=\"_blank\" rel=\"noopener noreferrer\">hotels-ohne-wlan.com<\/a> gibt es eine Liste, die f\u00fcr vor\u00fcbergehende Aufenthalte interessant sein kann<\/li>\n<li><a href=\"https:\/\/www.mobilfunkfreierurlaub.com\/\" target=\"_blank\" rel=\"noopener\">mobilfunkfreierurlaub.com<\/a> <span id=\"cc-m-header-12484046527\" class=\"cc-within-single-module-element j-website-title-content\">Mobilfunkarme Urlaubs-Unterk\u00fcnfte<\/span><\/li>\n<li>Forum Bereich auf <a href=\"http:\/\/forum.gigaherz.ch\" target=\"_blank\" rel=\"noreferrer noopener\" aria-label=\"http:\/\/forum.gigaherz.ch: Bereich &quot;Allgemeines Forum&quot; http:\/\/forum.gigaherz.ch\/viewforum.php?f=2 Bereich &quot;B\u00f6rse f\u00fcr elektrosmogarmen Wohnraum&quot; http:\/\/forum.gigaherz.ch\/viewforum.php?f=6\u2028(englisch) http:\/\/es-forum.com\u2028(englisch) https:\/\/www.mast-victims.org\/forum (opens in a new tab)\">forum.gigaherz.ch<\/a>:<br \/>\n<a href=\"http:\/\/forum.gigaherz.ch\/viewforum.php?f=6\" target=\"_blank\" rel=\"noreferrer noopener\" aria-label=\"http:\/\/forum.gigaherz.ch: Bereich &quot;Allgemeines Forum&quot;: Bereich &quot;B\u00f6rse f\u00fcr elektrosmogarmen Wohnraum&quot;\u2028(englisch) http:\/\/es-forum.com\u2028(englisch) https:\/\/www.mast-victims.org\/forum (opens in a new tab)\">B\u00f6rse f\u00fcr elektrosmogarmen Wohnraum<\/a><\/li>\n<li>In den Kleinanzeigen von <a href=\"https:\/\/schrotundkorn.de\/kleinanzeigen?refinementList%5Bcategories.lvl0%5D=Immo%C2%ADbilien\" target=\"_blank\" rel=\"noopener\">schrotundkorn.de<\/a> gibt es auch Anzeigen von Elektrosensiblen<\/li>\n<\/ul>\n","protected":false},"excerpt":{"rendered":"<p>F\u00fcr Elektrosensible gibt es aktuell kaum R\u00fcckzugsorte. Regierungen m\u00fcssen Elektrosensibilit\u00e4t endlich anerkennen und Wei\u00dfe Zonen einrichten, wo es keine oder nur minimale Strahlung gibt, vor allem durch Mobilfunk-Masten und TETRA-Funk. Es gibt bereits einige solcher Orte\/Gebiete und Projekte die sich daf\u00fcr einsetzen. Folgende Seiten k\u00f6nnen hilfreich sein bei der Suche nach Unterk\u00fcnften: Sanctuaries auf electroplague.com [&hellip;]<\/p>\n","protected":false},"author":1,"featured_media":0,"parent":0,"menu_order":0,"comment_status":"closed","ping_status":"closed","template":"","meta":{"footnotes":""},"class_list":["post-12","page","type-page","status-publish","hentry"],"yoast_head":"<!-- This site is optimized with the Yoast SEO plugin v27.1.1 - https:\/\/yoast.com\/product\/yoast-seo-wordpress\/ -->\n<title>Strahlungsarme Gebiete - Wohnraum f\u00fcr Elektrosensible - wifi-refuge.org<\/title>\n<meta name=\"robots\" content=\"index, follow, max-snippet:-1, max-image-preview:large, max-video-preview:-1\" \/>\n<link rel=\"canonical\" href=\"https:\/\/wifi-refuge.org\/de\/white-zones\/\" \/>\n<meta property=\"og:locale\" content=\"de_DE\" \/>\n<meta property=\"og:type\" content=\"article\" \/>\n<meta property=\"og:title\" content=\"Strahlungsarme Gebiete - Wohnraum f\u00fcr Elektrosensible - wifi-refuge.org\" \/>\n<meta property=\"og:description\" content=\"F\u00fcr Elektrosensible gibt es aktuell kaum R\u00fcckzugsorte. Regierungen m\u00fcssen Elektrosensibilit\u00e4t endlich anerkennen und Wei\u00dfe Zonen einrichten, wo es keine oder nur minimale Strahlung gibt, vor allem durch Mobilfunk-Masten und TETRA-Funk. Es gibt bereits einige solcher Orte\/Gebiete und Projekte die sich daf\u00fcr einsetzen. Folgende Seiten k\u00f6nnen hilfreich sein bei der Suche nach Unterk\u00fcnften: Sanctuaries auf electroplague.com [&hellip;]\" \/>\n<meta property=\"og:url\" content=\"https:\/\/wifi-refuge.org\/de\/white-zones\/\" \/>\n<meta property=\"og:site_name\" content=\"wifi-refuge.org\" \/>\n<meta property=\"article:modified_time\" content=\"2023-01-16T18:05:04+00:00\" \/>\n<meta name=\"twitter:card\" content=\"summary_large_image\" \/>\n<meta name=\"twitter:label1\" content=\"Gesch\u00e4tzte Lesezeit\" \/>\n\t<meta name=\"twitter:data1\" content=\"1\u00a0Minute\" \/>\n<script type=\"application\/ld+json\" class=\"yoast-schema-graph\">{\"@context\":\"https:\/\/schema.org\",\"@graph\":[{\"@type\":\"WebPage\",\"@id\":\"https:\/\/wifi-refuge.org\/de\/white-zones\/\",\"url\":\"https:\/\/wifi-refuge.org\/de\/white-zones\/\",\"name\":\"Strahlungsarme Gebiete - Wohnraum f\u00fcr Elektrosensible - wifi-refuge.org\",\"isPartOf\":{\"@id\":\"https:\/\/wifi-refuge.org\/de\/#website\"},\"datePublished\":\"2016-02-04T18:28:41+00:00\",\"dateModified\":\"2023-01-16T18:05:04+00:00\",\"breadcrumb\":{\"@id\":\"https:\/\/wifi-refuge.org\/de\/white-zones\/#breadcrumb\"},\"inLanguage\":\"de\",\"potentialAction\":[{\"@type\":\"ReadAction\",\"target\":[\"https:\/\/wifi-refuge.org\/de\/white-zones\/\"]}]},{\"@type\":\"BreadcrumbList\",\"@id\":\"https:\/\/wifi-refuge.org\/de\/white-zones\/#breadcrumb\",\"itemListElement\":[{\"@type\":\"ListItem\",\"position\":1,\"name\":\"Startseite\",\"item\":\"https:\/\/wifi-refuge.org\/de\/\"},{\"@type\":\"ListItem\",\"position\":2,\"name\":\"Strahlungsarme Gebiete &#8211; Wohnraum f\u00fcr Elektrosensible\"}]},{\"@type\":\"WebSite\",\"@id\":\"https:\/\/wifi-refuge.org\/de\/#website\",\"url\":\"https:\/\/wifi-refuge.org\/de\/\",\"name\":\"wifi-refuge.org\",\"description\":\"\",\"potentialAction\":[{\"@type\":\"SearchAction\",\"target\":{\"@type\":\"EntryPoint\",\"urlTemplate\":\"https:\/\/wifi-refuge.org\/de\/?s={search_term_string}\"},\"query-input\":{\"@type\":\"PropertyValueSpecification\",\"valueRequired\":true,\"valueName\":\"search_term_string\"}}],\"inLanguage\":\"de\"}]}<\/script>\n<!-- \/ Yoast SEO plugin. -->","yoast_head_json":{"title":"Strahlungsarme Gebiete - Wohnraum f\u00fcr Elektrosensible - wifi-refuge.org","robots":{"index":"index","follow":"follow","max-snippet":"max-snippet:-1","max-image-preview":"max-image-preview:large","max-video-preview":"max-video-preview:-1"},"canonical":"https:\/\/wifi-refuge.org\/de\/white-zones\/","og_locale":"de_DE","og_type":"article","og_title":"Strahlungsarme Gebiete - Wohnraum f\u00fcr Elektrosensible - wifi-refuge.org","og_description":"F\u00fcr Elektrosensible gibt es aktuell kaum R\u00fcckzugsorte. Regierungen m\u00fcssen Elektrosensibilit\u00e4t endlich anerkennen und Wei\u00dfe Zonen einrichten, wo es keine oder nur minimale Strahlung gibt, vor allem durch Mobilfunk-Masten und TETRA-Funk. Es gibt bereits einige solcher Orte\/Gebiete und Projekte die sich daf\u00fcr einsetzen. Folgende Seiten k\u00f6nnen hilfreich sein bei der Suche nach Unterk\u00fcnften: Sanctuaries auf electroplague.com [&hellip;]","og_url":"https:\/\/wifi-refuge.org\/de\/white-zones\/","og_site_name":"wifi-refuge.org","article_modified_time":"2023-01-16T18:05:04+00:00","twitter_card":"summary_large_image","twitter_misc":{"Gesch\u00e4tzte Lesezeit":"1\u00a0Minute"},"schema":{"@context":"https:\/\/schema.org","@graph":[{"@type":"WebPage","@id":"https:\/\/wifi-refuge.org\/de\/white-zones\/","url":"https:\/\/wifi-refuge.org\/de\/white-zones\/","name":"Strahlungsarme Gebiete - Wohnraum f\u00fcr Elektrosensible - wifi-refuge.org","isPartOf":{"@id":"https:\/\/wifi-refuge.org\/de\/#website"},"datePublished":"2016-02-04T18:28:41+00:00","dateModified":"2023-01-16T18:05:04+00:00","breadcrumb":{"@id":"https:\/\/wifi-refuge.org\/de\/white-zones\/#breadcrumb"},"inLanguage":"de","potentialAction":[{"@type":"ReadAction","target":["https:\/\/wifi-refuge.org\/de\/white-zones\/"]}]},{"@type":"BreadcrumbList","@id":"https:\/\/wifi-refuge.org\/de\/white-zones\/#breadcrumb","itemListElement":[{"@type":"ListItem","position":1,"name":"Startseite","item":"https:\/\/wifi-refuge.org\/de\/"},{"@type":"ListItem","position":2,"name":"Strahlungsarme Gebiete &#8211; Wohnraum f\u00fcr Elektrosensible"}]},{"@type":"WebSite","@id":"https:\/\/wifi-refuge.org\/de\/#website","url":"https:\/\/wifi-refuge.org\/de\/","name":"wifi-refuge.org","description":"","potentialAction":[{"@type":"SearchAction","target":{"@type":"EntryPoint","urlTemplate":"https:\/\/wifi-refuge.org\/de\/?s={search_term_string}"},"query-input":{"@type":"PropertyValueSpecification","valueRequired":true,"valueName":"search_term_string"}}],"inLanguage":"de"}]}},"_links":{"self":[{"href":"https:\/\/wifi-refuge.org\/de\/wp-json\/wp\/v2\/pages\/12","targetHints":{"allow":["GET"]}}],"collection":[{"href":"https:\/\/wifi-refuge.org\/de\/wp-json\/wp\/v2\/pages"}],"about":[{"href":"https:\/\/wifi-refuge.org\/de\/wp-json\/wp\/v2\/types\/page"}],"author":[{"embeddable":true,"href":"https:\/\/wifi-refuge.org\/de\/wp-json\/wp\/v2\/users\/1"}],"replies":[{"embeddable":true,"href":"https:\/\/wifi-refuge.org\/de\/wp-json\/wp\/v2\/comments?post=12"}],"version-history":[{"count":93,"href":"https:\/\/wifi-refuge.org\/de\/wp-json\/wp\/v2\/pages\/12\/revisions"}],"predecessor-version":[{"id":1377,"href":"https:\/\/wifi-refuge.org\/de\/wp-json\/wp\/v2\/pages\/12\/revisions\/1377"}],"wp:attachment":[{"href":"https:\/\/wifi-refuge.org\/de\/wp-json\/wp\/v2\/media?parent=12"}],"curies":[{"name":"wp","href":"https:\/\/api.w.org\/{rel}","templated":true}]}}