{"id":10,"date":"2016-02-04T18:28:25","date_gmt":"2016-02-04T18:28:25","guid":{"rendered":"http:\/\/wifi-refuge.org\/de\/?page_id=10"},"modified":"2021-05-29T12:08:08","modified_gmt":"2021-05-29T11:08:08","slug":"erfahrungsberichte","status":"publish","type":"page","link":"https:\/\/wifi-refuge.org\/de\/erfahrungsberichte\/","title":{"rendered":"Berichte von Elektrosensiblen"},"content":{"rendered":"<p>Hier finden Sie eine Auswahl von Berichten Betroffener, die mit ganz unterschiedlichen Hintergr\u00fcnden immer wieder an den gleichen Symptomen leiden. Einige der typischen Symptome von Elektrosensibilit\u00e4t sind Konzentrationsprobleme, Kopfschmerzen und Schlafst\u00f6rungen (weitere Informationen finden Sie unter <a href=\"http:\/\/wifi-refuge.org\/de\/ehs\/\">Elektrosensibilit\u00e4t<\/a>).<br \/>\n<!--\n<a href=\"#germany\">Deutschland<\/a> - <a href=\"#usa\">USA<\/a> - <a href=\"#canada\">Kanada<\/a> - <a href=\"#southamerica\">S\u00fcdamerika<\/a> - <a href=\"#australia\">Australien<\/a> - <a href=\"#uk\">UK<\/a> - <a href=\"#france\">Frankreich<\/a> -\u00a0<a href=\"#switzerland\">Schweiz<\/a> - <a href=\"#sweden\">Schweden<\/a> - <a href=\"#israel\">Israel<\/a>\n\n--><\/p>\n<hr id=\"germany\" \/>\n<h3>Deutschland<\/h3>\n<ul>\n<li>Mario Babilon (Stuttgarter Professor)<br \/>\n&#8222;Die Leidensgeschichte des Stuttgarter Physik-Professors begann vor mehr als zehn Jahren. Damals litt er vor allem nach langen Meetings an starken Kopfschmerzen. F\u00fcr den Physiker begann eine Odyssee von Arzt zu Arzt, keiner konnte helfen.<br \/>\nErst ein Zeitungsartikel brachte Mario Babilon auf die Idee, es k\u00f6nne sich um EHS handeln und um eine Reaktion auf das neu installierte WLAN-Netzwerk in den Besprechungsr\u00e4umen. Daran glauben wollte der Wissenschaftler zun\u00e4chst nicht, doch schon bald merkte er: Ohne WLAN-Netze in seiner Umgebung geht es ihm deutlich besser. [&#8230;]&#8220;<br \/>\nMehr zur ZDF Doku &#8222;Krankmacher Handy?&#8220; (Die Berichte \u00fcber zwei Elektrosensible sind sehenswert, der Rest ist nicht unbedingt &#8211; u.a. die Meinung des Bundesamts f\u00fcr Strahlenschutz, das seinem Namen alles andere als gerecht wird)<br \/>\n<a href=\"https:\/\/www.zdf.de\/dokumentation\/planet-e\/planet-e-krankmacher-handy-100.html\" target=\"_blank\" rel=\"noopener noreferrer\">https:\/\/www.zdf.de\/dokumentation\/planet-e\/planet-e-krankmacher-handy-100.html<\/a><\/li>\n<li>Carolin Sandner<br \/>\nInterview auf Youtube:<br \/>\n<iframe loading=\"lazy\" title=\"Diese Frau flieht vor dem Unsichtbaren\u26a1\ufe0fMacht 5G und Elektrosmog krank? MARLON Folge 02\" width=\"480\" height=\"270\" src=\"https:\/\/www.youtube.com\/embed\/zz6oWwonIW4?feature=oembed\" frameborder=\"0\" allow=\"accelerometer; autoplay; clipboard-write; encrypted-media; gyroscope; picture-in-picture\" allowfullscreen><\/iframe><\/p>\n<p>\/li&gt;<\/li>\n<li>Ulrich Weiner hat sich sehr fr\u00fch mit Funktechnik besch\u00e4ftigt, aber er ist so sehr elektrosensibel geworden, dass er sich dauerhaft in die W\u00e4lder zur\u00fcckziehen musste.<br \/>\nVortrag: Elektrosensible berichten (<a href=\"https:\/\/www.youtube.com\/watch?v=U6GH9QJ8Gck\" target=\"_blank\" rel=\"noopener noreferrer\">Youtube Video<\/a>)<br \/>\n<iframe loading=\"lazy\" title=\"Vortrag: Elektrosensible berichten - Ulrich Weiner und Reinhard Lang\" width=\"480\" height=\"270\" src=\"https:\/\/www.youtube.com\/embed\/U6GH9QJ8Gck?feature=oembed\" frameborder=\"0\" allow=\"accelerometer; autoplay; clipboard-write; encrypted-media; gyroscope; picture-in-picture\" allowfullscreen><\/iframe><\/li>\n<li>Gr\u00fcnen Politiker Hans Schmidt (Oberbayern) &#8211; Artikel auf\u00a0<a href=\"http:\/\/www.sueddeutsche.de\/muenchen\/wolfratshausen\/angst-vor-elektrosmog-der-gruene-der-wlan-verbieten-will-1.2792908\" target=\"_blank\" rel=\"noopener noreferrer\">sueddeutsche.de<\/a><\/li>\n<li>Daniela Pichler: &#8222;Schlaf fand Daniela Pichler lange Zeit nur noch im Auto in der Tiefgarage. Erst Jahre sp\u00e4ter erhielt sie die Diagnose Elektro-Hypersensibilit\u00e4t (EHS). Zuvor w\u00e4re sie an ihrer Krankheit fast gestorben.&#8220; &#8211; mehr bei <a href=\"https:\/\/www.diagnose-funk.org\/publikationen\/artikel\/detail?newsid=1201\" target=\"_blank\" rel=\"noopener\">diangose-funk.org<\/a><\/li>\n<li>Frank Berner (Stuttgart)<br \/>\nFAZ Artikel <a href=\"http:\/\/www.diagnose-funk.org\/themen\/mobilfunkversorgung\/gesundheit-und-elektrosensibilitaet\/sind-das-jetzt-die-webers-die-mich-grillen.php\" target=\"_blank\" rel=\"noopener noreferrer\">diagnose-funk.org<\/a><\/li>\n<li>Josef Schmitt (Weilersbach\/Oberfranken)<br \/>\nArtikel auf <a href=\"http:\/\/www.diagnose-funk.org\/themen\/mobiltelefone\/mit-strahlenschutzgitter-gegen-die-willkuer.php\" target=\"_blank\" rel=\"noopener noreferrer\">diagnose-funk.org<\/a><\/li>\n<li>Pfarrer Carsten H\u00e4ublein begeht Selbstmord (Oberammergau) &#8211; <a href=\"http:\/\/www.merkur-online.de\/lokales\/garmisch-partenkirchen\/oberammergau\/opfer-mobilfunkstrahlung-pfarrer-ruhestand-begeht-selbstmord-2763856.html\" target=\"_blank\" rel=\"noopener noreferrer\">merkur-online.de<\/a>, <a href=\"https:\/\/www.diagnose-funk.org\/publikationen\/artikel\/detail?newsid=1020\" target=\"_blank\" rel=\"noopener noreferrer\">Prof. Adelkofer zum Fall Pfarrer H\u00e4ublein auf diagnose-funk.org<\/a><\/li>\n<li>Suzanne Sohmer (Oberammergau) &#8211; <a href=\"http:\/\/www.gigaherz.ch\/media\/PDF_1\/Erfahrungsbericht_Sohmer.pdf\" target=\"_blank\" rel=\"noopener noreferrer\">Erfahrungsbericht und Anmerkung zu Artikel in ZEIT<\/a> und einen aktuellen Bericht von 2016 gibt es hier:\u00a0<a href=\"https:\/\/www.scribd.com\/document\/330541562\/Flucht-10-Jahre-Elektrosensibel\">https:\/\/www.scribd.com\/document\/330541562\/Flucht-10-Jahre-Elektrosensibel<\/a><\/li>\n<li>Silvia Czub &#8211; MDR Dokumentation &#8222;Wenn Strahlen krank machen&#8220; auf Youtube leider nicht mehr verf\u00fcgbar<\/li>\n<li>Monika Schuberth-Brehm (Wallenfels) &#8211; Dokumentation auf <a href=\"https:\/\/www.youtube.com\/watch?v=7RiXoqeKXVE&amp;feature=player_detailpage#t=403\" target=\"_blank\" rel=\"noopener noreferrer\">youtube<\/a><\/li>\n<li>Karola B\u00f6ttcher (Frebershausen, Nordhessen) &#8211; &#8222;Auf der Flucht vor Funkstrahlen&#8220; Artikel auf <a href=\"http:\/\/www.hna.de\/politik\/flucht-funkstrahlen-901978.html\" target=\"_blank\" rel=\"noopener noreferrer\">www.hna.de<\/a><\/li>\n<li><a href=\"http:\/\/www.mainpost.de\/regional\/bad-kissingen\/Ehepaar-fluechtet-vor-Mobilfunk;art23460,5689322\" target=\"_blank\" rel=\"noopener noreferrer\">Ehepaar fl\u00fcchtet vor Mobilfunk <\/a>(Bad Br\u00fcckenau \/ Bad K\u00f6nfigshofen)<\/li>\n<li>Barbara Domberger &#8211; Amtsrichterin aus Augsburg hat Zuflucht im Wehratal (S\u00fcdschwarzwald) gesucht &#8211; <a href=\"http:\/\/www.badische-zeitung.de\/wehr\/zur-erholung-ins-funkloch--55488677.html\" target=\"_blank\" rel=\"noopener noreferrer\">Artikel<\/a><\/li>\n<li>Daniela Suchalla &#8211; Gesundheit leidet unter Strahlung (Arenborn, Hessen) &#8211; <a href=\"http:\/\/www.hna.de\/lokales\/uslar-solling\/mobilfunk-gesundheit-daniela-suchalla-leidet-akut-unter-strahlung-3311638.html\" target=\"_blank\" rel=\"noopener noreferrer\">Artikel<\/a><\/li>\n<li><a href=\"http:\/\/www.diagnose-funk.org\/themen\/dect-schnurlostelefone\/burnout-durch-elektrosmog--ein-erlebnisbericht.php\" target=\"_blank\" rel=\"noopener noreferrer\">\u201eBurnout\u201c durch Elektrosmog \u2013 ein Erlebnisbericht<\/a> &#8211;<br \/>\nWarum man von DECT-Schnurlostelefonen unbedingt die Finger lassen sollte (Quelle: B\u00fcrgerwelle Schweiz)<\/li>\n<li>Kathy Malka &#8211; <a href=\"http:\/\/www.diagnose-funk.org\/themen\/dect-schnurlostelefone\/diese-telefone-sind-strahlungsbomben.php\" target=\"_blank\" rel=\"noopener noreferrer\">Artikel auf diagnose-funk.org<\/a> &#8222;F\u00fcr Kathy Malka begann der Albtraum drei Tage nach Weihnachten: Ihr Herz raste, der Kopf dr\u00f6hnte. Schlaflosigkeit und Schwei\u00dfausbr\u00fcche plagten sie.<br \/>\n\u00abIch sp\u00fcrte ein konstantes Kribbeln in meinem K\u00f6rper\u00bb, erinnert sich die 47-J\u00e4hrige. Die vorher kerngesunde und sportliche Frau hatte noch nie solche oder \u00e4hnliche Beschwerden gehabt. [&#8230;]&#8220;<\/li>\n<li>&#8222;Kind vor Psychiatrie bewahrt &#8211; Ein Kind wird krank durch ein schnurloses DECT-Telefon&#8220; &#8211; Erfahrungsbericht auf <a href=\"http:\/\/www.elektrosensibel-muenchen.de\/erfahrungen-mit-krankmachender-technik\/articles\/kind-vor-psychiatrie-bewahrt.html\" target=\"_blank\" rel=\"noopener noreferrer\">elektrosensibel-muenchen.de<\/a><\/li>\n<li>Schlafst\u00f6rungen bei der deutschen Richterakademie &#8211; Erfahrungsbericht eines Richters auf <a href=\"http:\/\/www.elektrosensibel-muenchen.de\/erfahrungen-mit-krankmachender-technik\/articles\/id-7-schlafstoerungen-bei-der-deutschen-richterakademie.html\" target=\"_blank\" rel=\"noopener noreferrer\">elektrosensibel-muenchen.de<\/a><\/li>\n<li>weitere Erfahrungsberichte auf <a href=\"http:\/\/www.elektrosensibel-muenchen.de\/erfahrungen-mit-krankmachender-technik.html\" target=\"_blank\" rel=\"noopener noreferrer\">elektrosensibel-muenchen.de <\/a><\/li>\n<\/ul>\n<p>&nbsp;<\/p>\n<hr id=\"usa\" \/>\n<h3>International<\/h3>\n<p>s. <a href=\"http:\/\/wifi-refuge.org\/people-with-ehs\">englischsprachige Version der Website<\/a>.<\/p>\n<p>&nbsp;<\/p>\n<p>&nbsp;<\/p>\n","protected":false},"excerpt":{"rendered":"<p>Hier finden Sie eine Auswahl von Berichten Betroffener, die mit ganz unterschiedlichen Hintergr\u00fcnden immer wieder an den gleichen Symptomen leiden. Einige der typischen Symptome von Elektrosensibilit\u00e4t sind Konzentrationsprobleme, Kopfschmerzen und Schlafst\u00f6rungen (weitere Informationen finden Sie unter Elektrosensibilit\u00e4t). Deutschland Mario Babilon (Stuttgarter Professor) &#8222;Die Leidensgeschichte des Stuttgarter Physik-Professors begann vor mehr als zehn Jahren. Damals litt [&hellip;]<\/p>\n","protected":false},"author":1,"featured_media":0,"parent":0,"menu_order":0,"comment_status":"closed","ping_status":"closed","template":"","meta":{"footnotes":""},"class_list":["post-10","page","type-page","status-publish","hentry"],"yoast_head":"<!-- This site is optimized with the Yoast SEO plugin v27.1.1 - https:\/\/yoast.com\/product\/yoast-seo-wordpress\/ -->\n<title>Berichte von Elektrosensiblen - wifi-refuge.org<\/title>\n<meta name=\"robots\" content=\"index, follow, max-snippet:-1, max-image-preview:large, max-video-preview:-1\" \/>\n<link rel=\"canonical\" href=\"https:\/\/wifi-refuge.org\/de\/erfahrungsberichte\/\" \/>\n<meta property=\"og:locale\" content=\"de_DE\" \/>\n<meta property=\"og:type\" content=\"article\" \/>\n<meta property=\"og:title\" content=\"Berichte von Elektrosensiblen - wifi-refuge.org\" \/>\n<meta property=\"og:description\" content=\"Hier finden Sie eine Auswahl von Berichten Betroffener, die mit ganz unterschiedlichen Hintergr\u00fcnden immer wieder an den gleichen Symptomen leiden. Einige der typischen Symptome von Elektrosensibilit\u00e4t sind Konzentrationsprobleme, Kopfschmerzen und Schlafst\u00f6rungen (weitere Informationen finden Sie unter Elektrosensibilit\u00e4t). Deutschland Mario Babilon (Stuttgarter Professor) &#8222;Die Leidensgeschichte des Stuttgarter Physik-Professors begann vor mehr als zehn Jahren. Damals litt [&hellip;]\" \/>\n<meta property=\"og:url\" content=\"https:\/\/wifi-refuge.org\/de\/erfahrungsberichte\/\" \/>\n<meta property=\"og:site_name\" content=\"wifi-refuge.org\" \/>\n<meta property=\"article:modified_time\" content=\"2021-05-29T11:08:08+00:00\" \/>\n<meta name=\"twitter:card\" content=\"summary_large_image\" \/>\n<meta name=\"twitter:label1\" content=\"Gesch\u00e4tzte Lesezeit\" \/>\n\t<meta name=\"twitter:data1\" content=\"3\u00a0Minuten\" \/>\n<script type=\"application\/ld+json\" class=\"yoast-schema-graph\">{\"@context\":\"https:\/\/schema.org\",\"@graph\":[{\"@type\":\"WebPage\",\"@id\":\"https:\/\/wifi-refuge.org\/de\/erfahrungsberichte\/\",\"url\":\"https:\/\/wifi-refuge.org\/de\/erfahrungsberichte\/\",\"name\":\"Berichte von Elektrosensiblen - wifi-refuge.org\",\"isPartOf\":{\"@id\":\"https:\/\/wifi-refuge.org\/de\/#website\"},\"datePublished\":\"2016-02-04T18:28:25+00:00\",\"dateModified\":\"2021-05-29T11:08:08+00:00\",\"breadcrumb\":{\"@id\":\"https:\/\/wifi-refuge.org\/de\/erfahrungsberichte\/#breadcrumb\"},\"inLanguage\":\"de\",\"potentialAction\":[{\"@type\":\"ReadAction\",\"target\":[\"https:\/\/wifi-refuge.org\/de\/erfahrungsberichte\/\"]}]},{\"@type\":\"BreadcrumbList\",\"@id\":\"https:\/\/wifi-refuge.org\/de\/erfahrungsberichte\/#breadcrumb\",\"itemListElement\":[{\"@type\":\"ListItem\",\"position\":1,\"name\":\"Startseite\",\"item\":\"https:\/\/wifi-refuge.org\/de\/\"},{\"@type\":\"ListItem\",\"position\":2,\"name\":\"Berichte von Elektrosensiblen\"}]},{\"@type\":\"WebSite\",\"@id\":\"https:\/\/wifi-refuge.org\/de\/#website\",\"url\":\"https:\/\/wifi-refuge.org\/de\/\",\"name\":\"wifi-refuge.org\",\"description\":\"\",\"potentialAction\":[{\"@type\":\"SearchAction\",\"target\":{\"@type\":\"EntryPoint\",\"urlTemplate\":\"https:\/\/wifi-refuge.org\/de\/?s={search_term_string}\"},\"query-input\":{\"@type\":\"PropertyValueSpecification\",\"valueRequired\":true,\"valueName\":\"search_term_string\"}}],\"inLanguage\":\"de\"}]}<\/script>\n<!-- \/ Yoast SEO plugin. -->","yoast_head_json":{"title":"Berichte von Elektrosensiblen - wifi-refuge.org","robots":{"index":"index","follow":"follow","max-snippet":"max-snippet:-1","max-image-preview":"max-image-preview:large","max-video-preview":"max-video-preview:-1"},"canonical":"https:\/\/wifi-refuge.org\/de\/erfahrungsberichte\/","og_locale":"de_DE","og_type":"article","og_title":"Berichte von Elektrosensiblen - wifi-refuge.org","og_description":"Hier finden Sie eine Auswahl von Berichten Betroffener, die mit ganz unterschiedlichen Hintergr\u00fcnden immer wieder an den gleichen Symptomen leiden. Einige der typischen Symptome von Elektrosensibilit\u00e4t sind Konzentrationsprobleme, Kopfschmerzen und Schlafst\u00f6rungen (weitere Informationen finden Sie unter Elektrosensibilit\u00e4t). Deutschland Mario Babilon (Stuttgarter Professor) &#8222;Die Leidensgeschichte des Stuttgarter Physik-Professors begann vor mehr als zehn Jahren. Damals litt [&hellip;]","og_url":"https:\/\/wifi-refuge.org\/de\/erfahrungsberichte\/","og_site_name":"wifi-refuge.org","article_modified_time":"2021-05-29T11:08:08+00:00","twitter_card":"summary_large_image","twitter_misc":{"Gesch\u00e4tzte Lesezeit":"3\u00a0Minuten"},"schema":{"@context":"https:\/\/schema.org","@graph":[{"@type":"WebPage","@id":"https:\/\/wifi-refuge.org\/de\/erfahrungsberichte\/","url":"https:\/\/wifi-refuge.org\/de\/erfahrungsberichte\/","name":"Berichte von Elektrosensiblen - wifi-refuge.org","isPartOf":{"@id":"https:\/\/wifi-refuge.org\/de\/#website"},"datePublished":"2016-02-04T18:28:25+00:00","dateModified":"2021-05-29T11:08:08+00:00","breadcrumb":{"@id":"https:\/\/wifi-refuge.org\/de\/erfahrungsberichte\/#breadcrumb"},"inLanguage":"de","potentialAction":[{"@type":"ReadAction","target":["https:\/\/wifi-refuge.org\/de\/erfahrungsberichte\/"]}]},{"@type":"BreadcrumbList","@id":"https:\/\/wifi-refuge.org\/de\/erfahrungsberichte\/#breadcrumb","itemListElement":[{"@type":"ListItem","position":1,"name":"Startseite","item":"https:\/\/wifi-refuge.org\/de\/"},{"@type":"ListItem","position":2,"name":"Berichte von Elektrosensiblen"}]},{"@type":"WebSite","@id":"https:\/\/wifi-refuge.org\/de\/#website","url":"https:\/\/wifi-refuge.org\/de\/","name":"wifi-refuge.org","description":"","potentialAction":[{"@type":"SearchAction","target":{"@type":"EntryPoint","urlTemplate":"https:\/\/wifi-refuge.org\/de\/?s={search_term_string}"},"query-input":{"@type":"PropertyValueSpecification","valueRequired":true,"valueName":"search_term_string"}}],"inLanguage":"de"}]}},"_links":{"self":[{"href":"https:\/\/wifi-refuge.org\/de\/wp-json\/wp\/v2\/pages\/10","targetHints":{"allow":["GET"]}}],"collection":[{"href":"https:\/\/wifi-refuge.org\/de\/wp-json\/wp\/v2\/pages"}],"about":[{"href":"https:\/\/wifi-refuge.org\/de\/wp-json\/wp\/v2\/types\/page"}],"author":[{"embeddable":true,"href":"https:\/\/wifi-refuge.org\/de\/wp-json\/wp\/v2\/users\/1"}],"replies":[{"embeddable":true,"href":"https:\/\/wifi-refuge.org\/de\/wp-json\/wp\/v2\/comments?post=10"}],"version-history":[{"count":39,"href":"https:\/\/wifi-refuge.org\/de\/wp-json\/wp\/v2\/pages\/10\/revisions"}],"predecessor-version":[{"id":1211,"href":"https:\/\/wifi-refuge.org\/de\/wp-json\/wp\/v2\/pages\/10\/revisions\/1211"}],"wp:attachment":[{"href":"https:\/\/wifi-refuge.org\/de\/wp-json\/wp\/v2\/media?parent=10"}],"curies":[{"name":"wp","href":"https:\/\/api.w.org\/{rel}","templated":true}]}}